{"id":972,"date":"2016-04-11T09:47:06","date_gmt":"2016-04-11T07:47:06","guid":{"rendered":"http:\/\/data.si\/hr\/?page_id=972"},"modified":"2024-12-11T10:31:53","modified_gmt":"2024-12-11T09:31:53","slug":"pravno-savjetovanje","status":"publish","type":"page","link":"https:\/\/data.si\/hr\/pravno-savjetovanje\/","title":{"rendered":"Pravno savetovanje i pravne usluge u Sloveniji"},"content":{"rendered":"<div class=\"wpb-content-wrapper\"><p>[vc_row][vc_column width=&#8221;2\/3&#8243;][vc_column_text]Veoma je va\u017eno da se preduzetnici obrate na <strong><a href=\"https:\/\/data.si\/srb\/pravno-savetovanje\/\">pravnike<\/a><\/strong>, koji su stru\u010dnjaci u oblasti migracijskog, privrednog, ugovornog i radnog prava i znaju ponuditi\u00a0adekvatno\u00a0<a href=\"https:\/\/data.si\/srb\/pravnici-date-savetuju\/\"><strong>pravno savetovanje<\/strong><\/a>. Pravo svake zemlje ima svoje odre\u0111ene specifike koje poznavaju i savladaju samo doma\u0107i pravnici i mogu ponuditi stru\u010dno pravno savetovanje. Investicija u pravnika je sigurno jedna od najva\u017enijih investicija za koju se odlu\u010di pojedinac, koji \u017eeli zapo\u010deti poslovanje u Sloveniji.<\/p>\n<h2>U kojim oblastima i procesima mo\u017ee pravnik pomo\u0107i stranom preduzetniku i ponuditi mu pravno savetovanje?<\/h2>\n<ul>\n<li><strong>Pravno savetovanje s podru\u010dja migracijskog prava, sticanje jedinstvene dozvole za boravak i rad<\/strong><\/li>\n<\/ul>\n<p>Preporu\u010dujemo vam, da se za pravno savetovanje obratite na\u0161im pravnim stru\u010dnjacima iz oblasti migracijskog, privrednog, radnog i poreskog prava. Na\u0161i pravnici \u0107e preuzeti odgovornost za zakonitost postupka i za savete koje daju strancu u postupku sticanja dozvole.<\/p>\n<ul>\n<li><strong>Prijava u osiguranje<\/strong><\/li>\n<\/ul>\n<p>Posledice nepravilnog ili neurednog upravljanja procesom poslovne <strong><a href=\"https:\/\/data.si\/srb\/imigracija-u-sloveniju\/\">migracije u Sloveniju (EU)<\/a><\/strong> \u010desto se vide nakon \u0161to je stranac ve\u0107 dobio jedinstvenu dozvolu za boravak i rad. Stranac ima 15 dana, da se prijavi u obavezno socijalno osiguranje. Ako to ne uradi, Administrativna jedinica ima pravo da poni\u0161ti jedinstvenu <strong><a href=\"https:\/\/data.si\/srb\/dozvole-za-boravak-i-rad-u-sloveniji\/\">dozvolu za boravak i rad<\/a><\/strong>. To je samo jedan primer za\u0161to je stru\u010dno pravno savetovanje i upravljanje procesa, sa ispravnim i a\u017euriranim izvorom informacija, neophodno za uspe\u0161nu poslovnu migraciju.<\/p>\n<ul>\n<li><strong>Pravno savetovanje s podru\u010dja radnog prava, zapo\u0161ljavanje i regulisanje radnih odnosa sa zaposlenima<\/strong><\/li>\n<\/ul>\n<p>Podr\u0161ka i pravno savetovanje\u00a0pravnika stranom preduzetniku je neophodna u procesu zapo\u0161ljavanja radnika i regulisanju radnih odnosa izme\u0111u poslodavca i zaposlenih. Radnopravno podru\u010dje je jedno izme\u0111u najosetljivijih podru\u010dja, u kojima adekvatno stru\u010dno obrazovanje pravnika i po\u0161tovanje pravnih propisa su posebnog zna\u010daja. Posledice pogre\u0161nih odluka mogu biti za preduze\u0107e ( poslodavca) mnogo te\u0161ke, jer je radnik posebno za\u0161ti\u0107en. Bitno je da poslodavac ve\u0107 u samom ugovoru o radu navede sva prava i obaveze radnika i u okviru mogu\u0107nosti koje mu nudi zakon, za\u0161titi svoja prava. Pravnik \u0107e tako\u0111e pobrinuti se, da poslodavac ispuni sve svoje obaveze u radnom odnosu sa zaposlenim, usvoji interne propise, ima ure\u0111enu kadrovsku evidenciju, da na vreme pripremi odluku o kori\u0161\u0107enju godi\u0161njeg odmora i da u skladu sa zakonom izvr\u0161i raskid ugovora o radu.<\/p>\n<ul>\n<li><strong>Ugovori sa poslovnim partnerima<\/strong><\/li>\n<\/ul>\n<p>Preduslov za <strong><a href=\"https:\/\/data.si\/srb\/biznis-u-sloveniji\/\">uspe\u0161no poslovanje<\/a><\/strong> su dobri i pa\u017eljivo ure\u0111eni ugovorni odnosi sa poslovnim partnerima. Pravnik \u0107e stranom preduzetniku nuditi pravno savetovanje\u00a0kada sklopiti odre\u0111enu vrstu ugovora, kako u ugovoru navesti sve neophodno i za\u0161tititi svoje interese. Samo sa dobro sastavljenim ugovorom mo\u017ee preduzetnik u slu\u010daju spora sa poslovnim partnerom uva\u017eiti svoja prava.<\/p>\n<p>Ako imate pitanja za na\u0161e pravnike i \u017eelite se naru\u010diti na pravno savetovanje, pi\u0161ite nam na e-mail <a href=\"mailto:data@data.si\">data@data.si<\/a> ili nas nazovite na tel. broj <a href=\"tel:+38616006274\">+386 1 6006 274<\/a> ili Viber <a href=\"viber:\/\/contact?number=38664173023\">+386 64 173 023<\/a>.[\/vc_column_text][vc_cta h2=&#8221;Savjetovanje preduzetnicima u Sloveniji&#8221; style=&#8221;3d&#8221; color=&#8221;orange&#8221; add_button=&#8221;bottom&#8221; btn_title=&#8221;Imate pitanje? Kontaktirajte nas!&#8221; btn_color=&#8221;primary&#8221; btn_i_icon_fontawesome=&#8221;fa fa-paper-plane-o&#8221; btn_skin=&#8221;primary&#8221; btn_link=&#8221;url:https%3A%2F%2Fdata.si%2Fhr%2Fkontakt%2F|||&#8221; btn_add_icon=&#8221;true&#8221; btn_custom_onclick=&#8221;true&#8221;]Stranim preduzetnicima u Sloveniji savjetujemo u ugovaranju, kupovini nekretnina i drugim pravnim postupcima koji bi mogli zbog nepoznavanja slovenskog zakonodavstva izgubiti mnogo vremena i novca.[\/vc_cta][\/vc_column][vc_column width=&#8221;1\/3&#8243;]<div class=\"porto-testimonial wpb_content_element   wpb_custom_4760b66c0cbf51ec9a7673f3785bca75\"><div class=\"testimonial testimonial-style-3\"><blockquote><p>\n<p style=\"line-height: 1.8;\">Besplatno se posavetujte sa nama.<br \/>\n<!-- <i class=\"fa fa-skype\"><\/i> Skype: <a href=\"skype:svetlana.lukic20?call\">svetlana.lukic20<\/a> --><br \/>\n<i class=\"fa fa-phone\"><\/i> Telefon: <a style=\"color: #ffffff;\" href=\"tel:+38616006274\">+386 1 6006 274<\/a><br \/>\n<i class=\"fa fa-phone\"><\/i> Viber: <a style=\"color: #ffffff;\" href=\"viber:\/\/contact?number=38664173023\">+386 64 173 023<\/a><br \/>\n<i class=\"fa fa-envelope\"><\/i> <a style=\"color: #ffffff;\" href=\"mailto:data@data.si\">data@data.si<\/a><\/p>\n<p><\/p><\/blockquote><div class=\"testimonial-arrow-down\"><\/div><div class=\"testimonial-author\"><p><strong><\/strong><span><\/span><\/p><\/div><\/div><\/div>[vc_column_text]<div class=\"frm_forms  with_frm_style frm_style_formidable-style-2\" id=\"frm_form_3_container\" data-token=\"11ffa7d7f80a022e6ec00cea19e161d0\">\n<form enctype=\"multipart\/form-data\" method=\"post\" class=\"frm-show-form  frm_pro_form \" id=\"form_kontakt\" data-token=\"11ffa7d7f80a022e6ec00cea19e161d0\">\n<div class=\"frm_form_fields \">\n<fieldset>\n<div class=\"frm_fields_container\">\n<input type=\"hidden\" name=\"frm_action\" value=\"create\" \/>\n<input type=\"hidden\" name=\"form_id\" value=\"3\" \/>\n<input type=\"hidden\" name=\"frm_hide_fields_3\" id=\"frm_hide_fields_3\" value=\"\" \/>\n<input type=\"hidden\" name=\"form_key\" value=\"kontakt\" \/>\n<input type=\"hidden\" name=\"item_meta[0]\" value=\"\" \/>\n<input type=\"hidden\" id=\"frm_submit_entry_3\" name=\"frm_submit_entry_3\" value=\"58c27bff26\" \/><input type=\"hidden\" name=\"_wp_http_referer\" value=\"\/hr\/wp-json\/wp\/v2\/pages\/972\" \/><div id=\"frm_field_77_container\" class=\"frm_form_field form-field  frm_required_field frm_top_container\">\r\n    <label for=\"field_kmmo3\" id=\"field_kmmo3_label\" class=\"frm_primary_label\">Ime i prezime:\r\n        <span class=\"frm_required\" aria-hidden=\"true\">*<\/span>\r\n    <\/label>\r\n    <input  type=\"text\" id=\"field_kmmo3\" name=\"item_meta[77]\" value=\"\"  data-reqmsg=\"Ovo polje ne smije biti prazno.\" aria-required=\"true\" data-invmsg=\"Text is invalid\" aria-invalid=\"false\"   \/>\r\n    \r\n    \r\n<\/div>\n<div id=\"frm_field_78_container\" class=\"frm_form_field form-field  frm_required_field frm_top_container\">\r\n    <label for=\"field_qhfth\" id=\"field_qhfth_label\" class=\"frm_primary_label\">Email\r\n        <span class=\"frm_required\" aria-hidden=\"true\">*<\/span>\r\n    <\/label>\r\n    <input type=\"email\" id=\"field_qhfth\" name=\"item_meta[78]\" value=\"\"  data-reqmsg=\"Ovo polje ne smije biti prazno.\" aria-required=\"true\" data-invmsg=\"Unesite valjanu adresu e-po\u0161te.\" aria-invalid=\"false\"  \/>\r\n    \r\n    \r\n<\/div>\n<div id=\"frm_field_84_container\" class=\"frm_form_field form-field  frm_top_container\">\r\n    <label for=\"field_d18kv\" id=\"field_d18kv_label\" class=\"frm_primary_label\">Telefon\r\n        <span class=\"frm_required\" aria-hidden=\"true\"><\/span>\r\n    <\/label>\r\n    <input  type=\"text\" id=\"field_d18kv\" name=\"item_meta[84]\" value=\"\"  data-invmsg=\"Text is invalid\" aria-invalid=\"false\"   \/>\r\n    \r\n    \r\n<\/div>\n<div id=\"frm_field_80_container\" class=\"frm_form_field form-field  frm_required_field frm_top_container frm_full\">\r\n    <label for=\"field_fci8f\" id=\"field_fci8f_label\" class=\"frm_primary_label\">Va\u0161a poruka\r\n        <span class=\"frm_required\" aria-hidden=\"true\">*<\/span>\r\n    <\/label>\r\n    <textarea name=\"item_meta[80]\" id=\"field_fci8f\" rows=\"5\"  data-reqmsg=\"Ovo polje ne mo\u017ee biti prazno.\" aria-required=\"true\" data-invmsg=\"Tekst je neva\u017ee\u0107i.\" aria-invalid=\"false\"  ><\/textarea>\r\n    \r\n    \r\n<\/div>\n<div id=\"frm_field_81_container\" class=\"frm_form_field form-field  frm_required_field frm_top_container vertical_radio\">\r\n    <div  id=\"field_pubtb_label\" class=\"frm_primary_label\">Potvrdite:\r\n        <span class=\"frm_required\" aria-hidden=\"true\">*<\/span>\r\n    <\/div>\r\n    <div class=\"frm_opt_container\" aria-labelledby=\"field_pubtb_label\" role=\"group\">\t\t<div class=\"frm_checkbox\" id=\"frm_checkbox_81-0\">\t\t\t<label  for=\"field_pubtb-0\">\n\t\t\t<input type=\"checkbox\" name=\"item_meta[81][]\" id=\"field_pubtb-0\" value=\"Sa klikom na dugme &#039;Po\u0161aljite poruku&#039; se sla\u017eem, da DATA d.o.o. poslate li\u010dne podatke sakuplja i obra\u0111uje za namere izvo\u0111enja naru\u010denih usluga.\"  data-reqmsg=\"Potvrdite: cannot be blank.\" data-invmsg=\"Potvrdite: is invalid\" aria-invalid=\"false\"   aria-required=\"true\"  \/> Sa klikom na dugme 'Po\u0161aljite poruku' se sla\u017eem, da DATA d.o.o. poslate li\u010dne podatke sakuplja i obra\u0111uje za namere izvo\u0111enja naru\u010denih usluga.<\/label><\/div>\n<\/div>\r\n    \r\n    \r\n<\/div>\n<div id=\"frm_field_83_container\" class=\"frm_form_field form-field  frm_top_container vertical_radio\">\r\n    <div  id=\"field_3dynv_label\" class=\"frm_primary_label\">E-novosti\r\n        <span class=\"frm_required\" aria-hidden=\"true\"><\/span>\r\n    <\/div>\r\n    <div class=\"frm_opt_container\" aria-labelledby=\"field_3dynv_label\" role=\"group\">\t\t<div class=\"frm_checkbox\" id=\"frm_checkbox_83-0\">\t\t\t<label  for=\"field_3dynv-0\">\n\t\t\t<input type=\"checkbox\" name=\"item_meta[83][]\" id=\"field_3dynv-0\" value=\"Sa klikom na dugme &#039;Po\u0161aljite poruku&#039; se sla\u017eem, da DATA d.o.o. poslate li\u010dne podatke sakuplja i obra\u0111uje za namere slanja e-novosti.\"  data-invmsg=\"E-novosti is invalid\" aria-invalid=\"false\"   \/> Sa klikom na dugme 'Po\u0161aljite poruku' se sla\u017eem, da DATA d.o.o. poslate li\u010dne podatke sakuplja i obra\u0111uje za namere slanja e-novosti.<\/label><\/div>\n<\/div>\r\n    \r\n    \r\n<\/div>\n<input type=\"hidden\" name=\"item_meta[82]\" id=\"field_damsk\" value=\"972Pravno savetovanje i pravne usluge u Sloveniji\"  data-frmval=\"972Pravno savetovanje i pravne usluge u Sloveniji\"   \/>\n<div id=\"frm_field_106_container\" class=\"frm_form_field form-field \">\r\n\t<div class=\"frm_submit\">\r\n\r\n<button class=\"frm_button_submit frm_final_submit\" type=\"submit\"   formnovalidate=\"formnovalidate\">Po\u0161alji poruku<\/button>\r\n\r\n\r\n<\/div>\r\n<\/div>\n\t<input type=\"hidden\" name=\"item_key\" value=\"\" \/>\n\t\t\t<div id=\"frm_field_302_container\">\n\t\t\t<label for=\"field_v9avg\" >\n\t\t\t\tIf you are human, leave this field blank.\t\t\t<\/label>\n\t\t\t<input  id=\"field_v9avg\" type=\"text\" class=\"frm_form_field form-field frm_verify\" name=\"item_meta[302]\" value=\"\"  \/>\n\t\t<\/div>\n\t\t<input name=\"frm_state\" type=\"hidden\" value=\"9Sv5Evlzc5T908IhcfV9rZ\/8rioqYi1ryxzhshKaNmbCzJtLXLfn9NIblfG41yj6\" \/><\/div>\n<\/fieldset>\n<\/div>\n\n<p style=\"display: none !important;\" class=\"akismet-fields-container\" data-prefix=\"ak_\"><label>&#916;<textarea name=\"ak_hp_textarea\" cols=\"45\" rows=\"8\" maxlength=\"100\"><\/textarea><\/label><input type=\"hidden\" id=\"ak_js_1\" name=\"ak_js\" value=\"82\"\/><script>document.getElementById( \"ak_js_1\" ).setAttribute( \"value\", ( new Date() ).getTime() );<\/script><\/p><\/form>\n<\/div>\n[\/vc_column_text][\/vc_column][\/vc_row]<\/p>\n<\/div>","protected":false},"excerpt":{"rendered":"<p>[vc_row][vc_column width=&#8221;2\/3&#8243;][vc_column_text]Veoma je va\u017eno da se preduzetnici obrate na pravnike, koji su stru\u010dnjaci u oblasti migracijskog, privrednog, ugovornog i radnog prava i znaju ponuditi\u00a0adekvatno\u00a0pravno savetovanje. Pravo svake zemlje ima svoje odre\u0111ene specifike koje poznavaju i savladaju samo doma\u0107i pravnici i mogu ponuditi stru\u010dno pravno savetovanje. Investicija u pravnika je sigurno jedna od najva\u017enijih investicija za [&hellip;]<\/p>\n","protected":false},"author":1,"featured_media":0,"parent":0,"menu_order":0,"comment_status":"closed","ping_status":"closed","template":"","meta":{"footnotes":""},"yst_prominent_words":[],"class_list":["post-972","page","type-page","status-publish","hentry"],"_links":{"self":[{"href":"https:\/\/data.si\/hr\/wp-json\/wp\/v2\/pages\/972","targetHints":{"allow":["GET"]}}],"collection":[{"href":"https:\/\/data.si\/hr\/wp-json\/wp\/v2\/pages"}],"about":[{"href":"https:\/\/data.si\/hr\/wp-json\/wp\/v2\/types\/page"}],"author":[{"embeddable":true,"href":"https:\/\/data.si\/hr\/wp-json\/wp\/v2\/users\/1"}],"replies":[{"embeddable":true,"href":"https:\/\/data.si\/hr\/wp-json\/wp\/v2\/comments?post=972"}],"version-history":[{"count":52,"href":"https:\/\/data.si\/hr\/wp-json\/wp\/v2\/pages\/972\/revisions"}],"predecessor-version":[{"id":21346,"href":"https:\/\/data.si\/hr\/wp-json\/wp\/v2\/pages\/972\/revisions\/21346"}],"wp:attachment":[{"href":"https:\/\/data.si\/hr\/wp-json\/wp\/v2\/media?parent=972"}],"wp:term":[{"taxonomy":"yst_prominent_words","embeddable":true,"href":"https:\/\/data.si\/hr\/wp-json\/wp\/v2\/yst_prominent_words?post=972"}],"curies":[{"name":"wp","href":"https:\/\/api.w.org\/{rel}","templated":true}]}}