{"id":97,"date":"2016-03-08T09:36:13","date_gmt":"2016-03-08T08:36:13","guid":{"rendered":"http:\/\/data.si\/hr\/?page_id=97"},"modified":"2024-12-11T10:18:58","modified_gmt":"2024-12-11T09:18:58","slug":"drustvo-sa-ogranicenom-odgovornoscu","status":"publish","type":"page","link":"https:\/\/data.si\/hr\/kompletna-podrska-u-otvaranju-firme\/drustvo-sa-ogranicenom-odgovornoscu\/","title":{"rendered":"Dru\u0161tvo sa ograni\u010denom odgovorno\u0161\u0107u u Sloveniji"},"content":{"rendered":"<div class=\"wpb-content-wrapper\"><p>[vc_row][vc_column width=&#8221;2\/3&#8243;][vc_column_text]<\/p>\n<h2>Dru\u0161tvo\u00a0sa ograni\u010denom odgovorno\u0161\u0107u (d. o. o.) u Sloveniji &#8211; proces otvaranja<\/h2>\n<p>Naj\u010de\u0161\u0107i statusno pravni oblik u Sloveniji je <strong><a href=\"https:\/\/data.si\/srb\/otvaranje-firme\/\">dru\u0161tvo sa ograni\u010denom odgovorno\u0161\u0107u (d.o.o.)<\/a><\/strong>.\u00a0Dru\u0161tvo sa ograni\u010denom odgovorno\u0161\u0107u mo\u017ee imati jednog ili vi\u0161e osniva\u010da i jednog ili vi\u0161e direktora. Osniva\u010dki kapital je 7.500 EUR.<\/p>\n<h2>Informacije o postupku registracije\u00a0dru\u0161tva sa ograni\u010denom odgovorno\u0161\u0107u<\/h2>\n<p>Za vas pripremimo sve potrebne dokumente na osnovu punomo\u0107ja, rezervi\u0161emo ime\u00a0za va\u0161e dru\u0161tvo sa ograni\u010denom odgovorno\u0161\u0107u i\u00a0nudimo vam <strong><a title=\"Poslovna adresa u Sloveniji\" href=\"https:\/\/data.si\/hr\/poslovna-adresa\/\">poslovnu adresu<\/a><\/strong>\u00a0i u te svrhe spremamo overenu izjavu vlasnika prostora poslovne adrese koja je obavezan deo dokumentacije u <strong><a href=\"https:\/\/data.si\/hr\/kompletna-podrska-u-otvaranju-firme\/\">postupku registracije preduze\u0107a<\/a><\/strong> na SPOT Registracija ta\u010dki.<\/p>\n<p><strong><a href=\"https:\/\/data.si\/srb\/kljucne-tacke-prilikom-otvaranja-firme-u-sloveniji\/\">Registracija preduze\u0107a<\/a><\/strong> (dru\u0161tvo sa ograni\u010denom odgovorno\u0161\u0107u) na ta\u010dki SPOT Registracija je besplatan postupak.<\/p>\n<p>Na\u0161 SPOT Registracija savetnik pripremi osniva\u010dki akt za va\u0161e <strong><a href=\"https:\/\/data.si\/srb\/korak-po-korak-kroz-otvaranje-firme-u-slovenije\/\">dru\u0161tvo sa ograni\u010denom odgovorno\u0161\u0107u<\/a><\/strong>, odluke i izjave sa kojima idete u banku gde otvarate privremeni <a href=\"https:\/\/data.si\/hr\/bankovni-racun-firme-republici-sloveniji\/\">poslovni ra\u010dun<\/a> i polo\u017eite minimalni po\u010detni kapital u iznosu 7.500 eura. Na\u0161 SPOT Registracija savetnik prosle\u0111uje potvrdu o depozitu kapitala zajedno sa ostalom dokumentacijom sudu, koji donosi odluku u cca. 7 radnih dana od prijema potpune dokumentacije.<\/p>\n<p>Nakon registracije preduze\u0107a promenite u banci privremeni ra\u010dun u poslovni i po\u010dinjete sa poslovanjem.<\/p>\n<h2>Rezervacija imena na ta\u010dki SPOT Registracija Data<\/h2>\n<p>Naziv preduze\u0107a (dru\u0161tvo sa ograni\u010denom odgovorno\u0161\u0107u)\u00a0mo\u017ee sadr\u017eavati strane re\u010di i strana slova, a na slovena\u010dkom jeziku mora biti sastavni deo naziva koji odre\u0111uje aktivnost preduze\u0107a i oznaku (dru\u0161tvo s ograni\u010denom odgovorno\u0161\u0107u, samostalni preduzetnik\u2026). Dodatni sastojci naziva preduze\u0107a mogu sadr\u017eavati i slova strane abecede: X, Y, W, Q. Preduzetnici mogu na takav na\u010din lak\u0161e u\u0107i na strana tr\u017ei\u0161ta jer mo\u017ee ime preduze\u0107a biti na jeziku tr\u017ei\u0161ta na koje ciljaju.<\/p>\n<p>Ako naziv preduze\u0107a sadr\u017ei domenu, gde je sufiks domene \u00bbSI\u00ab, nije potrebna saglasnost Vlade Republike Slovenije.<\/p>\n<p>Tako\u0111e postoje odre\u0111ena ograni\u010denja u izboru imena za <strong><a href=\"https:\/\/data.si\/hr\/osnivanje-preduzeca-u-sloveniji-biznis-u-eu\/\">dru\u0161tvo sa ograni\u010denom odgovorno\u0161\u0107u<\/a><\/strong>:<\/p>\n<ul>\n<li>ime ne sme sadr\u017eavati imena i simbole stranih dr\u017eava ili me\u0111unarodnih organizacija<\/li>\n<li>dozvola Vlade Republike Slovenije odnosno nadle\u017enog organa lokalne samouprave je tako\u0111e neophodna ako \u017eelite u nazivu preduze\u0107a koristiti re\u0107i koje karakteriziraju dr\u017eavu ili samouopravne lokalne zajednice,<\/li>\n<li>ime i prezime ili pseudonim istorijskem ili druge poznate osobe dozvoljeno je koristiti u imenu preduze\u0107a samo s odobrenjem rodbine i <a title=\"Ministarstvo javne uprave u Sloveniji\" href=\"http:\/\/www.mju.gov.si\/\" target=\"_blank\" rel=\"noopener noreferrer\">Ministarstva javne uprave<\/a> ako je osoba mrtva,<\/li>\n<li>ime preduze\u0107a ne sme sadr\u017eavati rije\u010di i znakove koji su u suprotnosti s zakonom ili moralom, sadr\u017eavaju za\u0161titne marke ili imitiraju slu\u017ebene oznake.<\/li>\n<\/ul>\n<h2>Rezervacija imena preduze\u0107a uz na\u0161u podr\u0161ku<\/h2>\n<p>Odlu\u010dite se za rezervaciju imena preduze\u0107a na na\u0161oj <strong><a href=\"http:\/\/evem.gov.si\/evem\/drzavljani\/zacetna.evem\">SPOT Registracija ta\u010dki<\/a><\/strong> i zajedno s na\u0161im konsultantima odaberite ime za dru\u0161tvo sa ograni\u010denom odgovorno\u0161\u0107u\u00a0koje \u0107e biti u skladu sa zakonom, atraktivno i prepoznatljivo za va\u0161e klijente i poslovne partnere.<\/p>\n<p><strong>Kod nas mo\u017eete na jednom mestu srediti sve \u0161to vam je potrebno za va\u0161e poslovanje u Sloveniji.<\/strong>[\/vc_column_text][\/vc_column][vc_column width=&#8221;1\/3&#8243;]<div class=\"porto-testimonial wpb_content_element   wpb_custom_4760b66c0cbf51ec9a7673f3785bca75\"><div class=\"testimonial testimonial-style-3\"><blockquote><p>\n<p style=\"line-height: 1.8;\">Besplatno se posavetujte sa nama.<br \/>\n<!-- <i class=\"fa fa-skype\"><\/i> Skype: <a href=\"skype:svetlana.lukic20?call\">svetlana.lukic20<\/a> --><br \/>\n<i class=\"fa fa-phone\"><\/i> Telefon: <a style=\"color: #ffffff;\" href=\"tel:+38616006274\">+386 1 6006 274<\/a><br \/>\n<i class=\"fa fa-phone\"><\/i> Viber: <a style=\"color: #ffffff;\" href=\"viber:\/\/contact?number=38664173023\">+386 64 173 023<\/a><br \/>\n<i class=\"fa fa-envelope\"><\/i> <a style=\"color: #ffffff;\" href=\"mailto:data@data.si\">data@data.si<\/a><\/p>\n<p><\/p><\/blockquote><div class=\"testimonial-arrow-down\"><\/div><div class=\"testimonial-author\"><p><strong><\/strong><span><\/span><\/p><\/div><\/div><\/div>[vc_column_text]<div class=\"frm_forms  with_frm_style frm_style_formidable-style-2\" id=\"frm_form_3_container\" data-token=\"71efd1d4e636a212096f4d5f6b753188\">\n<form enctype=\"multipart\/form-data\" method=\"post\" class=\"frm-show-form  frm_pro_form \" id=\"form_kontakt\" data-token=\"71efd1d4e636a212096f4d5f6b753188\">\n<div class=\"frm_form_fields \">\n<fieldset>\n<div class=\"frm_fields_container\">\n<input type=\"hidden\" name=\"frm_action\" value=\"create\" \/>\n<input type=\"hidden\" name=\"form_id\" value=\"3\" \/>\n<input type=\"hidden\" name=\"frm_hide_fields_3\" id=\"frm_hide_fields_3\" value=\"\" \/>\n<input type=\"hidden\" name=\"form_key\" value=\"kontakt\" \/>\n<input type=\"hidden\" name=\"item_meta[0]\" value=\"\" \/>\n<input type=\"hidden\" id=\"frm_submit_entry_3\" name=\"frm_submit_entry_3\" value=\"bbc79e3274\" \/><input type=\"hidden\" name=\"_wp_http_referer\" value=\"\/hr\/wp-json\/wp\/v2\/pages\/97\" \/><div id=\"frm_field_77_container\" class=\"frm_form_field form-field  frm_required_field frm_top_container\">\r\n    <label for=\"field_kmmo3\" id=\"field_kmmo3_label\" class=\"frm_primary_label\">Ime i prezime:\r\n        <span class=\"frm_required\" aria-hidden=\"true\">*<\/span>\r\n    <\/label>\r\n    <input  type=\"text\" id=\"field_kmmo3\" name=\"item_meta[77]\" value=\"\"  data-reqmsg=\"Ovo polje ne smije biti prazno.\" aria-required=\"true\" data-invmsg=\"Text is invalid\" aria-invalid=\"false\"   \/>\r\n    \r\n    \r\n<\/div>\n<div id=\"frm_field_78_container\" class=\"frm_form_field form-field  frm_required_field frm_top_container\">\r\n    <label for=\"field_qhfth\" id=\"field_qhfth_label\" class=\"frm_primary_label\">Email\r\n        <span class=\"frm_required\" aria-hidden=\"true\">*<\/span>\r\n    <\/label>\r\n    <input type=\"email\" id=\"field_qhfth\" name=\"item_meta[78]\" value=\"\"  data-reqmsg=\"Ovo polje ne smije biti prazno.\" aria-required=\"true\" data-invmsg=\"Unesite valjanu adresu e-po\u0161te.\" aria-invalid=\"false\"  \/>\r\n    \r\n    \r\n<\/div>\n<div id=\"frm_field_84_container\" class=\"frm_form_field form-field  frm_top_container\">\r\n    <label for=\"field_d18kv\" id=\"field_d18kv_label\" class=\"frm_primary_label\">Telefon\r\n        <span class=\"frm_required\" aria-hidden=\"true\"><\/span>\r\n    <\/label>\r\n    <input  type=\"text\" id=\"field_d18kv\" name=\"item_meta[84]\" value=\"\"  data-invmsg=\"Text is invalid\" aria-invalid=\"false\"   \/>\r\n    \r\n    \r\n<\/div>\n<div id=\"frm_field_80_container\" class=\"frm_form_field form-field  frm_required_field frm_top_container frm_full\">\r\n    <label for=\"field_fci8f\" id=\"field_fci8f_label\" class=\"frm_primary_label\">Va\u0161a poruka\r\n        <span class=\"frm_required\" aria-hidden=\"true\">*<\/span>\r\n    <\/label>\r\n    <textarea name=\"item_meta[80]\" id=\"field_fci8f\" rows=\"5\"  data-reqmsg=\"Ovo polje ne mo\u017ee biti prazno.\" aria-required=\"true\" data-invmsg=\"Tekst je neva\u017ee\u0107i.\" aria-invalid=\"false\"  ><\/textarea>\r\n    \r\n    \r\n<\/div>\n<div id=\"frm_field_81_container\" class=\"frm_form_field form-field  frm_required_field frm_top_container vertical_radio\">\r\n    <div  id=\"field_pubtb_label\" class=\"frm_primary_label\">Potvrdite:\r\n        <span class=\"frm_required\" aria-hidden=\"true\">*<\/span>\r\n    <\/div>\r\n    <div class=\"frm_opt_container\" aria-labelledby=\"field_pubtb_label\" role=\"group\">\t\t<div class=\"frm_checkbox\" id=\"frm_checkbox_81-0\">\t\t\t<label  for=\"field_pubtb-0\">\n\t\t\t<input type=\"checkbox\" name=\"item_meta[81][]\" id=\"field_pubtb-0\" value=\"Sa klikom na dugme &#039;Po\u0161aljite poruku&#039; se sla\u017eem, da DATA d.o.o. poslate li\u010dne podatke sakuplja i obra\u0111uje za namere izvo\u0111enja naru\u010denih usluga.\"  data-reqmsg=\"Potvrdite: cannot be blank.\" data-invmsg=\"Potvrdite: is invalid\" aria-invalid=\"false\"   aria-required=\"true\"  \/> Sa klikom na dugme 'Po\u0161aljite poruku' se sla\u017eem, da DATA d.o.o. poslate li\u010dne podatke sakuplja i obra\u0111uje za namere izvo\u0111enja naru\u010denih usluga.<\/label><\/div>\n<\/div>\r\n    \r\n    \r\n<\/div>\n<div id=\"frm_field_83_container\" class=\"frm_form_field form-field  frm_top_container vertical_radio\">\r\n    <div  id=\"field_3dynv_label\" class=\"frm_primary_label\">E-novosti\r\n        <span class=\"frm_required\" aria-hidden=\"true\"><\/span>\r\n    <\/div>\r\n    <div class=\"frm_opt_container\" aria-labelledby=\"field_3dynv_label\" role=\"group\">\t\t<div class=\"frm_checkbox\" id=\"frm_checkbox_83-0\">\t\t\t<label  for=\"field_3dynv-0\">\n\t\t\t<input type=\"checkbox\" name=\"item_meta[83][]\" id=\"field_3dynv-0\" value=\"Sa klikom na dugme &#039;Po\u0161aljite poruku&#039; se sla\u017eem, da DATA d.o.o. poslate li\u010dne podatke sakuplja i obra\u0111uje za namere slanja e-novosti.\"  data-invmsg=\"E-novosti is invalid\" aria-invalid=\"false\"   \/> Sa klikom na dugme 'Po\u0161aljite poruku' se sla\u017eem, da DATA d.o.o. poslate li\u010dne podatke sakuplja i obra\u0111uje za namere slanja e-novosti.<\/label><\/div>\n<\/div>\r\n    \r\n    \r\n<\/div>\n<input type=\"hidden\" name=\"item_meta[82]\" id=\"field_damsk\" value=\"97Dru\u0161tvo sa ograni\u010denom odgovorno\u0161\u0107u u Sloveniji\"  data-frmval=\"97Dru\u0161tvo sa ograni\u010denom odgovorno\u0161\u0107u u Sloveniji\"   \/>\n<div id=\"frm_field_106_container\" class=\"frm_form_field form-field \">\r\n\t<div class=\"frm_submit\">\r\n\r\n<button class=\"frm_button_submit frm_final_submit\" type=\"submit\"   formnovalidate=\"formnovalidate\">Po\u0161alji poruku<\/button>\r\n\r\n\r\n<\/div>\r\n<\/div>\n\t<input type=\"hidden\" name=\"item_key\" value=\"\" \/>\n\t\t\t<div id=\"frm_field_302_container\">\n\t\t\t<label for=\"field_czmpt\" >\n\t\t\t\tIf you are human, leave this field blank.\t\t\t<\/label>\n\t\t\t<input  id=\"field_czmpt\" type=\"text\" class=\"frm_form_field form-field frm_verify\" name=\"item_meta[302]\" value=\"\"  \/>\n\t\t<\/div>\n\t\t<input name=\"frm_state\" type=\"hidden\" value=\"9Sv5Evlzc5T908IhcfV9rcxr0e09MpJxjL\/J7lFUhySDpLgrq9+Tve6eT9PvRmSe\" \/><\/div>\n<\/fieldset>\n<\/div>\n\n<p style=\"display: none !important;\" class=\"akismet-fields-container\" data-prefix=\"ak_\"><label>&#916;<textarea name=\"ak_hp_textarea\" cols=\"45\" rows=\"8\" maxlength=\"100\"><\/textarea><\/label><input type=\"hidden\" id=\"ak_js_1\" name=\"ak_js\" value=\"238\"\/><script>document.getElementById( \"ak_js_1\" ).setAttribute( \"value\", ( new Date() ).getTime() );<\/script><\/p><\/form>\n<\/div>\n[\/vc_column_text][vc_column_text css=&#8221;.vc_custom_1467208793345{padding-top: 15px !important;}&#8221;][\/vc_column_text]<div class=\"porto-testimonial wpb_content_element   wpb_custom_4760b66c0cbf51ec9a7673f3785bca75\"><div class=\"testimonial testimonial-style-3\"><blockquote><p>Svakog klijenta primim sa zanimanjem i zadovoljstvom jer nastojim da u samom procesu registracije preduze\u0107a koja je prvi kamen temeljac za poslovni uspijeh, upoznam preduzetnika i njegovu pri\u010du.<\/p><\/blockquote><div class=\"testimonial-arrow-down\"><\/div><div class=\"testimonial-author\"><p><strong><\/strong><span><\/span><\/p><\/div><\/div><\/div>[\/vc_column][\/vc_row][vc_row el_class=&#8221;bih-cta&#8221; css=&#8221;.vc_custom_1458304782656{margin-bottom: 25px !important;}&#8221;][vc_column][vc_cta h2=&#8221;Zatra\u017eite ponudo!&#8221; style=&#8221;3d&#8221; color=&#8221;orange&#8221; add_button=&#8221;bottom&#8221; btn_title=&#8221;Imate pitanje? Kontaktirajte nas!&#8221; btn_color=&#8221;primary&#8221; btn_i_icon_fontawesome=&#8221;fa fa-comments-o&#8221; btn_skin=&#8221;primary&#8221; btn_link=&#8221;url:https%3A%2F%2Fdata.si%2Fhr%2Fkontakt%2F|||&#8221; btn_add_icon=&#8221;true&#8221; btn_custom_onclick=&#8221;true&#8221;]Pakete prilagodimo \u017eeljama na\u0161ih klijenata zato vam predla\u017eemo, da nam po\u0161aljete upit na e-mail\u00a0<a href=\"mailto:data@data.si\">data@data.si<\/a> ili nas nazovete na telefonski broj +\u00a0386 (0)1 6001 542 i zatra\u017eite svoju ponudu.[\/vc_cta][\/vc_column][\/vc_row]<\/p>\n<\/div>","protected":false},"excerpt":{"rendered":"<p>[vc_row][vc_column width=&#8221;2\/3&#8243;][vc_column_text] Dru\u0161tvo\u00a0sa ograni\u010denom odgovorno\u0161\u0107u (d. o. o.) u Sloveniji &#8211; proces otvaranja Naj\u010de\u0161\u0107i statusno pravni oblik u Sloveniji je dru\u0161tvo sa ograni\u010denom odgovorno\u0161\u0107u (d.o.o.).\u00a0Dru\u0161tvo sa ograni\u010denom odgovorno\u0161\u0107u mo\u017ee imati jednog ili vi\u0161e osniva\u010da i jednog ili vi\u0161e direktora. Osniva\u010dki kapital je 7.500 EUR. Informacije o postupku registracije\u00a0dru\u0161tva sa ograni\u010denom odgovorno\u0161\u0107u Za vas pripremimo sve [&hellip;]<\/p>\n","protected":false},"author":1,"featured_media":0,"parent":5,"menu_order":0,"comment_status":"closed","ping_status":"closed","template":"","meta":{"footnotes":""},"yst_prominent_words":[528,511,508,301,294,518,505,527,516,510,302,524,535,522,539,541,529,513,532,521],"class_list":["post-97","page","type-page","status-publish","hentry"],"_links":{"self":[{"href":"https:\/\/data.si\/hr\/wp-json\/wp\/v2\/pages\/97","targetHints":{"allow":["GET"]}}],"collection":[{"href":"https:\/\/data.si\/hr\/wp-json\/wp\/v2\/pages"}],"about":[{"href":"https:\/\/data.si\/hr\/wp-json\/wp\/v2\/types\/page"}],"author":[{"embeddable":true,"href":"https:\/\/data.si\/hr\/wp-json\/wp\/v2\/users\/1"}],"replies":[{"embeddable":true,"href":"https:\/\/data.si\/hr\/wp-json\/wp\/v2\/comments?post=97"}],"version-history":[{"count":57,"href":"https:\/\/data.si\/hr\/wp-json\/wp\/v2\/pages\/97\/revisions"}],"predecessor-version":[{"id":21342,"href":"https:\/\/data.si\/hr\/wp-json\/wp\/v2\/pages\/97\/revisions\/21342"}],"up":[{"embeddable":true,"href":"https:\/\/data.si\/hr\/wp-json\/wp\/v2\/pages\/5"}],"wp:attachment":[{"href":"https:\/\/data.si\/hr\/wp-json\/wp\/v2\/media?parent=97"}],"wp:term":[{"taxonomy":"yst_prominent_words","embeddable":true,"href":"https:\/\/data.si\/hr\/wp-json\/wp\/v2\/yst_prominent_words?post=97"}],"curies":[{"name":"wp","href":"https:\/\/api.w.org\/{rel}","templated":true}]}}