{"id":87,"date":"2016-03-08T09:16:28","date_gmt":"2016-03-08T08:16:28","guid":{"rendered":"http:\/\/data.si\/hr\/?page_id=87"},"modified":"2024-12-11T10:08:30","modified_gmt":"2024-12-11T09:08:30","slug":"samostalni-preduzetnik","status":"publish","type":"page","link":"https:\/\/data.si\/hr\/kompletna-podrska-u-otvaranju-firme\/samostalni-preduzetnik\/","title":{"rendered":"Samostalni preduzetnik u Republici Sloveniji"},"content":{"rendered":"<div class=\"wpb-content-wrapper\"><p>[vc_row][vc_column width=&#8221;2\/3&#8243;][vc_column_text]<\/p>\n<h2>Kako postati samostalni preduzetnik u Sloveniji?<\/h2>\n<p>Samostalni preduzetnik je\u00a0fizi\u010dko lice\u00a0koje samostalno i pod svojim imenom obavlja dopu\u0161tene registrovane delatnosti u osnovnom i dopunskom zanimanju u cilju postizanja dobiti.<\/p>\n<p>Za registraciju samostalnog preduzetnika ne treba vam osnovni kapital.\u00a0<strong><a href=\"https:\/\/data.si\/hr\/\">Postupak registracije<\/a><\/strong> S.P. (samostalni preduzetnik)\u00a0izvr\u0161i se u 1-3 radna dana.<\/p>\n<p>Dr\u017eavljanima Evropske Unije koji \u017eele postati samostalni preduzetnik u Sloveniji potreban je slovena\u010dki poreski broj i jedinstveni mati\u010dni broj (EM\u0160O) za koje moraju podneti zahtev nadle\u017enim slovena\u010dkim institucijama. U samom procesu registracije S.P. (samostalni preduzetnik) na SPOT Registracija ta\u010dki je obavezna identifikacija sa va\u017ee\u0107im li\u010dnim dokumentom. Tako\u0111e je potrebno imati potpisanu i overenu izjavu vlasnika objekta gdje planirate registrovati va\u0161 S.P.<\/p>\n<p><strong><a href=\"https:\/\/data.si\/srb\/\">Dr\u017eavljani dr\u017eava koje nisu \u010dlanice Evropske Unije<\/a><\/strong> mogu nakon godinu dana boravka u Sloveniji zatra\u017eiti dozvolu za boravak i rad za samozapo\u0161ljavanje i postati samostalni preduzetnici u Sloveniji.<\/p>\n<p>Data d.o.o. vam nudi kompletnu uslugu u procesu registracije s.p., <strong><a title=\"Otvaranje firme d.o.o. u Sloveniji\" href=\"https:\/\/data.si\/hr\/otvarajne-firme\/drustvo-sa-ogranicenom-odgovornoscu\/\">d.o.o.<\/a>,<\/strong> <a title=\"Otvaranje podru\u017enice u Sloveniji\" href=\"https:\/\/data.si\/hr\/otvaranje-podruznice-u-sloveniji\/\"><strong>podru\u017enice<\/strong> u Sloveniji<\/a> i u daljem poslovanju va\u0161eg preduze\u0107a.[\/vc_column_text][vc_column_text]<\/p>\n<h3>Razlika izme\u0111u s.p. (samostalni preduzetnik pojedinac) i d.o.o. (dru\u0161tvo sa ograni\u010denom odgovorno\u0161\u0107u):<\/h3>\n<table class=\"porto-table\" width=\"100%\">\n<thead>\n<tr>\n<th><\/th>\n<th>S. P.<\/th>\n<th>D. O. O.<\/th>\n<\/tr>\n<\/thead>\n<tbody>\n<tr>\n<td>Li\u010dna odgovornost<\/td>\n<td>DA (odgovarate svojom imovinom)<\/td>\n<td>NE (odgovarate osnovnim kapitalom, odnosno kapitalom preduze\u0107a)<\/td>\n<\/tr>\n<tr>\n<td>Osnovni kapital<\/td>\n<td>Nije potreban<\/td>\n<td>7.500 \u20ac (mo\u017ee u gotovini, sredstvima ili kombinovano).<\/td>\n<\/tr>\n<tr>\n<td>Porez<\/td>\n<td>16 %, 27 %, 34 %, 39 %, 50 % (poreska skala)<\/td>\n<td>Porez na dobit \u2013 19 %<\/td>\n<\/tr>\n<tr>\n<td>Vo\u0111enje poslovnih knjiga<\/td>\n<td>Normirani tro\u0161kovi (80 %)<br \/>\nJednostavno knjigovodstvo<br \/>\nDvostavno knjigovodstvo<\/td>\n<td>Normirani tro\u0161kovi (80 %)<br \/>\nDvostavno knjigovodstvo<\/td>\n<\/tr>\n<\/tbody>\n<\/table>\n<p>[\/vc_column_text][vc_cta h2=&#8221;Ta\u010dka SPOT Registracija Data d. o. o.&#8221; style=&#8221;3d&#8221; color=&#8221;orange&#8221; add_button=&#8221;bottom&#8221; btn_title=&#8221;Imate pitanje? Kontaktirajte nas!&#8221; btn_color=&#8221;primary&#8221; btn_i_icon_fontawesome=&#8221;fa fa-paper-plane-o&#8221; btn_skin=&#8221;primary&#8221; btn_link=&#8221;url:https%3A%2F%2Fdata.si%2Fhr%2Fkontakt%2F|||&#8221; btn_add_icon=&#8221;true&#8221; btn_custom_onclick=&#8221;true&#8221; el_class=&#8221;bih-cta&#8221;]Registraciju S.P. mo\u017eete obaviti kod nas besplatno. Pi\u0161ite nam na e-mail <a href=\"mailto:data@data.si\">data@data.si<\/a>\u00a0ili nazovite na +386 (0)1 6006 274.[\/vc_cta][\/vc_column][vc_column width=&#8221;1\/3&#8243;]<div class=\"porto-testimonial wpb_content_element   wpb_custom_4760b66c0cbf51ec9a7673f3785bca75\"><div class=\"testimonial testimonial-style-3\"><blockquote><p>\n<p style=\"line-height: 1.8;\">Besplatno se posavetujte sa nama.<br \/>\n<!-- <i class=\"fa fa-skype\"><\/i> Skype: <a href=\"skype:svetlana.lukic20?call\">svetlana.lukic20<\/a> --><br \/>\n<i class=\"fa fa-phone\"><\/i> Telefon: <a style=\"color: #ffffff;\" href=\"tel:+38616006274\">+386 1 6006 274<\/a><br \/>\n<i class=\"fa fa-phone\"><\/i> Viber: <a style=\"color: #ffffff;\" href=\"viber:\/\/contact?number=38664173023\">+386 64 173 023<\/a><br \/>\n<i class=\"fa fa-envelope\"><\/i> <a style=\"color: #ffffff;\" href=\"mailto:data@data.si\">data@data.si<\/a><\/p>\n<p><\/p><\/blockquote><div class=\"testimonial-arrow-down\"><\/div><div class=\"testimonial-author\"><p><strong><\/strong><span><\/span><\/p><\/div><\/div><\/div>[vc_column_text]<div class=\"frm_forms  with_frm_style frm_style_formidable-style-2\" id=\"frm_form_3_container\" data-token=\"7e16749e4533485a4a4cb70105eb1126\">\n<form enctype=\"multipart\/form-data\" method=\"post\" class=\"frm-show-form  frm_pro_form \" id=\"form_kontakt\" data-token=\"7e16749e4533485a4a4cb70105eb1126\">\n<div class=\"frm_form_fields \">\n<fieldset>\n<div class=\"frm_fields_container\">\n<input type=\"hidden\" name=\"frm_action\" value=\"create\" \/>\n<input type=\"hidden\" name=\"form_id\" value=\"3\" \/>\n<input type=\"hidden\" name=\"frm_hide_fields_3\" id=\"frm_hide_fields_3\" value=\"\" \/>\n<input type=\"hidden\" name=\"form_key\" value=\"kontakt\" \/>\n<input type=\"hidden\" name=\"item_meta[0]\" value=\"\" \/>\n<input type=\"hidden\" id=\"frm_submit_entry_3\" name=\"frm_submit_entry_3\" value=\"5defd82234\" \/><input type=\"hidden\" name=\"_wp_http_referer\" value=\"\/hr\/wp-json\/wp\/v2\/pages\/87\" \/><div id=\"frm_field_77_container\" class=\"frm_form_field form-field  frm_required_field frm_top_container\">\r\n    <label for=\"field_kmmo3\" id=\"field_kmmo3_label\" class=\"frm_primary_label\">Ime i prezime:\r\n        <span class=\"frm_required\" aria-hidden=\"true\">*<\/span>\r\n    <\/label>\r\n    <input  type=\"text\" id=\"field_kmmo3\" name=\"item_meta[77]\" value=\"\"  data-reqmsg=\"Ovo polje ne smije biti prazno.\" aria-required=\"true\" data-invmsg=\"Text is invalid\" aria-invalid=\"false\"   \/>\r\n    \r\n    \r\n<\/div>\n<div id=\"frm_field_78_container\" class=\"frm_form_field form-field  frm_required_field frm_top_container\">\r\n    <label for=\"field_qhfth\" id=\"field_qhfth_label\" class=\"frm_primary_label\">Email\r\n        <span class=\"frm_required\" aria-hidden=\"true\">*<\/span>\r\n    <\/label>\r\n    <input type=\"email\" id=\"field_qhfth\" name=\"item_meta[78]\" value=\"\"  data-reqmsg=\"Ovo polje ne smije biti prazno.\" aria-required=\"true\" data-invmsg=\"Unesite valjanu adresu e-po\u0161te.\" aria-invalid=\"false\"  \/>\r\n    \r\n    \r\n<\/div>\n<div id=\"frm_field_84_container\" class=\"frm_form_field form-field  frm_top_container\">\r\n    <label for=\"field_d18kv\" id=\"field_d18kv_label\" class=\"frm_primary_label\">Telefon\r\n        <span class=\"frm_required\" aria-hidden=\"true\"><\/span>\r\n    <\/label>\r\n    <input  type=\"text\" id=\"field_d18kv\" name=\"item_meta[84]\" value=\"\"  data-invmsg=\"Text is invalid\" aria-invalid=\"false\"   \/>\r\n    \r\n    \r\n<\/div>\n<div id=\"frm_field_80_container\" class=\"frm_form_field form-field  frm_required_field frm_top_container frm_full\">\r\n    <label for=\"field_fci8f\" id=\"field_fci8f_label\" class=\"frm_primary_label\">Va\u0161a poruka\r\n        <span class=\"frm_required\" aria-hidden=\"true\">*<\/span>\r\n    <\/label>\r\n    <textarea name=\"item_meta[80]\" id=\"field_fci8f\" rows=\"5\"  data-reqmsg=\"Ovo polje ne mo\u017ee biti prazno.\" aria-required=\"true\" data-invmsg=\"Tekst je neva\u017ee\u0107i.\" aria-invalid=\"false\"  ><\/textarea>\r\n    \r\n    \r\n<\/div>\n<div id=\"frm_field_81_container\" class=\"frm_form_field form-field  frm_required_field frm_top_container vertical_radio\">\r\n    <div  id=\"field_pubtb_label\" class=\"frm_primary_label\">Potvrdite:\r\n        <span class=\"frm_required\" aria-hidden=\"true\">*<\/span>\r\n    <\/div>\r\n    <div class=\"frm_opt_container\" aria-labelledby=\"field_pubtb_label\" role=\"group\">\t\t<div class=\"frm_checkbox\" id=\"frm_checkbox_81-0\">\t\t\t<label  for=\"field_pubtb-0\">\n\t\t\t<input type=\"checkbox\" name=\"item_meta[81][]\" id=\"field_pubtb-0\" value=\"Sa klikom na dugme &#039;Po\u0161aljite poruku&#039; se sla\u017eem, da DATA d.o.o. poslate li\u010dne podatke sakuplja i obra\u0111uje za namere izvo\u0111enja naru\u010denih usluga.\"  data-reqmsg=\"Potvrdite: cannot be blank.\" data-invmsg=\"Potvrdite: is invalid\" aria-invalid=\"false\"   aria-required=\"true\"  \/> Sa klikom na dugme 'Po\u0161aljite poruku' se sla\u017eem, da DATA d.o.o. poslate li\u010dne podatke sakuplja i obra\u0111uje za namere izvo\u0111enja naru\u010denih usluga.<\/label><\/div>\n<\/div>\r\n    \r\n    \r\n<\/div>\n<div id=\"frm_field_83_container\" class=\"frm_form_field form-field  frm_top_container vertical_radio\">\r\n    <div  id=\"field_3dynv_label\" class=\"frm_primary_label\">E-novosti\r\n        <span class=\"frm_required\" aria-hidden=\"true\"><\/span>\r\n    <\/div>\r\n    <div class=\"frm_opt_container\" aria-labelledby=\"field_3dynv_label\" role=\"group\">\t\t<div class=\"frm_checkbox\" id=\"frm_checkbox_83-0\">\t\t\t<label  for=\"field_3dynv-0\">\n\t\t\t<input type=\"checkbox\" name=\"item_meta[83][]\" id=\"field_3dynv-0\" value=\"Sa klikom na dugme &#039;Po\u0161aljite poruku&#039; se sla\u017eem, da DATA d.o.o. poslate li\u010dne podatke sakuplja i obra\u0111uje za namere slanja e-novosti.\"  data-invmsg=\"E-novosti is invalid\" aria-invalid=\"false\"   \/> Sa klikom na dugme 'Po\u0161aljite poruku' se sla\u017eem, da DATA d.o.o. poslate li\u010dne podatke sakuplja i obra\u0111uje za namere slanja e-novosti.<\/label><\/div>\n<\/div>\r\n    \r\n    \r\n<\/div>\n<input type=\"hidden\" name=\"item_meta[82]\" id=\"field_damsk\" value=\"87Samostalni preduzetnik u Republici Sloveniji\"  data-frmval=\"87Samostalni preduzetnik u Republici Sloveniji\"   \/>\n<div id=\"frm_field_106_container\" class=\"frm_form_field form-field \">\r\n\t<div class=\"frm_submit\">\r\n\r\n<button class=\"frm_button_submit frm_final_submit\" type=\"submit\"   formnovalidate=\"formnovalidate\">Po\u0161alji poruku<\/button>\r\n\r\n\r\n<\/div>\r\n<\/div>\n\t<input type=\"hidden\" name=\"item_key\" value=\"\" \/>\n\t\t\t<div id=\"frm_field_302_container\">\n\t\t\t<label for=\"field_o4jvt\" >\n\t\t\t\tIf you are human, leave this field blank.\t\t\t<\/label>\n\t\t\t<input  id=\"field_o4jvt\" type=\"text\" class=\"frm_form_field form-field frm_verify\" name=\"item_meta[302]\" value=\"\"  \/>\n\t\t<\/div>\n\t\t<input name=\"frm_state\" type=\"hidden\" value=\"9Sv5Evlzc5T908IhcfV9rZ80PsXYo877s7la2aSBk3ODpLgrq9+Tve6eT9PvRmSe\" \/><\/div>\n<\/fieldset>\n<\/div>\n\n<p style=\"display: none !important;\" class=\"akismet-fields-container\" data-prefix=\"ak_\"><label>&#916;<textarea name=\"ak_hp_textarea\" cols=\"45\" rows=\"8\" maxlength=\"100\"><\/textarea><\/label><input type=\"hidden\" id=\"ak_js_1\" name=\"ak_js\" value=\"25\"\/><script>document.getElementById( \"ak_js_1\" ).setAttribute( \"value\", ( new Date() ).getTime() );<\/script><\/p><\/form>\n<\/div>\n[\/vc_column_text][\/vc_column][\/vc_row]<\/p>\n<\/div>","protected":false},"excerpt":{"rendered":"<p>[vc_row][vc_column width=&#8221;2\/3&#8243;][vc_column_text] Kako postati samostalni preduzetnik u Sloveniji? Samostalni preduzetnik je\u00a0fizi\u010dko lice\u00a0koje samostalno i pod svojim imenom obavlja dopu\u0161tene registrovane delatnosti u osnovnom i dopunskom zanimanju u cilju postizanja dobiti. Za registraciju samostalnog preduzetnika ne treba vam osnovni kapital.\u00a0Postupak registracije S.P. (samostalni preduzetnik)\u00a0izvr\u0161i se u 1-3 radna dana. Dr\u017eavljanima Evropske Unije koji \u017eele postati samostalni [&hellip;]<\/p>\n","protected":false},"author":1,"featured_media":0,"parent":5,"menu_order":0,"comment_status":"closed","ping_status":"closed","template":"","meta":{"footnotes":""},"yst_prominent_words":[531,528,511,656,571,525,533,514,506,501,537,520,543,523,534,509,517,503,657,238],"class_list":["post-87","page","type-page","status-publish","hentry"],"_links":{"self":[{"href":"https:\/\/data.si\/hr\/wp-json\/wp\/v2\/pages\/87","targetHints":{"allow":["GET"]}}],"collection":[{"href":"https:\/\/data.si\/hr\/wp-json\/wp\/v2\/pages"}],"about":[{"href":"https:\/\/data.si\/hr\/wp-json\/wp\/v2\/types\/page"}],"author":[{"embeddable":true,"href":"https:\/\/data.si\/hr\/wp-json\/wp\/v2\/users\/1"}],"replies":[{"embeddable":true,"href":"https:\/\/data.si\/hr\/wp-json\/wp\/v2\/comments?post=87"}],"version-history":[{"count":54,"href":"https:\/\/data.si\/hr\/wp-json\/wp\/v2\/pages\/87\/revisions"}],"predecessor-version":[{"id":21340,"href":"https:\/\/data.si\/hr\/wp-json\/wp\/v2\/pages\/87\/revisions\/21340"}],"up":[{"embeddable":true,"href":"https:\/\/data.si\/hr\/wp-json\/wp\/v2\/pages\/5"}],"wp:attachment":[{"href":"https:\/\/data.si\/hr\/wp-json\/wp\/v2\/media?parent=87"}],"wp:term":[{"taxonomy":"yst_prominent_words","embeddable":true,"href":"https:\/\/data.si\/hr\/wp-json\/wp\/v2\/yst_prominent_words?post=87"}],"curies":[{"name":"wp","href":"https:\/\/api.w.org\/{rel}","templated":true}]}}