{"id":772,"date":"2016-03-16T15:31:33","date_gmt":"2016-03-16T14:31:33","guid":{"rendered":"http:\/\/data.si\/hr\/?page_id=772"},"modified":"2021-10-18T11:20:11","modified_gmt":"2021-10-18T09:20:11","slug":"rad-poslovanje-hrvatskih-drzavljana-u-sloveniji","status":"publish","type":"page","link":"https:\/\/data.si\/hr\/rad-poslovanje-hrvatskih-drzavljana-u-sloveniji\/","title":{"rendered":"Rad i poslovanje hrvatskih dr\u017eavljana u Sloveniji"},"content":{"rendered":"<div class=\"wpb-content-wrapper\"><p>[vc_row][vc_column][vc_column_text]Za rad i poslovanje hrvatskih dr\u017eavljana koji na novo dolaze u Sloveniju ili borave u Sloveniji manje od dve godine je za zapo\u0161ljavanje jo\u0161 uvijek potrebna radna dozvola. Zahtijev za radnu dozvolu podnese poslodavac na Zavodu za zapo\u0161ljavanje Republike Slovenije.[\/vc_column_text][\/vc_column][\/vc_row][vc_row][vc_column width=&#8221;2\/3&#8243;][vc_column_text]<\/p>\n<h1>Uslovi za dobijanje dozvole za rad i poslovanje hrvatskih dr\u017eavljana:<\/h1>\n<ul>\n<li>ako na Zavodu za zapo\u0161ljavanje u Sloveniji nema slovenskih nezaposlenih kandidata koji ispunjavaju uslove, a koje je poslodavac naveo u prijavi slobodnog radnog mjesta za dr\u017eavljana Hrvatske,<\/li>\n<li>hrvatski dr\u017eavljan mora ispunjavati sve uslove navedene u prijavi slobodnog radnog mjesta,<\/li>\n<li>potpisan ugovor o radu sa strane poslodavca.<\/li>\n<\/ul>\n<p>Hrvatski dr\u017eavljani koji borave u Sloveniji najmanje dve godine imaju slobodan pristup tr\u017ei\u0161tu. To zna\u010di da se zapo\u0161ljavaju pod istim uslovima kao slovenski dr\u017eavljani.[\/vc_column_text][\/vc_column][vc_column width=&#8221;1\/3&#8243;]<div class=\"porto-testimonial wpb_content_element   wpb_custom_4760b66c0cbf51ec9a7673f3785bca75\"><div class=\"testimonial testimonial-style-3\"><blockquote><p>\n<p style=\"line-height: 1.8;\">Besplatno se posavetujte sa nama.<br \/>\n<!-- <i class=\"fa fa-skype\"><\/i> Skype: <a href=\"skype:svetlana.lukic20?call\">svetlana.lukic20<\/a> --><br \/>\n<i class=\"fa fa-phone\"><\/i> Telefon: <a style=\"color: #ffffff;\" href=\"tel:+38616001542\">+386 1 6001 542<\/a><br \/>\n<i class=\"fa fa-phone\"><\/i> Viber: <a style=\"color: #ffffff;\" href=\"viber:\/\/contact?number=38630640995\">+386 30 640 995<\/a><br \/>\n<i class=\"fa fa-envelope\"><\/i> <a style=\"color: #ffffff;\" href=\"mailto:data@data.si\">data@data.si<\/a><\/p>\n<p><\/p><\/blockquote><div class=\"testimonial-arrow-down\"><\/div><div class=\"testimonial-author\"><div class=\"testimonial-author-thumbnail\"><img loading=\"lazy\" decoding=\"async\" class=\"img-responsive img-circle\" src=\"https:\/\/data.si\/hr\/wp-content\/uploads\/2016\/04\/03.jpg\" alt=\"Danijela Mitrovi\u0107\" width=\"65\" height=\"65\"><\/div><p><strong>Danijela Mitrovi\u0107<\/strong><span>savetnik stranim klijentima - Data<\/span><\/p><\/div><\/div><\/div>[\/vc_column][\/vc_row][vc_row][vc_column][vc_column_text]<\/p>\n<h1>Slobodan pristup slovenskom tr\u017ei\u0161tu rada imaju tako\u0111e:<\/h1>\n<ul>\n<li>Hrvati slovenskog roda do drugog koljena u prvoj vrsti,<\/li>\n<li>Hrvati sa <a title=\"Dozvola za stalni boravak u Sloveniji\" href=\"https:\/\/data.si\/hr\/dozvola-za-stalni-boravak-u-sloveniji\/\">dozvolom za stalni boravak<\/a> u Republici Sloveniji,<\/li>\n<li>u\u017ei \u010dlani obitelji koji u Sloveniji borave na osnovi spajanja obitelji sa dr\u017eavljanom EU, \u0160vicarske konfederacije ili EGP osim Hrvatske,<\/li>\n<li>Hrvati koji su u Sloveniji u zadnje dve godine dobili diplomu za visoko\u0161kolsko obrazovanje ili zavr\u0161ili program istra\u017eiva\u010dke struke,<\/li>\n<li>Hrvati upisani kao zastupnici u nadle\u017ean poslovni i sudski registar.<\/li>\n<\/ul>\n<p>Hrvatskim dr\u017eavljanima i njihovim \u010dlanovima obitelji za samozapo\u0161ljavanje i rad na osnovi civilno pravnog ugovora radna dozvola vi\u0161e nije potrebna.[\/vc_column_text][\/vc_column][\/vc_row][vc_row css=&#8221;.vc_custom_1460715052711{margin-bottom: 20px !important;}&#8221;][vc_column][vc_cta h2=&#8221;Da li znate u kojim slu\u010dajevima je hrvatskim dr\u017eavljanima potrebna radna dozvola?&#8221; style=&#8221;3d&#8221; color=&#8221;orange&#8221; add_button=&#8221;bottom&#8221; btn_title=&#8221;Imate pitanje? Kontaktirajte nas!&#8221; btn_color=&#8221;primary&#8221; btn_i_icon_fontawesome=&#8221;fa fa-arrow-right&#8221; btn_skin=&#8221;primary&#8221; btn_link=&#8221;url:https%3A%2F%2Fdata.si%2Fhr%2Fkontakt%2F|||&#8221; btn_add_icon=&#8221;true&#8221; el_class=&#8221;balkan-cta&#8221;]Na\u0161i stru\u010dnjaci s podru\u010dja migracijskog, radnog i privrednog prava odgovori\u0107e vam na pitanja. Pi\u0161ite jim na e-mail <a href=\"mailto:data@data.si\">data@data.si<\/a> ili jih nazovite na telefonski broj +386 1 6001 537.[\/vc_cta][\/vc_column][\/vc_row][vc_row][vc_column][vc_column_text]<\/p>\n<h3>Izvo\u0111enje radova i\u00a0usluga hrvatskih preduze\u0107a na teritoriju Republike Slovenije<\/h3>\n<p>Radna dozvola za prekograni\u010dno izvo\u0111enje radova i usluga na teritoriju Republike Slovenije nije vi\u0161e potrebna, dovoljna je samo prijava rada Zavodu za zapo\u0161ljavanje Republike Slovenije.<\/p>\n<p>Za izvo\u0111enje radova i usluga u Sloveniji mora hrvatsko preduze\u0107e dobiti slovena\u010dki poreski broj, dobiti PDV broj u odre\u0111enim situacijama i pod odre\u0111enim uvijetima otvoriti\u00a0 i ogranak mati\u010dnog preduze\u0107a u Sloveniji, d. o. o. ili podru\u017enicu I zatra\u017eiti slovena\u010dke poreske brojeve za svoje zaposlene i prijaviti njihov boravak.<\/p>\n<p>Data d. o. o. nudi vam kompletnu podr\u0161ku u postupku <a title=\"Otvaranje i registracija firme u Sloveniji\" href=\"https:\/\/data.si\/hr\/otvarajne-firme\/\">registracije preduze\u0107a u Sloveniji<\/a> i procesu zapo\u0161ljavanja i izvo\u0111enja radova i usluga na teritoriju Republike Slovenije.<\/p>\n<p>Za dodatne informacije\u00a0i pitanja pi\u0161ite na e-mail <a href=\"mailto:data@data.si\">data@data.si<\/a> ili nazovite na telefonski broj <a href=\"tel:+38616001537\">+386 1 6001 537<\/a>.[\/vc_column_text][\/vc_column][\/vc_row]<\/p>\n<\/div>","protected":false},"excerpt":{"rendered":"<p>[vc_row][vc_column][vc_column_text]Za rad i poslovanje hrvatskih dr\u017eavljana koji na novo dolaze u Sloveniju ili borave u Sloveniji manje od dve godine je za zapo\u0161ljavanje jo\u0161 uvijek potrebna radna dozvola. Zahtijev za radnu dozvolu podnese poslodavac na Zavodu za zapo\u0161ljavanje Republike Slovenije.[\/vc_column_text][\/vc_column][\/vc_row][vc_row][vc_column width=&#8221;2\/3&#8243;][vc_column_text] Uslovi za dobijanje dozvole za rad i poslovanje hrvatskih dr\u017eavljana: ako na Zavodu za [&hellip;]<\/p>\n","protected":false},"author":1,"featured_media":0,"parent":0,"menu_order":0,"comment_status":"closed","ping_status":"closed","template":"","meta":{"footnotes":""},"yst_prominent_words":[],"class_list":["post-772","page","type-page","status-publish","hentry"],"_links":{"self":[{"href":"https:\/\/data.si\/hr\/wp-json\/wp\/v2\/pages\/772","targetHints":{"allow":["GET"]}}],"collection":[{"href":"https:\/\/data.si\/hr\/wp-json\/wp\/v2\/pages"}],"about":[{"href":"https:\/\/data.si\/hr\/wp-json\/wp\/v2\/types\/page"}],"author":[{"embeddable":true,"href":"https:\/\/data.si\/hr\/wp-json\/wp\/v2\/users\/1"}],"replies":[{"embeddable":true,"href":"https:\/\/data.si\/hr\/wp-json\/wp\/v2\/comments?post=772"}],"version-history":[{"count":4,"href":"https:\/\/data.si\/hr\/wp-json\/wp\/v2\/pages\/772\/revisions"}],"predecessor-version":[{"id":15142,"href":"https:\/\/data.si\/hr\/wp-json\/wp\/v2\/pages\/772\/revisions\/15142"}],"wp:attachment":[{"href":"https:\/\/data.si\/hr\/wp-json\/wp\/v2\/media?parent=772"}],"wp:term":[{"taxonomy":"yst_prominent_words","embeddable":true,"href":"https:\/\/data.si\/hr\/wp-json\/wp\/v2\/yst_prominent_words?post=772"}],"curies":[{"name":"wp","href":"https:\/\/api.w.org\/{rel}","templated":true}]}}