{"id":6455,"date":"2018-05-15T10:56:54","date_gmt":"2018-05-15T08:56:54","guid":{"rendered":"https:\/\/data.si\/hr\/?page_id=6455"},"modified":"2021-10-18T11:01:46","modified_gmt":"2021-10-18T09:01:46","slug":"obavestenje-o-privatnosti","status":"publish","type":"page","link":"https:\/\/data.si\/hr\/obavestenje-o-privatnosti\/","title":{"rendered":"Obave\u0161tenje o privatnosti"},"content":{"rendered":"<p>Sa prijavom na e-vesti, poslatim upitom ili prijavom na seminar omogu\u0107avate preduze\u0107u DATA d.o.o., Dunajska cesta 136, 1000 Ljubljana, da prikuplja i obra\u0111uje poslate li\u010dne podatke. Poslate li\u010dne podatke obra\u0111ujemo u skladu sa Op\u0161tom uredbom o za\u0161titi li\u010dnih podataka i va\u017ee\u0107im Zakonom o za\u0161titi li\u010dnih podataka.<\/p>\n<p>Slu\u017ebeno lice preduze\u0107a je Darja Golob Koritnik, dostupna na elektronskoj adresi: <a href=\"mailto:data@data.si\">data@data.si<\/a>.<\/p>\n<p>Ovla\u0161\u0107ena osoba za za\u0161titu li\u010dnih podataka je Anja Ga\u0161perlin, dostupna na elektronskoj adresi: <a href=\"mailto:data@data.si\">data@data.si<\/a>.<\/p>\n<p><strong>OBRADA PODATAKA:<\/strong><\/p>\n<p>Va\u0161e li\u010dne podatke prikupljamo samo, ako je to nu\u017eno potrebno.<\/p>\n<p>Sa prijavom na e-vesti se sla\u017eete, da o vama prikupljamo li\u010dne podatke, koje ste nam poslali prilikom prijave. Li\u010dni podaci, koje prikupljamo su ime, prezime i elektronska adresa.<\/p>\n<p>Ako \u017eelite poslati upit ili se prijaviti na seminar, zamoli\u0107emo vas za ime, prezime, elektronsku adresu, telefonski broj i ime preduze\u0107a. Li\u010dni podaci su nam potrebni, da vam mo\u017eemo lak\u0161e poslati odgovor, odnosno ponudu na va\u0161 upit, odnosno za izvo\u0111enje naru\u010dene usluge.<\/p>\n<p><strong>SVRHA: <\/strong><\/p>\n<p>Li\u010dne podatke prikupljamo u skladu sa svrhom zbog koje ste nam va\u0161e podatke poslali. Poslate li\u010dne podatke ne\u0107emo upotrebiti u druge svrhe.<\/p>\n<p><strong>PRAVNA OSNOVA: <\/strong><\/p>\n<p>Li\u010dne podatke prikupljamo na osnovu va\u0161e saglasnosti, odnosno na osnovu ugovora.<\/p>\n<p><strong>UPOTREBA LI\u010cNIH PODATAKA:<\/strong><\/p>\n<p>Li\u010dne podatke upotrebljavamo isklju\u010divo u svrhe zbog kojih ste nam va\u0161e podatke i poslali.<\/p>\n<p><strong>\u010cUVANJE PODATAKA: <\/strong><\/p>\n<p>Li\u010dne podatke, koje ste nam poslali prilikom prijave na e-vesti, \u010duvamo do va\u0161eg otkazivanja. Saglasnost za obradu li\u010dnih podataka mo\u017eete otkazati u bilo koje vreme. Otkazivanje saglasnosti ne uti\u010de na zakonitost obrade podataka pre otkazivanja saglasnosti.<\/p>\n<p>Sve ostale li\u010dne podatke u okviru ugovorene saradnje \u010duvamo u skladu sa va\u017ee\u0107im zakonodavstvom.<\/p>\n<p><strong>POSREDOVANJE LI\u010cNIH PODATAKA: <\/strong><\/p>\n<p>Li\u010dne podatke ne\u0107emo posredovati tre\u0107im licima i ne\u0107emo ih javno objaviti, osim izabranim ugovornim partnerima, koje na isti na\u010din obavezuje Op\u0161ta uredba o za\u0161titi li\u010dnih podataka. Li\u010dne podatke ne\u0107emo posredovati u tre\u0107u dr\u017eavu ili organizaciju.<\/p>\n<p><strong>VA\u0160A PRAVA: <\/strong><\/p>\n<p>U skladu sa Op\u0161tom uredbom o za\u0161titi li\u010dnih podataka imate pravo na pristup do podataka, koji se odnose na vas, pravo na ispravku podataka, pravo na ograni\u010denje obrade, pravo na brisanje podataka, kao i pravo na prenos podataka.<\/p>\n<p>Bilo koje pravo prema Op\u0161toj uredbi o za\u0161titi li\u010dnih podataka mo\u017eete bilo kada pismeno primeniti. Pri tome navedite ime, prezime, kao i elektronsku adresu.<\/p>\n<p>Zahtev mo\u017eete poslati na elektronsku adresu: data@data.si ili po po\u0161ti na adresu:<\/p>\n<p>DATA d.o.o.<br \/>\nDunajska cesta 136<br \/>\n1000 Ljubljana<\/p>\n<p>U slu\u010daju spora imate pravo ulo\u017eiti prigovor u preduze\u0107u DATA d.o.o., kao i kod Informacijskog ovla\u0161\u0107enog lica.<\/p>\n","protected":false},"excerpt":{"rendered":"<p>Sa prijavom na e-vesti, poslatim upitom ili prijavom na seminar omogu\u0107avate preduze\u0107u DATA d.o.o., Dunajska cesta 136, 1000 Ljubljana, da prikuplja i obra\u0111uje poslate li\u010dne podatke. Poslate li\u010dne podatke obra\u0111ujemo u skladu sa Op\u0161tom uredbom o za\u0161titi li\u010dnih podataka i va\u017ee\u0107im Zakonom o za\u0161titi li\u010dnih podataka. Slu\u017ebeno lice preduze\u0107a je Darja Golob Koritnik, dostupna na [&hellip;]<\/p>\n","protected":false},"author":13,"featured_media":0,"parent":0,"menu_order":0,"comment_status":"closed","ping_status":"closed","template":"","meta":{"footnotes":""},"yst_prominent_words":[],"class_list":["post-6455","page","type-page","status-publish","hentry"],"_links":{"self":[{"href":"https:\/\/data.si\/hr\/wp-json\/wp\/v2\/pages\/6455","targetHints":{"allow":["GET"]}}],"collection":[{"href":"https:\/\/data.si\/hr\/wp-json\/wp\/v2\/pages"}],"about":[{"href":"https:\/\/data.si\/hr\/wp-json\/wp\/v2\/types\/page"}],"author":[{"embeddable":true,"href":"https:\/\/data.si\/hr\/wp-json\/wp\/v2\/users\/13"}],"replies":[{"embeddable":true,"href":"https:\/\/data.si\/hr\/wp-json\/wp\/v2\/comments?post=6455"}],"version-history":[{"count":2,"href":"https:\/\/data.si\/hr\/wp-json\/wp\/v2\/pages\/6455\/revisions"}],"predecessor-version":[{"id":15135,"href":"https:\/\/data.si\/hr\/wp-json\/wp\/v2\/pages\/6455\/revisions\/15135"}],"wp:attachment":[{"href":"https:\/\/data.si\/hr\/wp-json\/wp\/v2\/media?parent=6455"}],"wp:term":[{"taxonomy":"yst_prominent_words","embeddable":true,"href":"https:\/\/data.si\/hr\/wp-json\/wp\/v2\/yst_prominent_words?post=6455"}],"curies":[{"name":"wp","href":"https:\/\/api.w.org\/{rel}","templated":true}]}}