{"id":505,"date":"2016-03-10T10:35:39","date_gmt":"2016-03-10T09:35:39","guid":{"rendered":"http:\/\/data.si\/hr\/?page_id=505"},"modified":"2017-11-09T09:54:16","modified_gmt":"2017-11-09T08:54:16","slug":"izvodenje-usluga-u-sloveniji","status":"publish","type":"page","link":"https:\/\/data.si\/hr\/izvodenje-usluga-u-sloveniji\/","title":{"rendered":"Izvo\u0111enje radova i usluga u Sloveniji"},"content":{"rendered":"<h2>Priprema dokumentacije u postupku izvo\u0111enja radova i usluga u Sloveniji<\/h2>\n<p style=\"text-align: justify;\"><img loading=\"lazy\" decoding=\"async\" class=\"alignleft wp-image-507 size-medium\" title=\"Izvo\u0111enje radova i usluga u Sloveniji\" src=\"https:\/\/data.si\/hr\/wp-content\/uploads\/2016\/03\/priprema-dokumentacije-300x200.jpg\" alt=\"Izvo\u0111enje radova i usluga u Sloveniji\" width=\"300\" height=\"200\" \/>Sve vi\u0161e slovenskih poduze\u0107a izabere poduze\u0107a iz Hrvatske za izvo\u0111a\u0107e radova i usluga na teritoriju Republike Slovenije zbog povoljnih cijena izvo\u0111a\u0107a\u00a0 i kvalitetno izvr\u0161enih radova i usluga.<\/p>\n<p style=\"text-align: justify;\">Poduze\u0107a iz Hrvatske sklope poslovnu saradnju sa slovenskim poduze\u0107ima i na osnovi poslovnih ugovora i ispunjenih uslova za rad izvodi radove i usluge.<\/p>\n<p style=\"text-align: justify;\">Bitno je da strano poduze\u0107e, koje sklopi ugovor za izvo\u0111a\u0107e radova i usluga na teritoriju Republike Slovenije prije samog po\u010detka rada na vrijeme ispuni sve potrebne uslove za izvo\u0111enje radova i usluga.<\/p>\n<p style=\"text-align: justify;\">Prvi korak je dobijanje slovenskog poreznog broja stranog poduze\u0107a. Poduze\u0107e, koje se bavi sa graditeljskim uslugama tamo gdje se nekretnina nalazi, mora u slu\u010daju pru\u017eanja takvih usluga uklju\u0107iti se u <a title=\"PDV sustav u Sloveniji\" href=\"https:\/\/data.si\/hr\/da-li-je-ukljucivanje-u-sustav-pdv-potrebno\/\">PDV sustav<\/a> i imenovati poreznog zastupnika. Ako se aktivnost u Sloveniji vr\u0161i du\u017ee od 1 godine mora strano poduze\u0107e otvoriti podru\u017enicu.\u00a0Strano poduze\u0107e koje \u0107e vr\u0161iti graditeljske usluge na teritoriju Slovenije mora prije po\u010detka rada dobiti <a title=\"PDV broj u Sloveniji\" href=\"https:\/\/data.si\/hr\/pdv-broj-sloveniji-kako-do-njega\/\">PDV broj<\/a>.<\/p>\n<p style=\"text-align: justify;\">Drugi korak je dobijanje slovenskih poreznih brojeva za strane radnike zaposlene u poduze\u0107u, koji \u0107e izvoditi radove.<\/p>\n<p style=\"text-align: justify;\"><img loading=\"lazy\" decoding=\"async\" class=\"alignright wp-image-506 size-medium\" title=\"Izvo\u0111enje radova i usluga u Sloveniji\" src=\"https:\/\/data.si\/hr\/wp-content\/uploads\/2016\/03\/izvodenje-radova-300x200.jpg\" alt=\"Izvo\u0111enje radova i usluga u Sloveniji\" width=\"300\" height=\"200\" \/>Hrvatska poduze\u0107a koja vr\u0161e radove na teritoriju Republike Slovenije moraju prije po\u010detka rada prijaviti rad <a title=\"Zavod za zapo\u0161ljavanje Republike Slovenije\" href=\"https:\/\/www.ess.gov.si\/\" target=\"_blank\" rel=\"noopener\">Zavodu za zapo\u0161ljavanje Republike Slovenije<\/a>.<\/p>\n<p style=\"text-align: justify;\">Data d. o. o. nudi stranim poduze\u0107ima savjetovanje i\u00a0kompletnu podr\u0161ku u procesu izvo\u0111enja radova i\u00a0usluga na teritoriju Republike Slovenije i\u00a0pripremi dokumentacije, podr\u0161ku u procesu <a title=\"Otvaranje poduze\u0107a u Sloveniji\" href=\"https:\/\/data.si\/hr\/kompletna-podrska-u-otvaranju-firme\/\">otvaranja novog poduze\u0107a<\/a> i <a title=\"Otvaranje podruznice u Sloveniji\" href=\"https:\/\/data.si\/hr\/otvaranje-filijale-u-sloveniji\/\">podru\u017enice<\/a>, <a title=\"Poresko i financijsko savetovanje u Sloveniji\" href=\"https:\/\/data.si\/hr\/poresko-finansijsko-savetovanje\/\">porezno<\/a>, ra\u010dunovodsko i <a title=\"Pravno savjetovanje za firme u Sloveniji\" href=\"https:\/\/data.si\/hr\/pravno-savjetovanje\/\">pravno savjetovanje<\/a>, za vas vr\u0161i prijave, savjetovanje u postupku dobivanja dozvola za boravak i\u00a0ostalu podr\u0161ku u poslovanju.<\/p>\n<p style=\"text-align: justify;\">Za vi\u0161e informacija pi\u0161ite nam na e-mail <a href=\"mailto:data@data.si\">data@data.si<\/a> ili nas nazovite na telefonski broj 00 386 1 6001 542 ili Viber: 00 386 30 640 995.<\/p>\n","protected":false},"excerpt":{"rendered":"<p>Priprema dokumentacije u postupku izvo\u0111enja radova i usluga u Sloveniji Sve vi\u0161e slovenskih poduze\u0107a izabere poduze\u0107a iz Hrvatske za izvo\u0111a\u0107e radova i usluga na teritoriju Republike Slovenije zbog povoljnih cijena izvo\u0111a\u0107a\u00a0 i kvalitetno izvr\u0161enih radova i usluga. Poduze\u0107a iz Hrvatske sklope poslovnu saradnju sa slovenskim poduze\u0107ima i na osnovi poslovnih ugovora i ispunjenih uslova za [&hellip;]<\/p>\n","protected":false},"author":1,"featured_media":0,"parent":0,"menu_order":0,"comment_status":"closed","ping_status":"closed","template":"","meta":{"footnotes":""},"yst_prominent_words":[],"class_list":["post-505","page","type-page","status-publish","hentry"],"_links":{"self":[{"href":"https:\/\/data.si\/hr\/wp-json\/wp\/v2\/pages\/505","targetHints":{"allow":["GET"]}}],"collection":[{"href":"https:\/\/data.si\/hr\/wp-json\/wp\/v2\/pages"}],"about":[{"href":"https:\/\/data.si\/hr\/wp-json\/wp\/v2\/types\/page"}],"author":[{"embeddable":true,"href":"https:\/\/data.si\/hr\/wp-json\/wp\/v2\/users\/1"}],"replies":[{"embeddable":true,"href":"https:\/\/data.si\/hr\/wp-json\/wp\/v2\/comments?post=505"}],"version-history":[{"count":0,"href":"https:\/\/data.si\/hr\/wp-json\/wp\/v2\/pages\/505\/revisions"}],"wp:attachment":[{"href":"https:\/\/data.si\/hr\/wp-json\/wp\/v2\/media?parent=505"}],"wp:term":[{"taxonomy":"yst_prominent_words","embeddable":true,"href":"https:\/\/data.si\/hr\/wp-json\/wp\/v2\/yst_prominent_words?post=505"}],"curies":[{"name":"wp","href":"https:\/\/api.w.org\/{rel}","templated":true}]}}