{"id":5,"date":"2016-03-07T12:47:34","date_gmt":"2016-03-07T11:47:34","guid":{"rendered":"http:\/\/data.si\/hr\/?page_id=5"},"modified":"2025-06-27T15:34:23","modified_gmt":"2025-06-27T13:34:23","slug":"kompletna-podrska-u-otvaranju-firme","status":"publish","type":"page","link":"https:\/\/data.si\/hr\/kompletna-podrska-u-otvaranju-firme\/","title":{"rendered":"Kompletna podr\u0161ka u otvaranju firme u Sloveniji"},"content":{"rendered":"<div class=\"wpb-content-wrapper\">[vc_row full_width=&#8221;stretch_row_content_no_spaces&#8221; css=&#8221;.vc_custom_1510574976695{margin-bottom: 25px !important;padding-top: 100px !important;padding-bottom: 100px !important;background-image: url(https:\/\/data.si\/hr\/wp-content\/uploads\/2016\/03\/otvaranje-firme.jpg?id=1014) !important;background-position: center !important;background-repeat: no-repeat !important;background-size: cover !important;}&#8221; el_class=&#8221;vc_hidden-md vc_hidden-sm vc_hidden-xs&#8221;][vc_column offset=&#8221;vc_hidden-lg vc_hidden-md vc_hidden-sm&#8221;][vc_column_text] I am text block. Click edit button to change this text. Lorem ipsum dolor sit amet, consectetur adipiscing elit. Ut elit tellus, luctus nec ullamcorper mattis, pulvinar dapibus leo. [\/vc_column_text][\/vc_column][\/vc_row][vc_row][vc_column width=&#8221;2\/3&#8243;][vc_column_text css=&#8221;&#8221; css_params=&#8221;&#8221;]<\/p>\r\n<h2>Otvaranje firme u Sloveniji i ulazak na EU tr\u017ei\u0161te<\/h2>\r\n<p>Ako vam je potrebna kompletna podr\u0161ka u otvaranju firme u Sloveniji i za ulazak na EU tr\u017ei\u0161te, preduze\u0107e Data je prava adresa za vas. Na\u0161 cilj je podr\u0161ka preduzetnicima prilikom otvaranja firme i daljeg poslovanja preduze\u0107a. Mo\u017eete se odlu\u010diti za <a title=\"Registracija dru\u0161tva sa ograni\u010denom odgovorno\u0161\u0107u u Sloveniji\" href=\"https:\/\/data.si\/hr\/kompletna-podrska-u-otvaranju-firme\/drustvo-sa-ogranicenom-odgovornoscu\/\">registraciju dru\u0161tva sa ograni\u010denom odgovorno\u0161\u0107u u Sloveniji<\/a>, ogranak mati\u010dne firme (<a title=\"\u0106erke firme u Sloveniji\" href=\"https:\/\/data.si\/hr\/otvaranje-kcerke-firme-u-sloveniji\/\">\u0107erke firme<\/a>, <a title=\"Filijala u Sloveniji\" href=\"https:\/\/data.si\/hr\/otvaranje-filijale-u-sloveniji\/\">filijale<\/a>). Gra\u0111ani EU mogu postati tako\u0111e i <a title=\"Samostalni preduzetnici pojedinci u Sloveniji\" href=\"https:\/\/data.si\/hr\/kompletna-podrska-u-otvaranju-firme\/samostalni-preduzetnik\/\">samostalni preduzetnici pojedinci<\/a>.<\/p>\r\n<p><a title=\"Kontaktirajte nas!\" href=\"https:\/\/data.si\/hr\/kontakt\/\"><button class=\"mb-xs mt-xs mr-xs btn btn-primary\" type=\"button\"><em class=\"fa fa-envelope\">\u00a0 <\/em>Zapo\u010dnite biznis u Sloveniji. Kontaktirajte nas!<\/button><\/a><\/p>\r\n<h2>Kompletna podr\u0161ka u otvaranju firme<\/h2>\r\n<p>Na\u0161i konsultanti u preduzetni\u010dkom odeljenju pobrinu\u0107e se za organizaciju svih termina i sastanaka i za vas pripremiti svu potrebnu dokumentaciju za registraciju preduze\u0107a na ta\u010dki VEM. Od vas o\u010dekujemo samo da nam javite odgovaraju\u0107i datum za registraciju preduze\u0107a. Sam postupak registracije preduze\u0107a na ta\u010dki VEM je besplatan. Na\u0161 poslovni konsultant \u0107e zajedno sa vama sprovesti postupak registracije i ispuniti sve dokumente, a vlasnici i\/ili zastupnici \u0107e dobiti dokumente na\u00a0 pregled i potpis.<\/p>\r\n<p>U toku samog postupka registracije preduze\u0107a (d.o.o.) moraju biti prisutni svi osniva\u010di i zastupnici budu\u0107eg preduze\u0107a. Za postupak moraju svi imati pripremljen slovena\u010dki poreski broj i podatke budu\u0107eg preduze\u0107a (naziv i poslovna adresa, delatnosti, informacije i dokumente budu\u0107ih osniva\u010da i\/ili zastupnika). Poslovni konsultant na osnovu svih navedenih informacija i dokumenata priprema osniva\u010dki akt na ta\u010dki VEM, gde je potrebno navesti iznos osnovnog kapitala preduze\u0107a (d.o.o.).<\/p>\r\n<p>Postupak registracije preduze\u0107a obavlja se za vreme jednog sata. Kada otvorite privremeni ra\u010dun preduze\u0107a u banci, potrebno je da deponujete osnovni kapital u iznosu od 7.500 evra &#8211; minimalni osnovni kapital za registraciju d.o.o. u Sloveniji. Za potrebe registracije preduze\u0107a morate dostaviti potvrdu o depozitu kapitala konsultantu na ta\u010dki VEM. Na\u0161 konsultant na ta\u010dki VEM c\u0301e odmah podneti zahtev za upis registracije preduze\u0107a u sudski registar. Preduze\u0107e je osnovano odlukom suda, koju \u0107ete primiti na poslovnu adresu preduze\u0107a, a na\u0161 konsultant na ta\u010dki VEM vam zatim prosle\u0111uje odluku o registraciji preduze\u0107a u elektronskoj formi na va\u0161u e-mail adresu.<\/p>\r\n<p><strong><br \/>Ako vam je potrebna kompletna podr\u0161ka u otvaranju firme u Sloveniji po\u0161aljite nam upit na e-mail <a href=\"mailto:data@data.si\">data@data.si<\/a>, nazovite nas na tel. broj <a href=\"tel:+38616006274\">+386 1 6006 274<\/a> ili Viber <a href=\"viber:\/\/chat?number=0038664173023\">+386 64 173 023<\/a>.<\/strong><\/p>\r\n<h2>Koraci pre registracije preduze\u0107a u Sloveniji<\/h2>\r\n<p>Pre dono\u0161enja odluke o registraciji preduze\u0107a u Sloveniji mora strani preduzetnik odlu\u010diti, koji tip preduze\u0107a \u017eeli ustanoviti. Slede\u0107i korak pre registracije preduze\u0107a je da se za vlasnika\/zastupnika preduze\u0107a dobiju slovena\u010dki poreski brojevi. Nakon dobijanja slovena\u010dkih poreskih brojeva, sledi predaja nameravane firme &#8211; rezervacija imena firme. Kompletna podr\u0161ka u otvaranju firme u Sloveniji zna\u010di da preduzetnicima savetujemo da pa\u017eljivo odaberu ime svoje firme u Sloveniji.<\/p>\r\n<p>Odabrati morate naziv firme, odnosno kratko ime i duga\u010dko ime, koje sadr\u017ei i osnovnu delatnost. Ime mo\u017ee biti na stranom jeziku i mo\u017ee sadr\u017eavati slova koja nisu u slovena\u010dkoj abecedi X, Y, W i Q. Naziv se mora jasno razlikovati od drugih naziva firmi u slovena\u010dkom poslovnom registru. Nakon toga, potrebno je pripremiti overenu izjavu vlasnika za kori\u0161\u0107enje adrese gde planirate u Sloveniji da registrujete va\u0161e preduze\u0107e. Za va\u0161u novu firmu u Sloveniji morate ve\u0107 za otvaranje firme na na\u0161oj ta\u010dki VEM odabrati poslovnu adresu. Ako sami niste vlasnik ili suvlasnik nekretnine, morate imati overenu izjavu vlasnika nekretnine gde \u0107ete koristiti poslovnu adresu ili sam vlasnik nekretnine mo\u017ee overiti izjavu li\u010dno na ta\u010dki VEM.<\/p>\r\n<p>Kompletna podr\u0161ka u otvaranju firme zna\u010di da vam nudimo i upotrebu poslovne adrese sa virtualnom kancelarijom u na\u0161oj firmi Data. Ovo zna\u010di da svoju novu firmu mo\u017eete registrovati na na\u0161oj poslovnoj adresi.<\/p>\r\n<p>[\/vc_column_text][\/vc_column][vc_column width=&#8221;1\/3&#8243; css=&#8221;.vc_custom_1511780817250{margin-bottom: 0px !important;border-bottom-width: 0px !important;}&#8221;]<div class=\"porto-testimonial wpb_content_element   wpb_custom_4760b66c0cbf51ec9a7673f3785bca75\"><div class=\"testimonial testimonial-style-3\"><blockquote><p>\r\n<p style=\"line-height: 1.8;\">Besplatno se posavetujte sa nama. <!-- <i class=\"fa fa-skype\"><\/i> Skype: <a href=\"skype:svetlana.lukic20?call\">svetlana.lukic20<\/a> --> <i class=\"fa fa-phone\"><\/i><\/p>\r\n<p style=\"line-height: 1.8;\">Telefon: <a style=\"color: #ffffff;\" href=\"tel:+38616006274\">+386 1 6006 274<\/a><\/p>\r\n<p style=\"line-height: 1.8;\"><i class=\"fa fa-phone\"><\/i> Viber: <a style=\"color: #ffffff;\" href=\"viber:\/\/contact?number=38664173023\">+386 64 173 023<\/a><\/p>\r\n<p style=\"line-height: 1.8;\"><i class=\"fa fa-envelope\"><\/i> <a style=\"color: #ffffff;\" href=\"mailto:data@data.si\">data@data.si<\/a><\/p>\r\n<p><\/p><\/blockquote><div class=\"testimonial-arrow-down\"><\/div><div class=\"testimonial-author\"><p><strong><\/strong><span><\/span><\/p><\/div><\/div><\/div>[vc_column_text]<\/p>\r\n<div class=\"frm_forms  with_frm_style frm_style_formidable-style-2\" id=\"frm_form_3_container\" data-token=\"71efd1d4e636a212096f4d5f6b753188\">\n<form enctype=\"multipart\/form-data\" method=\"post\" class=\"frm-show-form  frm_pro_form \" id=\"form_kontakt\" data-token=\"71efd1d4e636a212096f4d5f6b753188\">\n<div class=\"frm_form_fields \">\n<fieldset>\n<div class=\"frm_fields_container\">\n<input type=\"hidden\" name=\"frm_action\" value=\"create\" \/>\n<input type=\"hidden\" name=\"form_id\" value=\"3\" \/>\n<input type=\"hidden\" name=\"frm_hide_fields_3\" id=\"frm_hide_fields_3\" value=\"\" \/>\n<input type=\"hidden\" name=\"form_key\" value=\"kontakt\" \/>\n<input type=\"hidden\" name=\"item_meta[0]\" value=\"\" \/>\n<input type=\"hidden\" id=\"frm_submit_entry_3\" name=\"frm_submit_entry_3\" value=\"bbc79e3274\" \/><input type=\"hidden\" name=\"_wp_http_referer\" value=\"\/hr\/wp-json\/wp\/v2\/pages\/5\" \/><div id=\"frm_field_77_container\" class=\"frm_form_field form-field  frm_required_field frm_top_container\">\r\n    <label for=\"field_kmmo3\" id=\"field_kmmo3_label\" class=\"frm_primary_label\">Ime i prezime:\r\n        <span class=\"frm_required\" aria-hidden=\"true\">*<\/span>\r\n    <\/label>\r\n    <input  type=\"text\" id=\"field_kmmo3\" name=\"item_meta[77]\" value=\"\"  data-reqmsg=\"Ovo polje ne smije biti prazno.\" aria-required=\"true\" data-invmsg=\"Text is invalid\" aria-invalid=\"false\"   \/>\r\n    \r\n    \r\n<\/div>\n<div id=\"frm_field_78_container\" class=\"frm_form_field form-field  frm_required_field frm_top_container\">\r\n    <label for=\"field_qhfth\" id=\"field_qhfth_label\" class=\"frm_primary_label\">Email\r\n        <span class=\"frm_required\" aria-hidden=\"true\">*<\/span>\r\n    <\/label>\r\n    <input type=\"email\" id=\"field_qhfth\" name=\"item_meta[78]\" value=\"\"  data-reqmsg=\"Ovo polje ne smije biti prazno.\" aria-required=\"true\" data-invmsg=\"Unesite valjanu adresu e-po\u0161te.\" aria-invalid=\"false\"  \/>\r\n    \r\n    \r\n<\/div>\n<div id=\"frm_field_84_container\" class=\"frm_form_field form-field  frm_top_container\">\r\n    <label for=\"field_d18kv\" id=\"field_d18kv_label\" class=\"frm_primary_label\">Telefon\r\n        <span class=\"frm_required\" aria-hidden=\"true\"><\/span>\r\n    <\/label>\r\n    <input  type=\"text\" id=\"field_d18kv\" name=\"item_meta[84]\" value=\"\"  data-invmsg=\"Text is invalid\" aria-invalid=\"false\"   \/>\r\n    \r\n    \r\n<\/div>\n<div id=\"frm_field_80_container\" class=\"frm_form_field form-field  frm_required_field frm_top_container frm_full\">\r\n    <label for=\"field_fci8f\" id=\"field_fci8f_label\" class=\"frm_primary_label\">Va\u0161a poruka\r\n        <span class=\"frm_required\" aria-hidden=\"true\">*<\/span>\r\n    <\/label>\r\n    <textarea name=\"item_meta[80]\" id=\"field_fci8f\" rows=\"5\"  data-reqmsg=\"Ovo polje ne mo\u017ee biti prazno.\" aria-required=\"true\" data-invmsg=\"Tekst je neva\u017ee\u0107i.\" aria-invalid=\"false\"  ><\/textarea>\r\n    \r\n    \r\n<\/div>\n<div id=\"frm_field_81_container\" class=\"frm_form_field form-field  frm_required_field frm_top_container vertical_radio\">\r\n    <div  id=\"field_pubtb_label\" class=\"frm_primary_label\">Potvrdite:\r\n        <span class=\"frm_required\" aria-hidden=\"true\">*<\/span>\r\n    <\/div>\r\n    <div class=\"frm_opt_container\" aria-labelledby=\"field_pubtb_label\" role=\"group\">\t\t<div class=\"frm_checkbox\" id=\"frm_checkbox_81-0\">\t\t\t<label  for=\"field_pubtb-0\">\n\t\t\t<input type=\"checkbox\" name=\"item_meta[81][]\" id=\"field_pubtb-0\" value=\"Sa klikom na dugme &#039;Po\u0161aljite poruku&#039; se sla\u017eem, da DATA d.o.o. poslate li\u010dne podatke sakuplja i obra\u0111uje za namere izvo\u0111enja naru\u010denih usluga.\"  data-reqmsg=\"Potvrdite: cannot be blank.\" data-invmsg=\"Potvrdite: is invalid\" aria-invalid=\"false\"   aria-required=\"true\"  \/> Sa klikom na dugme 'Po\u0161aljite poruku' se sla\u017eem, da DATA d.o.o. poslate li\u010dne podatke sakuplja i obra\u0111uje za namere izvo\u0111enja naru\u010denih usluga.<\/label><\/div>\n<\/div>\r\n    \r\n    \r\n<\/div>\n<div id=\"frm_field_83_container\" class=\"frm_form_field form-field  frm_top_container vertical_radio\">\r\n    <div  id=\"field_3dynv_label\" class=\"frm_primary_label\">E-novosti\r\n        <span class=\"frm_required\" aria-hidden=\"true\"><\/span>\r\n    <\/div>\r\n    <div class=\"frm_opt_container\" aria-labelledby=\"field_3dynv_label\" role=\"group\">\t\t<div class=\"frm_checkbox\" id=\"frm_checkbox_83-0\">\t\t\t<label  for=\"field_3dynv-0\">\n\t\t\t<input type=\"checkbox\" name=\"item_meta[83][]\" id=\"field_3dynv-0\" value=\"Sa klikom na dugme &#039;Po\u0161aljite poruku&#039; se sla\u017eem, da DATA d.o.o. poslate li\u010dne podatke sakuplja i obra\u0111uje za namere slanja e-novosti.\"  data-invmsg=\"E-novosti is invalid\" aria-invalid=\"false\"   \/> Sa klikom na dugme 'Po\u0161aljite poruku' se sla\u017eem, da DATA d.o.o. poslate li\u010dne podatke sakuplja i obra\u0111uje za namere slanja e-novosti.<\/label><\/div>\n<\/div>\r\n    \r\n    \r\n<\/div>\n<input type=\"hidden\" name=\"item_meta[82]\" id=\"field_damsk\" value=\"5Kompletna podr\u0161ka u otvaranju firme u Sloveniji\"  data-frmval=\"5Kompletna podr\u0161ka u otvaranju firme u Sloveniji\"   \/>\n<div id=\"frm_field_106_container\" class=\"frm_form_field form-field \">\r\n\t<div class=\"frm_submit\">\r\n\r\n<button class=\"frm_button_submit frm_final_submit\" type=\"submit\"   formnovalidate=\"formnovalidate\">Po\u0161alji poruku<\/button>\r\n\r\n\r\n<\/div>\r\n<\/div>\n\t<input type=\"hidden\" name=\"item_key\" value=\"\" \/>\n\t\t\t<div id=\"frm_field_302_container\">\n\t\t\t<label for=\"field_zbbuv\" >\n\t\t\t\tIf you are human, leave this field blank.\t\t\t<\/label>\n\t\t\t<input  id=\"field_zbbuv\" type=\"text\" class=\"frm_form_field form-field frm_verify\" name=\"item_meta[302]\" value=\"\"  \/>\n\t\t<\/div>\n\t\t<input name=\"frm_state\" type=\"hidden\" value=\"9Sv5Evlzc5T908IhcfV9rXltMOaHJtHpIl9z0gPtoNU\/cVGhx0FEgLYGwWX+xzPn\" \/><\/div>\n<\/fieldset>\n<\/div>\n\n<p style=\"display: none !important;\" class=\"akismet-fields-container\" data-prefix=\"ak_\"><label>&#916;<textarea name=\"ak_hp_textarea\" cols=\"45\" rows=\"8\" maxlength=\"100\"><\/textarea><\/label><input type=\"hidden\" id=\"ak_js_1\" name=\"ak_js\" value=\"236\"\/><script>document.getElementById( \"ak_js_1\" ).setAttribute( \"value\", ( new Date() ).getTime() );<\/script><\/p><\/form>\n<\/div>\n\n<p><!-- [FormaUtrdba ime='kontakt'] --><\/p>\n[\/vc_column_text][\/vc_column][\/vc_row]<\/div>","protected":false},"excerpt":{"rendered":"<p>[vc_row full_width=&#8221;stretch_row_content_no_spaces&#8221; css=&#8221;.vc_custom_1510574976695{margin-bottom: 25px !important;padding-top: 100px !important;padding-bottom: 100px !important;background-image: url(https:\/\/data.si\/hr\/wp-content\/uploads\/2016\/03\/otvaranje-firme.jpg?id=1014) !important;background-position: center !important;background-repeat: no-repeat !important;background-size: cover !important;}&#8221; el_class=&#8221;vc_hidden-md vc_hidden-sm vc_hidden-xs&#8221;][vc_column offset=&#8221;vc_hidden-lg vc_hidden-md vc_hidden-sm&#8221;][vc_column_text] I am text block. Click edit button to change this text. Lorem ipsum dolor sit amet, consectetur adipiscing elit. Ut elit tellus, luctus nec ullamcorper mattis, pulvinar dapibus leo. [\/vc_column_text][\/vc_column][\/vc_row][vc_row][vc_column width=&#8221;2\/3&#8243;][vc_column_text css=&#8221;&#8221; [&hellip;]<\/p>\n","protected":false},"author":1,"featured_media":0,"parent":0,"menu_order":0,"comment_status":"closed","ping_status":"closed","template":"","meta":{"footnotes":""},"yst_prominent_words":[228,422,414,411,410,421,419,423,413,412,417,424,310,311,309,420,415,418,416,237],"class_list":["post-5","page","type-page","status-publish","hentry"],"_links":{"self":[{"href":"https:\/\/data.si\/hr\/wp-json\/wp\/v2\/pages\/5","targetHints":{"allow":["GET"]}}],"collection":[{"href":"https:\/\/data.si\/hr\/wp-json\/wp\/v2\/pages"}],"about":[{"href":"https:\/\/data.si\/hr\/wp-json\/wp\/v2\/types\/page"}],"author":[{"embeddable":true,"href":"https:\/\/data.si\/hr\/wp-json\/wp\/v2\/users\/1"}],"replies":[{"embeddable":true,"href":"https:\/\/data.si\/hr\/wp-json\/wp\/v2\/comments?post=5"}],"version-history":[{"count":67,"href":"https:\/\/data.si\/hr\/wp-json\/wp\/v2\/pages\/5\/revisions"}],"predecessor-version":[{"id":22247,"href":"https:\/\/data.si\/hr\/wp-json\/wp\/v2\/pages\/5\/revisions\/22247"}],"wp:attachment":[{"href":"https:\/\/data.si\/hr\/wp-json\/wp\/v2\/media?parent=5"}],"wp:term":[{"taxonomy":"yst_prominent_words","embeddable":true,"href":"https:\/\/data.si\/hr\/wp-json\/wp\/v2\/yst_prominent_words?post=5"}],"curies":[{"name":"wp","href":"https:\/\/api.w.org\/{rel}","templated":true}]}}