{"id":2580,"date":"2017-03-10T10:56:31","date_gmt":"2017-03-10T09:56:31","guid":{"rendered":"http:\/\/data.si\/hr\/?page_id=2580"},"modified":"2024-12-11T10:35:17","modified_gmt":"2024-12-11T09:35:17","slug":"savetovanje-priprema-dokumentacije-rad-izvodenje-usluga","status":"publish","type":"page","link":"https:\/\/data.si\/hr\/savetovanje-priprema-dokumentacije-rad-izvodenje-usluga\/","title":{"rendered":"Savetovanje i priprema dokumentacije za rad i izvo\u0111enje usluga"},"content":{"rendered":"<div class=\"wpb-content-wrapper\"><p>[vc_row][vc_column width=&#8221;2\/3&#8243;][vc_column_text]<strong>Na\u0161i stru\u010dnjaci savetova\u0107e vam o svim mogu\u0107nostima za <a href=\"https:\/\/data.si\/srb\/imigracija-u-sloveniju\/\">rad i\u00a0boravak u Republici Sloveniji<\/a> i voditi vas kroz proces na brz i jednostavan na\u010din. Za vas \u0107emo spremiti svu potrebnu dokumentaciju za rad i boravak i voditi postupak na osnovi punomo\u0107i.<\/strong><\/p>\n<p>Mnogi strani pojedinci, zastupnici stranih preduze\u0107a i njihovi zaposleni, gra\u0111ani zemlja koje nisu \u010dlanice EU nakon <strong><a title=\"Registracija preduze\u0107a u Sloveniji\" href=\"https:\/\/data.si\/hr\/otvaranje-firme\/\">registracije preduze\u0107a u Sloveniji<\/a><\/strong> odlu\u010de podneti zahtev za dozvolu za boravak i rad u Sloveniji sa nemarom neometanog poslovanja i rada u Sloveniji kao i izvo\u0111enja usluga i rada na teritoriju Republike Slovenije.<\/p>\n<p>Da bi strani zastupnici mogli pro\u0161iriti i uspostaviti <strong><a href=\"https:\/\/data.si\/srb\/biznis-u-sloveniji\/\">poslovanje u Slovenij<\/a>i<\/strong> mogu zatra\u017eiti dozvolu za prekograni\u010dno obavljanje usluga do tri meseca u kalendarskoj godini a tako\u0111er mo\u017ee strani poslodavac radi obavljanja odre\u0111enih poslova u organizacijskoj jedinici u Sloveniji uputiti svoje zaposlene da vode organizacijsku jedinicu ili doprinose svoje specifi\u010dno znanje bitno za podru\u010dje delovanja organizacijske jedinice ili u svrhu stru\u010dnog usavr\u0161avanja i obuke. U tom slu\u010daju je to kretanje lica unutar povezanih preduze\u0107a i u odre\u0111enim slu\u010dajevima i pod odre\u0111enim uslovima mo\u017ee strani poslodavac za te kategorije stranaca dobiti dozvolu za prekograni\u010dni rad do 1 godinu. U svim slu\u010dajevima rada i zapo\u0161ljavanja stranaca u Sloveniji zahteva se potvrda o neka\u017enjavanju iz mati\u010dne dr\u017eave.<\/p>\n<ol>\n<li><strong>Jedinstvena dozvola za boravak i rad stranih zastupnika <\/strong><br \/>\nKada se, zbog \u0161irenja i preseljenja, strani zastupnici odlu\u010de za dugoro\u010dno zaposlenje i rad u Republici Sloveniji i \u017eele da dobiju dozvolu za boravak i rad, mora preduze\u0107e dokazati da aktivno posluje.<\/li>\n<\/ol>\n<p>To zna\u010di:<\/p>\n<ul>\n<li>da ima u zadnjih 6 meseci pre podno\u0161enja zahteva za boravak i rad jednu osobu zaposlenu za puno radno vreme ili<\/li>\n<li>da je imao u svakom od zadnjih 6 meseci prihoda u iznosu 10.000 evra na transakcijski ra\u010dun otvoren u Republici Sloveniji i<\/li>\n<li>da je poslodavac za prihode iz radnog odnosa za zadnjih 6 meseci pred mesecem podno\u0161enja zahteva ili za vreme poslovanja, ako je to kra\u0107e od 6 mjeseci, predlo\u017eio poreski odbitak za prihode iz radnog odnosa, odnosno platne liste, ako je zapo\u0161ljavao radnike, i na dan podno\u0161enja zahteva za boravak i rad nema nepla\u0107enih poreskih obaveza.<\/li>\n<\/ul>\n<p style=\"font-size: 12px;\">* U slu\u010daju poslodavaca, koji su registrovani manje od 6 mjeseci, uslov za rad iz gore navedenih alineja smatra se ispunjen, ako je poslodavac pre podno\u0161enja zahteva za boravak i rad obavio investiciju u iznosu najmanje 50.000 eura u delatnost u okviru koje \u0107e stranac obavljati rad.<\/p>\n<ol start=\"2\">\n<li><strong>Prijava kratkoro\u010dnog rada stranog zastupnika<\/strong><br \/>\nU slu\u010daju da <strong><a href=\"https:\/\/data.si\/srb\/vlasnik-i-zastupnik-firme-u-sloveniji\/\">strani zastupnici<\/a><\/strong> nemaju nameru raditi i obavljati poslove zastupnika u Sloveniji du\u017ee od 90 dana u kalendarskoj godini, im slovena\u010dki Zakon o radu i zapo\u0161ljavanju stranaca omogu\u0107ava brzo i jednostavno re\u0161enje bez uslova, to je prijava kratkoro\u010dnog rada stranih zastupnika.<\/li>\n<\/ol>\n<ol start=\"3\">\n<li><strong>Zapo\u0161ljavanje stranog radnika u slovensko preduze\u0107e <\/strong><br \/>\nPreduze\u0107a koja \u017eele zaposliti stranca iz zemalja izvan EU na odre\u0111eno radno mesto, mogu to obaviti sa procesom zapo\u0161ljavanja sa kontrolom tr\u017ei\u0161ta rada. Preduze\u0107ima savetujemo u procesu, u njihovo ime pripremimo konkurs, obavimo razgovore sa potencialnim kandidatima, <strong><a href=\"https:\/\/data.si\/hr\/o-nama\/\">pripremimo svu potrebnu dokumentaciju i vodimo proces<\/a><\/strong> dobijanja dozvole za rad i boravak. Slovena\u010dki poslodavac, koji \u017eeli na odre\u0111eno radno mesto zapo\u0161ljavati bosanske dr\u017eavljane mora ispunjavati iste uslove kao za dobijanje dozvole za boravak i\u00a0rad stranog zastupnika a uz to jo\u0161 dodatan uslov i ta je dokazati da u evidenci besposlenih osoba <a title=\"Zavod za zapo\u0161ljavanje Republike Slovenije\" href=\"https:\/\/www.ess.gov.si\/\" target=\"_blank\" rel=\"noopener noreferrer\">Zavoda za zapo\u0161ljavanje Republike Slovenije<\/a> nema adekvatnih besposlenih osoba.<\/li>\n<\/ol>\n<ol start=\"4\">\n<li><strong>Rad i zapo\u0161ljavanje stranaca sa visoko\u0161kolskim obrazovanjem<\/strong><br \/>\nIzuzetak je zapo\u0161ljavanje stranaca iz zemalja izvan EU sa viskom stru\u010dnom spremom \u2013 preduze\u0107u koje \u017eeli zaposliti stranca sa visko\u0161kolskim obrazovanjem nije potrebno dokazati da aktivno posluje i tako\u0111e mu nije potrebno obaviti investicije u vrednosti 50.000 eura. Poslodavac mora samo dobiti odgovor Zavoda za zapo\u0161ljavanje RS, da u evidenci besposlenih osoba nema adekvatnih besposlenih osoba.<\/li>\n<\/ol>\n<ol start=\"5\">\n<li><a title=\"Plava karta EU za rad i boravak u Sloveniji\" href=\"https:\/\/data.si\/hr\/plava-karta-eu\/\"><strong>Plava karta EU<\/strong><\/a><\/li>\n<\/ol>\n<p>Ako slovena\u010dki poslodavac \u017eeli zaposliti stranca sa visoko\u0161kolskim obrazovanjem i za njega dobiti plavu kartu EU za rad i boravak, nije mu potrebno dokazati da aktivno posluje i tako\u0111e mu nije potrebno obaviti investicije u vrijednosti 50.000 eura, ali mora ispunjavati slede\u0107e uslove:<\/p>\n<ul>\n<li>dokazati da u evidenciji besposlenih osoba Zavoda za zapo\u0161ljavanje Republike Slovenije nema adekvatnih besposlenih osoba,<\/li>\n<li>sa strancem potpisati ugovor o radu na najmanje godinu dana, a sa kojom strancu obezbedi platu u vi\u0161ini 1,5 prose\u010dnu bruto platu u Republici Sloveniji, koja se izra\u010duna na osnovi prose\u010dne mese\u010dne bruto plate u Republici Sloveniji, poslednji put objavljenoj u Slu\u017ebenom glasniku Republike Slovenije (Uradni list Republike Slovenije).<\/li>\n<\/ul>\n<p>*Strancu sa plavom kartom EU nije potrebno ispuniti uslov jedne godine legalnog boravka u Republici Sloveniji, da bi ostvario pravo na spajanje porodice, sa procesom spajanja porodice mo\u017ee po\u010deti odmah nakon dobijanja svojeg boravka.<\/p>\n<p>U preduze\u0107ima gde se zapo\u0161ljava strance sa kontrolom tr\u017ei\u0161ta rada (zapo\u0161ljavanje stranog radnika na odre\u0111eno radno mesto, zapo\u0161ljavanje kadra sa visoko\u0161kolskim obrazovanjem, plava karta EU), mora status zastupnika biti sre\u0111en.<\/p>\n<p>Nudimo vam <strong><a href=\"https:\/\/data.si\/hr\/\">kompletnu podr\u0161ku<\/a><\/strong> u procesu zapo\u0161ljavanja i izvo\u0111enja radova i usluga na teritoriji Republike Slovenije.<\/p>\n<p>Za dodatne informacije i pitanja pi\u0161ite na e-mail <a href=\"mailto:data@data.si\">data@data.si<\/a>, nazovite na telefonski broj <a href=\"tel:+38616006274\">+386 1 6006 274<\/a> ili Viber <a href=\"viber:\/\/contact?number=38664173023\">+386 64 173 023<\/a>.[\/vc_column_text][\/vc_column][vc_column width=&#8221;1\/3&#8243;]<div class=\"porto-testimonial wpb_content_element   wpb_custom_4760b66c0cbf51ec9a7673f3785bca75\"><div class=\"testimonial testimonial-style-3\"><blockquote><p>\n<p style=\"line-height: 1.8;\">Besplatno se posavetujte sa nama.<br \/>\n<!-- <i class=\"fa fa-skype\"><\/i> Skype: <a href=\"skype:svetlana.lukic20?call\">svetlana.lukic20<\/a> --><br \/>\n<i class=\"fa fa-phone\"><\/i> Telefon: <a style=\"color: #ffffff;\" href=\"tel:+38616006274\">+386 1 6006 274<\/a><br \/>\n<i class=\"fa fa-phone\"><\/i> Viber: <a style=\"color: #ffffff;\" href=\"viber:\/\/contact?number=38664173023\">+386 64 173 023<\/a><br \/>\n<i class=\"fa fa-envelope\"><\/i> <a style=\"color: #ffffff;\" href=\"mailto:data@data.si\">data@data.si<\/a><\/p>\n<p><\/p><\/blockquote><div class=\"testimonial-arrow-down\"><\/div><div class=\"testimonial-author\"><p><strong><\/strong><span><\/span><\/p><\/div><\/div><\/div>[vc_column_text]<div class=\"frm_forms  with_frm_style frm_style_formidable-style-2\" id=\"frm_form_3_container\" data-token=\"71efd1d4e636a212096f4d5f6b753188\">\n<form enctype=\"multipart\/form-data\" method=\"post\" class=\"frm-show-form  frm_pro_form \" id=\"form_kontakt\" data-token=\"71efd1d4e636a212096f4d5f6b753188\">\n<div class=\"frm_form_fields \">\n<fieldset>\n<div class=\"frm_fields_container\">\n<input type=\"hidden\" name=\"frm_action\" value=\"create\" \/>\n<input type=\"hidden\" name=\"form_id\" value=\"3\" \/>\n<input type=\"hidden\" name=\"frm_hide_fields_3\" id=\"frm_hide_fields_3\" value=\"\" \/>\n<input type=\"hidden\" name=\"form_key\" value=\"kontakt\" \/>\n<input type=\"hidden\" name=\"item_meta[0]\" value=\"\" \/>\n<input type=\"hidden\" id=\"frm_submit_entry_3\" name=\"frm_submit_entry_3\" value=\"ac8f05c50f\" \/><input type=\"hidden\" name=\"_wp_http_referer\" value=\"\/hr\/wp-json\/wp\/v2\/pages\/2580\" \/><div id=\"frm_field_77_container\" class=\"frm_form_field form-field  frm_required_field frm_top_container\">\r\n    <label for=\"field_kmmo3\" id=\"field_kmmo3_label\" class=\"frm_primary_label\">Ime i prezime:\r\n        <span class=\"frm_required\" aria-hidden=\"true\">*<\/span>\r\n    <\/label>\r\n    <input  type=\"text\" id=\"field_kmmo3\" name=\"item_meta[77]\" value=\"\"  data-reqmsg=\"Ovo polje ne smije biti prazno.\" aria-required=\"true\" data-invmsg=\"Text is invalid\" aria-invalid=\"false\"   \/>\r\n    \r\n    \r\n<\/div>\n<div id=\"frm_field_78_container\" class=\"frm_form_field form-field  frm_required_field frm_top_container\">\r\n    <label for=\"field_qhfth\" id=\"field_qhfth_label\" class=\"frm_primary_label\">Email\r\n        <span class=\"frm_required\" aria-hidden=\"true\">*<\/span>\r\n    <\/label>\r\n    <input type=\"email\" id=\"field_qhfth\" name=\"item_meta[78]\" value=\"\"  data-reqmsg=\"Ovo polje ne smije biti prazno.\" aria-required=\"true\" data-invmsg=\"Unesite valjanu adresu e-po\u0161te.\" aria-invalid=\"false\"  \/>\r\n    \r\n    \r\n<\/div>\n<div id=\"frm_field_84_container\" class=\"frm_form_field form-field  frm_top_container\">\r\n    <label for=\"field_d18kv\" id=\"field_d18kv_label\" class=\"frm_primary_label\">Telefon\r\n        <span class=\"frm_required\" aria-hidden=\"true\"><\/span>\r\n    <\/label>\r\n    <input  type=\"text\" id=\"field_d18kv\" name=\"item_meta[84]\" value=\"\"  data-invmsg=\"Text is invalid\" aria-invalid=\"false\"   \/>\r\n    \r\n    \r\n<\/div>\n<div id=\"frm_field_80_container\" class=\"frm_form_field form-field  frm_required_field frm_top_container frm_full\">\r\n    <label for=\"field_fci8f\" id=\"field_fci8f_label\" class=\"frm_primary_label\">Va\u0161a poruka\r\n        <span class=\"frm_required\" aria-hidden=\"true\">*<\/span>\r\n    <\/label>\r\n    <textarea name=\"item_meta[80]\" id=\"field_fci8f\" rows=\"5\"  data-reqmsg=\"Ovo polje ne mo\u017ee biti prazno.\" aria-required=\"true\" data-invmsg=\"Tekst je neva\u017ee\u0107i.\" aria-invalid=\"false\"  ><\/textarea>\r\n    \r\n    \r\n<\/div>\n<div id=\"frm_field_81_container\" class=\"frm_form_field form-field  frm_required_field frm_top_container vertical_radio\">\r\n    <div  id=\"field_pubtb_label\" class=\"frm_primary_label\">Potvrdite:\r\n        <span class=\"frm_required\" aria-hidden=\"true\">*<\/span>\r\n    <\/div>\r\n    <div class=\"frm_opt_container\" aria-labelledby=\"field_pubtb_label\" role=\"group\">\t\t<div class=\"frm_checkbox\" id=\"frm_checkbox_81-0\">\t\t\t<label  for=\"field_pubtb-0\">\n\t\t\t<input type=\"checkbox\" name=\"item_meta[81][]\" id=\"field_pubtb-0\" value=\"Sa klikom na dugme &#039;Po\u0161aljite poruku&#039; se sla\u017eem, da DATA d.o.o. poslate li\u010dne podatke sakuplja i obra\u0111uje za namere izvo\u0111enja naru\u010denih usluga.\"  data-reqmsg=\"Potvrdite: cannot be blank.\" data-invmsg=\"Potvrdite: is invalid\" aria-invalid=\"false\"   aria-required=\"true\"  \/> Sa klikom na dugme 'Po\u0161aljite poruku' se sla\u017eem, da DATA d.o.o. poslate li\u010dne podatke sakuplja i obra\u0111uje za namere izvo\u0111enja naru\u010denih usluga.<\/label><\/div>\n<\/div>\r\n    \r\n    \r\n<\/div>\n<div id=\"frm_field_83_container\" class=\"frm_form_field form-field  frm_top_container vertical_radio\">\r\n    <div  id=\"field_3dynv_label\" class=\"frm_primary_label\">E-novosti\r\n        <span class=\"frm_required\" aria-hidden=\"true\"><\/span>\r\n    <\/div>\r\n    <div class=\"frm_opt_container\" aria-labelledby=\"field_3dynv_label\" role=\"group\">\t\t<div class=\"frm_checkbox\" id=\"frm_checkbox_83-0\">\t\t\t<label  for=\"field_3dynv-0\">\n\t\t\t<input type=\"checkbox\" name=\"item_meta[83][]\" id=\"field_3dynv-0\" value=\"Sa klikom na dugme &#039;Po\u0161aljite poruku&#039; se sla\u017eem, da DATA d.o.o. poslate li\u010dne podatke sakuplja i obra\u0111uje za namere slanja e-novosti.\"  data-invmsg=\"E-novosti is invalid\" aria-invalid=\"false\"   \/> Sa klikom na dugme 'Po\u0161aljite poruku' se sla\u017eem, da DATA d.o.o. poslate li\u010dne podatke sakuplja i obra\u0111uje za namere slanja e-novosti.<\/label><\/div>\n<\/div>\r\n    \r\n    \r\n<\/div>\n<input type=\"hidden\" name=\"item_meta[82]\" id=\"field_damsk\" value=\"2580Savetovanje i priprema dokumentacije za rad i izvo\u0111enje usluga\"  data-frmval=\"2580Savetovanje i priprema dokumentacije za rad i izvo\u0111enje usluga\"   \/>\n<div id=\"frm_field_106_container\" class=\"frm_form_field form-field \">\r\n\t<div class=\"frm_submit\">\r\n\r\n<button class=\"frm_button_submit frm_final_submit\" type=\"submit\"   formnovalidate=\"formnovalidate\">Po\u0161alji poruku<\/button>\r\n\r\n\r\n<\/div>\r\n<\/div>\n\t<input type=\"hidden\" name=\"item_key\" value=\"\" \/>\n\t\t\t<div id=\"frm_field_302_container\">\n\t\t\t<label for=\"field_lw846\" >\n\t\t\t\tIf you are human, leave this field blank.\t\t\t<\/label>\n\t\t\t<input  id=\"field_lw846\" type=\"text\" class=\"frm_form_field form-field frm_verify\" name=\"item_meta[302]\" value=\"\"  \/>\n\t\t<\/div>\n\t\t<input name=\"frm_state\" type=\"hidden\" value=\"9Sv5Evlzc5T908IhcfV9renWQRO+ViUbytIezKOgov0nE3RtyDi+ZSIibD7yYb\/a\" \/><\/div>\n<\/fieldset>\n<\/div>\n\n<p style=\"display: none !important;\" class=\"akismet-fields-container\" data-prefix=\"ak_\"><label>&#916;<textarea name=\"ak_hp_textarea\" cols=\"45\" rows=\"8\" maxlength=\"100\"><\/textarea><\/label><input type=\"hidden\" id=\"ak_js_1\" name=\"ak_js\" value=\"132\"\/><script>document.getElementById( \"ak_js_1\" ).setAttribute( \"value\", ( new Date() ).getTime() );<\/script><\/p><\/form>\n<\/div>\n[\/vc_column_text][\/vc_column][\/vc_row]<\/p>\n<\/div>","protected":false},"excerpt":{"rendered":"<p>[vc_row][vc_column width=&#8221;2\/3&#8243;][vc_column_text]Na\u0161i stru\u010dnjaci savetova\u0107e vam o svim mogu\u0107nostima za rad i\u00a0boravak u Republici Sloveniji i voditi vas kroz proces na brz i jednostavan na\u010din. Za vas \u0107emo spremiti svu potrebnu dokumentaciju za rad i boravak i voditi postupak na osnovi punomo\u0107i. Mnogi strani pojedinci, zastupnici stranih preduze\u0107a i njihovi zaposleni, gra\u0111ani zemlja koje nisu \u010dlanice [&hellip;]<\/p>\n","protected":false},"author":1,"featured_media":0,"parent":0,"menu_order":0,"comment_status":"closed","ping_status":"closed","template":"","meta":{"footnotes":""},"yst_prominent_words":[],"class_list":["post-2580","page","type-page","status-publish","hentry"],"_links":{"self":[{"href":"https:\/\/data.si\/hr\/wp-json\/wp\/v2\/pages\/2580","targetHints":{"allow":["GET"]}}],"collection":[{"href":"https:\/\/data.si\/hr\/wp-json\/wp\/v2\/pages"}],"about":[{"href":"https:\/\/data.si\/hr\/wp-json\/wp\/v2\/types\/page"}],"author":[{"embeddable":true,"href":"https:\/\/data.si\/hr\/wp-json\/wp\/v2\/users\/1"}],"replies":[{"embeddable":true,"href":"https:\/\/data.si\/hr\/wp-json\/wp\/v2\/comments?post=2580"}],"version-history":[{"count":49,"href":"https:\/\/data.si\/hr\/wp-json\/wp\/v2\/pages\/2580\/revisions"}],"predecessor-version":[{"id":21348,"href":"https:\/\/data.si\/hr\/wp-json\/wp\/v2\/pages\/2580\/revisions\/21348"}],"wp:attachment":[{"href":"https:\/\/data.si\/hr\/wp-json\/wp\/v2\/media?parent=2580"}],"wp:term":[{"taxonomy":"yst_prominent_words","embeddable":true,"href":"https:\/\/data.si\/hr\/wp-json\/wp\/v2\/yst_prominent_words?post=2580"}],"curies":[{"name":"wp","href":"https:\/\/api.w.org\/{rel}","templated":true}]}}