{"id":2570,"date":"2017-03-10T10:10:13","date_gmt":"2017-03-10T09:10:13","guid":{"rendered":"http:\/\/data.si\/hr\/?page_id=2570"},"modified":"2024-12-11T10:33:35","modified_gmt":"2024-12-11T09:33:35","slug":"poresko-finansijsko-savetovanje","status":"publish","type":"page","link":"https:\/\/data.si\/hr\/poresko-finansijsko-savetovanje\/","title":{"rendered":"Poresko i finansijsko savetovanje u Sloveniji"},"content":{"rendered":"<div class=\"wpb-content-wrapper\"><p>[vc_row][vc_column width=&#8221;2\/3&#8243;][vc_column_text]<strong>Preduzetnicima nudimo finansijsko savetovanje, poma\u017eemo u pove\u0107anju dobiti i poreskoj optimizaciji poslovanja.<\/strong><\/p>\n<p>Stranim preduzetnicima naj\u010de\u0161\u0107e\u00a0nudimo finansijko savetovanje\u00a0o ulaganju kapitala u preduze\u0107e, investicijama i amortizaciji, <strong><a href=\"https:\/\/data.si\/srb\/troskovi-kompanije-u-sloveniji-i-eu\/\">tro\u0161kovima poslovanja u Sloveniji<\/a><\/strong>, obra\u010dunima plata u Sloveniji, putnim tro\u0161kovima i drugim tro\u0161kovima povezanim sa radom. Savetujemo jim tako\u0111e u vezi poreza, saradnje sa mati\u010dnim preduze\u0107em i drugim preduze\u0107ima u inostranstvu.<\/p>\n<h2>Poresko savetovanje u Sloveniji<\/h2>\n<p>U preduze\u0107u Data imamo zaposlene poreske <strong><a href=\"https:\/\/data.si\/hr\/o-nama\/\">stru\u010dnjake<\/a><\/strong>, koji u saradnji sa ra\u010dunovodskim stru\u010dnjacima nude kompletnu podr\u0161ku. Sa pa\u017eljivim planiranjem poma\u017eemo preduzetniku optimizirati poslovanje i smanjiti negativne poreske uticaje. Jo\u0161 posebno vam savetujemo o obra\u010dunu PDV-a, tro\u0161arinama, porezu na dobit i drugim poreskim obavezama, koje nastanu tokom va\u0161eg poslovanja i u zavisnosti od va\u0161eg specifi\u010dnog statusa. Savetujemo vam o ispravnom na\u010dinu uva\u017eavanja poreskih olak\u0161ica, obra\u010dunu poreza na dohodak i drugim porezima fizi\u010dkih lica, poma\u017eemo u <strong><a href=\"https:\/\/data.si\/srb\/porezi-u-sloveniji\/\">poreskom planiranju<\/a><\/strong>, analizi situacije i nudimo aktivno u\u010de\u0161\u0107e u inspekcijskim pregledima.<\/p>\n<p>U Dati se fokusiramo na preventivno finansijsko savetovanje i na to kakve poreske, ra\u010dunovodske i finansijske posledice \u0107e imati odre\u0111en <strong><a href=\"https:\/\/data.si\/srb\/poslovno-savetovanje\/\">poslovni potez<\/a><\/strong>.<\/p>\n<h2>Finansijsko savetovanje u Sloveniji<\/h2>\n<p>Regulisane financije, regulisano preduze\u0107e. \u017delimo da uz na\u0161u podr\u0161ku i\u00a0finansijsko savetovanje\u00a0na kraju mo\u017eete potvrditi tu re\u010denicu. Finansijsko savetovanje je u dono\u0161enju poslovnih odluka klju\u010dnog zna\u010daja i od kvalitete saveta \u010desto ovisi budu\u0107nost i razvoj va\u0161eg preduze\u0107a.<\/p>\n<p>Pred savetovanjem pregledamo i analiziramo postoje\u0107u situaciju. Pripremimo vam kratkoro\u010dne i dugoro\u010dne finansijske planove, izra\u010dunamo nov\u010dani tok, pregledamo efekte investicije na budu\u0107u finansijskun sliku poslovanja va\u0161eg preduze\u0107a, pripremimo svu dokumentaciju za finansiranje investicije, poma\u017eemo vam pobolj\u0161ati likvidnost i solventnost preduze\u0107a, sa vama upravljamo dugove, izdatke i prihode i vr\u0161imo finasijsku kontrolu. Nudimo vam finansijsko savetovanje u potragi finansijskih sredstava i planiranju finansiranja.<\/p>\n<p>Ako imate pitanja za na\u0161e poreske i finansijske savetnike i \u017eelite se naru\u010diti na finansijsko savetovanje, pi\u0161ite nam na e-mail <a href=\"mailto:data@data.si\">data@data.si<\/a> ili nas nazovite na tel. broj <a href=\"tel:+38616006274\">+386 1 6006 274<\/a> ili Viber <a href=\"viber:\/\/contact?number=38664173023\">+386 64 173 023<\/a>.[\/vc_column_text][\/vc_column][vc_column width=&#8221;1\/3&#8243;]<div class=\"porto-testimonial wpb_content_element   wpb_custom_4760b66c0cbf51ec9a7673f3785bca75\"><div class=\"testimonial testimonial-style-3\"><blockquote><p>\n<p style=\"line-height: 1.8;\">Besplatno se posavetujte sa nama.<br \/>\n<!-- <i class=\"fa fa-skype\"><\/i> Skype: <a href=\"skype:svetlana.lukic20?call\">svetlana.lukic20<\/a> --><br \/>\n<i class=\"fa fa-phone\"><\/i> Telefon: <a style=\"color: #ffffff;\" href=\"tel:+38616006274\">+386 1 6006 274<\/a><br \/>\n<i class=\"fa fa-phone\"><\/i> Viber: <a style=\"color: #ffffff;\" href=\"viber:\/\/contact?number=38664173023\">+386 64 173 023<\/a><br \/>\n<i class=\"fa fa-envelope\"><\/i> <a style=\"color: #ffffff;\" href=\"mailto:data@data.si\">data@data.si<\/a><\/p>\n<p><\/p><\/blockquote><div class=\"testimonial-arrow-down\"><\/div><div class=\"testimonial-author\"><p><strong><\/strong><span><\/span><\/p><\/div><\/div><\/div>[vc_column_text]<div class=\"frm_forms  with_frm_style frm_style_formidable-style-2\" id=\"frm_form_3_container\" data-token=\"11ffa7d7f80a022e6ec00cea19e161d0\">\n<form enctype=\"multipart\/form-data\" method=\"post\" class=\"frm-show-form  frm_pro_form \" id=\"form_kontakt\" data-token=\"11ffa7d7f80a022e6ec00cea19e161d0\">\n<div class=\"frm_form_fields \">\n<fieldset>\n<div class=\"frm_fields_container\">\n<input type=\"hidden\" name=\"frm_action\" value=\"create\" \/>\n<input type=\"hidden\" name=\"form_id\" value=\"3\" \/>\n<input type=\"hidden\" name=\"frm_hide_fields_3\" id=\"frm_hide_fields_3\" value=\"\" \/>\n<input type=\"hidden\" name=\"form_key\" value=\"kontakt\" \/>\n<input type=\"hidden\" name=\"item_meta[0]\" value=\"\" \/>\n<input type=\"hidden\" id=\"frm_submit_entry_3\" name=\"frm_submit_entry_3\" value=\"58c27bff26\" \/><input type=\"hidden\" name=\"_wp_http_referer\" value=\"\/hr\/wp-json\/wp\/v2\/pages\/2570\" \/><div id=\"frm_field_77_container\" class=\"frm_form_field form-field  frm_required_field frm_top_container\">\r\n    <label for=\"field_kmmo3\" id=\"field_kmmo3_label\" class=\"frm_primary_label\">Ime i prezime:\r\n        <span class=\"frm_required\" aria-hidden=\"true\">*<\/span>\r\n    <\/label>\r\n    <input  type=\"text\" id=\"field_kmmo3\" name=\"item_meta[77]\" value=\"\"  data-reqmsg=\"Ovo polje ne smije biti prazno.\" aria-required=\"true\" data-invmsg=\"Text is invalid\" aria-invalid=\"false\"   \/>\r\n    \r\n    \r\n<\/div>\n<div id=\"frm_field_78_container\" class=\"frm_form_field form-field  frm_required_field frm_top_container\">\r\n    <label for=\"field_qhfth\" id=\"field_qhfth_label\" class=\"frm_primary_label\">Email\r\n        <span class=\"frm_required\" aria-hidden=\"true\">*<\/span>\r\n    <\/label>\r\n    <input type=\"email\" id=\"field_qhfth\" name=\"item_meta[78]\" value=\"\"  data-reqmsg=\"Ovo polje ne smije biti prazno.\" aria-required=\"true\" data-invmsg=\"Unesite valjanu adresu e-po\u0161te.\" aria-invalid=\"false\"  \/>\r\n    \r\n    \r\n<\/div>\n<div id=\"frm_field_84_container\" class=\"frm_form_field form-field  frm_top_container\">\r\n    <label for=\"field_d18kv\" id=\"field_d18kv_label\" class=\"frm_primary_label\">Telefon\r\n        <span class=\"frm_required\" aria-hidden=\"true\"><\/span>\r\n    <\/label>\r\n    <input  type=\"text\" id=\"field_d18kv\" name=\"item_meta[84]\" value=\"\"  data-invmsg=\"Text is invalid\" aria-invalid=\"false\"   \/>\r\n    \r\n    \r\n<\/div>\n<div id=\"frm_field_80_container\" class=\"frm_form_field form-field  frm_required_field frm_top_container frm_full\">\r\n    <label for=\"field_fci8f\" id=\"field_fci8f_label\" class=\"frm_primary_label\">Va\u0161a poruka\r\n        <span class=\"frm_required\" aria-hidden=\"true\">*<\/span>\r\n    <\/label>\r\n    <textarea name=\"item_meta[80]\" id=\"field_fci8f\" rows=\"5\"  data-reqmsg=\"Ovo polje ne mo\u017ee biti prazno.\" aria-required=\"true\" data-invmsg=\"Tekst je neva\u017ee\u0107i.\" aria-invalid=\"false\"  ><\/textarea>\r\n    \r\n    \r\n<\/div>\n<div id=\"frm_field_81_container\" class=\"frm_form_field form-field  frm_required_field frm_top_container vertical_radio\">\r\n    <div  id=\"field_pubtb_label\" class=\"frm_primary_label\">Potvrdite:\r\n        <span class=\"frm_required\" aria-hidden=\"true\">*<\/span>\r\n    <\/div>\r\n    <div class=\"frm_opt_container\" aria-labelledby=\"field_pubtb_label\" role=\"group\">\t\t<div class=\"frm_checkbox\" id=\"frm_checkbox_81-0\">\t\t\t<label  for=\"field_pubtb-0\">\n\t\t\t<input type=\"checkbox\" name=\"item_meta[81][]\" id=\"field_pubtb-0\" value=\"Sa klikom na dugme &#039;Po\u0161aljite poruku&#039; se sla\u017eem, da DATA d.o.o. poslate li\u010dne podatke sakuplja i obra\u0111uje za namere izvo\u0111enja naru\u010denih usluga.\"  data-reqmsg=\"Potvrdite: cannot be blank.\" data-invmsg=\"Potvrdite: is invalid\" aria-invalid=\"false\"   aria-required=\"true\"  \/> Sa klikom na dugme 'Po\u0161aljite poruku' se sla\u017eem, da DATA d.o.o. poslate li\u010dne podatke sakuplja i obra\u0111uje za namere izvo\u0111enja naru\u010denih usluga.<\/label><\/div>\n<\/div>\r\n    \r\n    \r\n<\/div>\n<div id=\"frm_field_83_container\" class=\"frm_form_field form-field  frm_top_container vertical_radio\">\r\n    <div  id=\"field_3dynv_label\" class=\"frm_primary_label\">E-novosti\r\n        <span class=\"frm_required\" aria-hidden=\"true\"><\/span>\r\n    <\/div>\r\n    <div class=\"frm_opt_container\" aria-labelledby=\"field_3dynv_label\" role=\"group\">\t\t<div class=\"frm_checkbox\" id=\"frm_checkbox_83-0\">\t\t\t<label  for=\"field_3dynv-0\">\n\t\t\t<input type=\"checkbox\" name=\"item_meta[83][]\" id=\"field_3dynv-0\" value=\"Sa klikom na dugme &#039;Po\u0161aljite poruku&#039; se sla\u017eem, da DATA d.o.o. poslate li\u010dne podatke sakuplja i obra\u0111uje za namere slanja e-novosti.\"  data-invmsg=\"E-novosti is invalid\" aria-invalid=\"false\"   \/> Sa klikom na dugme 'Po\u0161aljite poruku' se sla\u017eem, da DATA d.o.o. poslate li\u010dne podatke sakuplja i obra\u0111uje za namere slanja e-novosti.<\/label><\/div>\n<\/div>\r\n    \r\n    \r\n<\/div>\n<input type=\"hidden\" name=\"item_meta[82]\" id=\"field_damsk\" value=\"2570Poresko i finansijsko savetovanje u Sloveniji\"  data-frmval=\"2570Poresko i finansijsko savetovanje u Sloveniji\"   \/>\n<div id=\"frm_field_106_container\" class=\"frm_form_field form-field \">\r\n\t<div class=\"frm_submit\">\r\n\r\n<button class=\"frm_button_submit frm_final_submit\" type=\"submit\"   formnovalidate=\"formnovalidate\">Po\u0161alji poruku<\/button>\r\n\r\n\r\n<\/div>\r\n<\/div>\n\t<input type=\"hidden\" name=\"item_key\" value=\"\" \/>\n\t\t\t<div id=\"frm_field_302_container\">\n\t\t\t<label for=\"field_x1dia\" >\n\t\t\t\tIf you are human, leave this field blank.\t\t\t<\/label>\n\t\t\t<input  id=\"field_x1dia\" type=\"text\" class=\"frm_form_field form-field frm_verify\" name=\"item_meta[302]\" value=\"\"  \/>\n\t\t<\/div>\n\t\t<input name=\"frm_state\" type=\"hidden\" value=\"9Sv5Evlzc5T908IhcfV9rSPJ8mS0RPLyI5u3be8+t\/knE3RtyDi+ZSIibD7yYb\/a\" \/><\/div>\n<\/fieldset>\n<\/div>\n\n<p style=\"display: none !important;\" class=\"akismet-fields-container\" data-prefix=\"ak_\"><label>&#916;<textarea name=\"ak_hp_textarea\" cols=\"45\" rows=\"8\" maxlength=\"100\"><\/textarea><\/label><input type=\"hidden\" id=\"ak_js_1\" name=\"ak_js\" value=\"86\"\/><script>document.getElementById( \"ak_js_1\" ).setAttribute( \"value\", ( new Date() ).getTime() );<\/script><\/p><\/form>\n<\/div>\n[\/vc_column_text][\/vc_column][\/vc_row]<\/p>\n<\/div>","protected":false},"excerpt":{"rendered":"<p>[vc_row][vc_column width=&#8221;2\/3&#8243;][vc_column_text]Preduzetnicima nudimo finansijsko savetovanje, poma\u017eemo u pove\u0107anju dobiti i poreskoj optimizaciji poslovanja. Stranim preduzetnicima naj\u010de\u0161\u0107e\u00a0nudimo finansijko savetovanje\u00a0o ulaganju kapitala u preduze\u0107e, investicijama i amortizaciji, tro\u0161kovima poslovanja u Sloveniji, obra\u010dunima plata u Sloveniji, putnim tro\u0161kovima i drugim tro\u0161kovima povezanim sa radom. Savetujemo jim tako\u0111e u vezi poreza, saradnje sa mati\u010dnim preduze\u0107em i drugim preduze\u0107ima u [&hellip;]<\/p>\n","protected":false},"author":1,"featured_media":0,"parent":0,"menu_order":0,"comment_status":"closed","ping_status":"closed","template":"","meta":{"footnotes":""},"yst_prominent_words":[],"class_list":["post-2570","page","type-page","status-publish","hentry"],"_links":{"self":[{"href":"https:\/\/data.si\/hr\/wp-json\/wp\/v2\/pages\/2570","targetHints":{"allow":["GET"]}}],"collection":[{"href":"https:\/\/data.si\/hr\/wp-json\/wp\/v2\/pages"}],"about":[{"href":"https:\/\/data.si\/hr\/wp-json\/wp\/v2\/types\/page"}],"author":[{"embeddable":true,"href":"https:\/\/data.si\/hr\/wp-json\/wp\/v2\/users\/1"}],"replies":[{"embeddable":true,"href":"https:\/\/data.si\/hr\/wp-json\/wp\/v2\/comments?post=2570"}],"version-history":[{"count":47,"href":"https:\/\/data.si\/hr\/wp-json\/wp\/v2\/pages\/2570\/revisions"}],"predecessor-version":[{"id":21347,"href":"https:\/\/data.si\/hr\/wp-json\/wp\/v2\/pages\/2570\/revisions\/21347"}],"wp:attachment":[{"href":"https:\/\/data.si\/hr\/wp-json\/wp\/v2\/media?parent=2570"}],"wp:term":[{"taxonomy":"yst_prominent_words","embeddable":true,"href":"https:\/\/data.si\/hr\/wp-json\/wp\/v2\/yst_prominent_words?post=2570"}],"curies":[{"name":"wp","href":"https:\/\/api.w.org\/{rel}","templated":true}]}}