{"id":2560,"date":"2017-03-09T11:28:06","date_gmt":"2017-03-09T10:28:06","guid":{"rendered":"http:\/\/data.si\/hr\/?page_id=2560"},"modified":"2024-12-11T10:19:52","modified_gmt":"2024-12-11T09:19:52","slug":"otvaranje-filijale-u-sloveniji","status":"publish","type":"page","link":"https:\/\/data.si\/hr\/otvaranje-filijale-u-sloveniji\/","title":{"rendered":"Otvaranje filijale u Sloveniji"},"content":{"rendered":"<div class=\"wpb-content-wrapper\"><p>[vc_row][vc_column width=&#8221;2\/3&#8243;][vc_column_text]<\/p>\n<h2>Otvaranje filijale u Sloveniji &#8211; odli\u010dna prilika za \u0161irenje biznisa u EU<\/h2>\n<p>Otvaranje filijale u Sloveniji je odli\u010dna mogu\u0107nost za \u0161irenje va\u0161eg ve\u0107 postoje\u0107eg poslovanja.<\/p>\n<p>Pre\u00a0<a href=\"https:\/\/data.si\/srb\/dokumentacija-za-otvaranje-podruznice-u-sloveniji\/\"><strong>otvaranja filijale u Sloveniji<\/strong><\/a>\u00a0potrebno je da strano preduze\u0107e kao i budu\u0107i zastupnici\u00a0filijale dobiju\u00a0slovena\u010dki poreski broj. Za otvaranje filijale u Sloveniji nije vam<\/p>\n<p>potreban osnovni kapital.<\/p>\n<p>Zastupnik mati\u010dnog preduze\u0107a ili ovla\u0161\u0107eno lice mora otvaranje filijale u Sloveniji\u00a0izvr\u0161iti kod notara. U <strong><a href=\"https:\/\/data.si\/srb\/prosirite-svoj-posao-na-evropsko-trziste\/\">procesu registracije filijale<\/a><\/strong>\u00a0mo\u017eemo vam u preduze\u0107u Data ponuditi kompletnu podr\u0161ku i u va\u0161e ime i na osnovu ovla\u0161\u0107enja izvr\u0161iti registraciju filijale u Sloveniji za va\u0161e mati\u010dno preduze\u0107e. Pre registracije morate nam na vreme proslediti sve potrebne informacije i dokumente za otvaranje\u00a0filijale u Sloveniji\u00a0kod notara.[\/vc_column_text][vc_cta h2=&#8221;Zovite nas za otvaranje filijale u Sloveniji!&#8221; style=&#8221;3d&#8221; color=&#8221;orange&#8221; add_button=&#8221;bottom&#8221; btn_title=&#8221;Imate pitanje? Kontaktirajte nas!&#8221; btn_color=&#8221;primary&#8221; btn_i_icon_fontawesome=&#8221;fa fa-comments-o&#8221; btn_skin=&#8221;primary&#8221; btn_link=&#8221;url:https%3A%2F%2Fdata.si%2Fhr%2Fkontakt%2F|||&#8221; btn_add_icon=&#8221;true&#8221; btn_custom_onclick=&#8221;true&#8221;]Po\u0161aljite nam upit na e-mail\u00a0<a href=\"mailto:data@data.si\">data@data.si<\/a> ili nas pozovite na +386 (0)1 6006 274.[\/vc_cta][vc_column_text css=&#8221;.vc_custom_1563019971426{padding-top: 20px !important;}&#8221;]<\/p>\n<h2>Dokumentacija za otvaranje filijale u Sloveniji<\/h2>\n<p><strong>Otvaranje filijale u Sloveniji &#8211; potrebna dokumentacija:<\/strong><\/p>\n<ul>\n<li>Izvod iz registra mati\u010dnog preduze\u0107a, koji nije stariji od 3 meseca, overen prema propisima Zakona o verifikaciji dokumenata i sa slu\u017ebenim prevodom na slovena\u010dki jezik. Ako u va\u0161oj zemlji nema sudskog tuma\u010da za slovena\u010dki jezik, mo\u017eete prevod naru\u010diti kod nas.<\/li>\n<li>Finansijski izve\u0161taj za zadnju poslovnu godinu sa overenim potpisom zastupnika mati\u010dnog preduze\u0107a (tako\u0111e se zahteva dodatna overa dokumenta ili apostille pe\u010dat ako je zemlja potpisnica Haa\u0161ke konvencije) i slu\u017ebenim prevodom na slovena\u010dki jezik.<\/li>\n<li>Podatki o bankovnom ra\u010dunu mati\u010dnog preduze\u0107a.<\/li>\n<li>Kopija li\u010dnog dokumenta (*paso\u0161a za gra\u0111ane zemalja koje nisu \u010dlanice EU) zastupnika filijale.<\/li>\n<li>Osniva\u010dki akt mati\u010dnog preduze\u0107a, overen prema propisima i sa slu\u017ebenim prevodom na slovena\u010dki jezik<\/li>\n<\/ul>\n<h2>Otvaranje filijale &#8211; poma\u017eu vam stru\u010dnjaci DATE<\/h2>\n<p><a href=\"https:\/\/data.si\/hr\/o-nama\/\"><strong>Stru\u010dnjaci Date<\/strong><\/a> vam za registraciju filijale u Sloveniji u ime va\u0161eg <strong><a href=\"https:\/\/data.si\/hr\/kompletna-podrska-u-otvaranju-firme\/drustvo-sa-ogranicenom-odgovornoscu\/\">mati\u010dnog preduze\u0107a<\/a><\/strong> pripremaju odluku o registraciji filijale\u00a0u Sloveniji, izjavu zastupnika, ovla\u0161\u0107enje i predlog za upis filijale\u00a0u sudski registar &#8211; dokumente moramo podneti notaru na slovena\u010dkom jeziku, zato jih morate po potrebi prvo prevesti u va\u0161 jezik. Dokumente potpisuje\u00a0zastupnik mati\u010dnog preduze\u0107a i overava prema\u00a0propisima, a sudski tuma\u010d dokumente prevede na slovena\u010dki jezik.<\/p>\n<p>Filijala\u00a0je registrovana odlukom suda, koju primite na va\u0161u elektronsku adresu. Nakon dono\u0161enja odluke suda o registraciji mora filijala\u00a0na vreme javiti Poreskoj upravi Republike Slovenije (FURS) podatke o o\u010dekivanim prihodima i rashodima u teku\u0107oj godini i otvoriti poslovni bankovni ra\u010dun.<\/p>\n<p>U Dati mo\u017eemo za vas sve pripremiti i registrovati filijalu. Tako\u0111e vam mo\u017eemo ponuditi i uslugu poslovne adrese, kao i uslugu\u00a0<a href=\"https:\/\/data.si\/hr\/knjigovodstvene-usluge\/\">knjigovodstva<\/a>.\u00a0Na\u0161a\u00a0<a title=\"Pravno savjetovanje u Sloveniji\" href=\"https:\/\/data.si\/hr\/pravno-savjetovanje\/\">pravna slu\u017eba<\/a>\u00a0savetova\u0107e vas o svim neophodnim uslovima za obavljanje va\u0161e delatnosti.[\/vc_column_text][\/vc_column][vc_column width=&#8221;1\/3&#8243;]<div class=\"porto-testimonial wpb_content_element   wpb_custom_4760b66c0cbf51ec9a7673f3785bca75\"><div class=\"testimonial testimonial-style-3\"><blockquote><p>\n<p style=\"line-height: 1.8;\">Besplatno se posavetujte sa nama.<br \/>\n<!-- <i class=\"fa fa-skype\"><\/i> Skype: <a href=\"skype:svetlana.lukic20?call\">svetlana.lukic20<\/a> --><br \/>\n<i class=\"fa fa-phone\"><\/i> Telefon: <a style=\"color: #ffffff;\" href=\"tel:+38616006274\">+386 1 6006 274<\/a><br \/>\n<i class=\"fa fa-phone\"><\/i> Viber: <a style=\"color: #ffffff;\" href=\"viber:\/\/contact?number=38664173023\">+386 64 173 023<\/a><br \/>\n<i class=\"fa fa-envelope\"><\/i> <a style=\"color: #ffffff;\" href=\"mailto:data@data.si\">data@data.si<\/a><\/p>\n<p><\/p><\/blockquote><div class=\"testimonial-arrow-down\"><\/div><div class=\"testimonial-author\"><p><strong><\/strong><span><\/span><\/p><\/div><\/div><\/div>[vc_column_text]<div class=\"frm_forms  with_frm_style frm_style_formidable-style-2\" id=\"frm_form_3_container\" data-token=\"71efd1d4e636a212096f4d5f6b753188\">\n<form enctype=\"multipart\/form-data\" method=\"post\" class=\"frm-show-form  frm_pro_form \" id=\"form_kontakt\" data-token=\"71efd1d4e636a212096f4d5f6b753188\">\n<div class=\"frm_form_fields \">\n<fieldset>\n<div class=\"frm_fields_container\">\n<input type=\"hidden\" name=\"frm_action\" value=\"create\" \/>\n<input type=\"hidden\" name=\"form_id\" value=\"3\" \/>\n<input type=\"hidden\" name=\"frm_hide_fields_3\" id=\"frm_hide_fields_3\" value=\"\" \/>\n<input type=\"hidden\" name=\"form_key\" value=\"kontakt\" \/>\n<input type=\"hidden\" name=\"item_meta[0]\" value=\"\" \/>\n<input type=\"hidden\" id=\"frm_submit_entry_3\" name=\"frm_submit_entry_3\" value=\"bbc79e3274\" \/><input type=\"hidden\" name=\"_wp_http_referer\" value=\"\/hr\/wp-json\/wp\/v2\/pages\/2560\" \/><div id=\"frm_field_77_container\" class=\"frm_form_field form-field  frm_required_field frm_top_container\">\r\n    <label for=\"field_kmmo3\" id=\"field_kmmo3_label\" class=\"frm_primary_label\">Ime i prezime:\r\n        <span class=\"frm_required\" aria-hidden=\"true\">*<\/span>\r\n    <\/label>\r\n    <input  type=\"text\" id=\"field_kmmo3\" name=\"item_meta[77]\" value=\"\"  data-reqmsg=\"Ovo polje ne smije biti prazno.\" aria-required=\"true\" data-invmsg=\"Text is invalid\" aria-invalid=\"false\"   \/>\r\n    \r\n    \r\n<\/div>\n<div id=\"frm_field_78_container\" class=\"frm_form_field form-field  frm_required_field frm_top_container\">\r\n    <label for=\"field_qhfth\" id=\"field_qhfth_label\" class=\"frm_primary_label\">Email\r\n        <span class=\"frm_required\" aria-hidden=\"true\">*<\/span>\r\n    <\/label>\r\n    <input type=\"email\" id=\"field_qhfth\" name=\"item_meta[78]\" value=\"\"  data-reqmsg=\"Ovo polje ne smije biti prazno.\" aria-required=\"true\" data-invmsg=\"Unesite valjanu adresu e-po\u0161te.\" aria-invalid=\"false\"  \/>\r\n    \r\n    \r\n<\/div>\n<div id=\"frm_field_84_container\" class=\"frm_form_field form-field  frm_top_container\">\r\n    <label for=\"field_d18kv\" id=\"field_d18kv_label\" class=\"frm_primary_label\">Telefon\r\n        <span class=\"frm_required\" aria-hidden=\"true\"><\/span>\r\n    <\/label>\r\n    <input  type=\"text\" id=\"field_d18kv\" name=\"item_meta[84]\" value=\"\"  data-invmsg=\"Text is invalid\" aria-invalid=\"false\"   \/>\r\n    \r\n    \r\n<\/div>\n<div id=\"frm_field_80_container\" class=\"frm_form_field form-field  frm_required_field frm_top_container frm_full\">\r\n    <label for=\"field_fci8f\" id=\"field_fci8f_label\" class=\"frm_primary_label\">Va\u0161a poruka\r\n        <span class=\"frm_required\" aria-hidden=\"true\">*<\/span>\r\n    <\/label>\r\n    <textarea name=\"item_meta[80]\" id=\"field_fci8f\" rows=\"5\"  data-reqmsg=\"Ovo polje ne mo\u017ee biti prazno.\" aria-required=\"true\" data-invmsg=\"Tekst je neva\u017ee\u0107i.\" aria-invalid=\"false\"  ><\/textarea>\r\n    \r\n    \r\n<\/div>\n<div id=\"frm_field_81_container\" class=\"frm_form_field form-field  frm_required_field frm_top_container vertical_radio\">\r\n    <div  id=\"field_pubtb_label\" class=\"frm_primary_label\">Potvrdite:\r\n        <span class=\"frm_required\" aria-hidden=\"true\">*<\/span>\r\n    <\/div>\r\n    <div class=\"frm_opt_container\" aria-labelledby=\"field_pubtb_label\" role=\"group\">\t\t<div class=\"frm_checkbox\" id=\"frm_checkbox_81-0\">\t\t\t<label  for=\"field_pubtb-0\">\n\t\t\t<input type=\"checkbox\" name=\"item_meta[81][]\" id=\"field_pubtb-0\" value=\"Sa klikom na dugme &#039;Po\u0161aljite poruku&#039; se sla\u017eem, da DATA d.o.o. poslate li\u010dne podatke sakuplja i obra\u0111uje za namere izvo\u0111enja naru\u010denih usluga.\"  data-reqmsg=\"Potvrdite: cannot be blank.\" data-invmsg=\"Potvrdite: is invalid\" aria-invalid=\"false\"   aria-required=\"true\"  \/> Sa klikom na dugme 'Po\u0161aljite poruku' se sla\u017eem, da DATA d.o.o. poslate li\u010dne podatke sakuplja i obra\u0111uje za namere izvo\u0111enja naru\u010denih usluga.<\/label><\/div>\n<\/div>\r\n    \r\n    \r\n<\/div>\n<div id=\"frm_field_83_container\" class=\"frm_form_field form-field  frm_top_container vertical_radio\">\r\n    <div  id=\"field_3dynv_label\" class=\"frm_primary_label\">E-novosti\r\n        <span class=\"frm_required\" aria-hidden=\"true\"><\/span>\r\n    <\/div>\r\n    <div class=\"frm_opt_container\" aria-labelledby=\"field_3dynv_label\" role=\"group\">\t\t<div class=\"frm_checkbox\" id=\"frm_checkbox_83-0\">\t\t\t<label  for=\"field_3dynv-0\">\n\t\t\t<input type=\"checkbox\" name=\"item_meta[83][]\" id=\"field_3dynv-0\" value=\"Sa klikom na dugme &#039;Po\u0161aljite poruku&#039; se sla\u017eem, da DATA d.o.o. poslate li\u010dne podatke sakuplja i obra\u0111uje za namere slanja e-novosti.\"  data-invmsg=\"E-novosti is invalid\" aria-invalid=\"false\"   \/> Sa klikom na dugme 'Po\u0161aljite poruku' se sla\u017eem, da DATA d.o.o. poslate li\u010dne podatke sakuplja i obra\u0111uje za namere slanja e-novosti.<\/label><\/div>\n<\/div>\r\n    \r\n    \r\n<\/div>\n<input type=\"hidden\" name=\"item_meta[82]\" id=\"field_damsk\" value=\"2560Otvaranje filijale u Sloveniji\"  data-frmval=\"2560Otvaranje filijale u Sloveniji\"   \/>\n<div id=\"frm_field_106_container\" class=\"frm_form_field form-field \">\r\n\t<div class=\"frm_submit\">\r\n\r\n<button class=\"frm_button_submit frm_final_submit\" type=\"submit\"   formnovalidate=\"formnovalidate\">Po\u0161alji poruku<\/button>\r\n\r\n\r\n<\/div>\r\n<\/div>\n\t<input type=\"hidden\" name=\"item_key\" value=\"\" \/>\n\t\t\t<div id=\"frm_field_302_container\">\n\t\t\t<label for=\"field_u9afp\" >\n\t\t\t\tIf you are human, leave this field blank.\t\t\t<\/label>\n\t\t\t<input  id=\"field_u9afp\" type=\"text\" class=\"frm_form_field form-field frm_verify\" name=\"item_meta[302]\" value=\"\"  \/>\n\t\t<\/div>\n\t\t<input name=\"frm_state\" type=\"hidden\" value=\"9Sv5Evlzc5T908IhcfV9rb+14JQpVYscpWEQ+qnI0q4nE3RtyDi+ZSIibD7yYb\/a\" \/><\/div>\n<\/fieldset>\n<\/div>\n\n<p style=\"display: none !important;\" class=\"akismet-fields-container\" data-prefix=\"ak_\"><label>&#916;<textarea name=\"ak_hp_textarea\" cols=\"45\" rows=\"8\" maxlength=\"100\"><\/textarea><\/label><input type=\"hidden\" id=\"ak_js_1\" name=\"ak_js\" value=\"170\"\/><script>document.getElementById( \"ak_js_1\" ).setAttribute( \"value\", ( new Date() ).getTime() );<\/script><\/p><\/form>\n<\/div>\n[\/vc_column_text][\/vc_column][\/vc_row]<\/p>\n<\/div>","protected":false},"excerpt":{"rendered":"<p>[vc_row][vc_column width=&#8221;2\/3&#8243;][vc_column_text] Otvaranje filijale u Sloveniji &#8211; odli\u010dna prilika za \u0161irenje biznisa u EU Otvaranje filijale u Sloveniji je odli\u010dna mogu\u0107nost za \u0161irenje va\u0161eg ve\u0107 postoje\u0107eg poslovanja. Pre\u00a0otvaranja filijale u Sloveniji\u00a0potrebno je da strano preduze\u0107e kao i budu\u0107i zastupnici\u00a0filijale dobiju\u00a0slovena\u010dki poreski broj. Za otvaranje filijale u Sloveniji nije vam potreban osnovni kapital. Zastupnik mati\u010dnog preduze\u0107a [&hellip;]<\/p>\n","protected":false},"author":1,"featured_media":0,"parent":0,"menu_order":0,"comment_status":"closed","ping_status":"closed","template":"","meta":{"footnotes":""},"yst_prominent_words":[511,515,504,530,317,526,507,502,318,310,315,312,538,320,311,309,238,536,519,512],"class_list":["post-2560","page","type-page","status-publish","hentry"],"_links":{"self":[{"href":"https:\/\/data.si\/hr\/wp-json\/wp\/v2\/pages\/2560","targetHints":{"allow":["GET"]}}],"collection":[{"href":"https:\/\/data.si\/hr\/wp-json\/wp\/v2\/pages"}],"about":[{"href":"https:\/\/data.si\/hr\/wp-json\/wp\/v2\/types\/page"}],"author":[{"embeddable":true,"href":"https:\/\/data.si\/hr\/wp-json\/wp\/v2\/users\/1"}],"replies":[{"embeddable":true,"href":"https:\/\/data.si\/hr\/wp-json\/wp\/v2\/comments?post=2560"}],"version-history":[{"count":52,"href":"https:\/\/data.si\/hr\/wp-json\/wp\/v2\/pages\/2560\/revisions"}],"predecessor-version":[{"id":21343,"href":"https:\/\/data.si\/hr\/wp-json\/wp\/v2\/pages\/2560\/revisions\/21343"}],"wp:attachment":[{"href":"https:\/\/data.si\/hr\/wp-json\/wp\/v2\/media?parent=2560"}],"wp:term":[{"taxonomy":"yst_prominent_words","embeddable":true,"href":"https:\/\/data.si\/hr\/wp-json\/wp\/v2\/yst_prominent_words?post=2560"}],"curies":[{"name":"wp","href":"https:\/\/api.w.org\/{rel}","templated":true}]}}