{"id":1931,"date":"2016-11-25T10:47:53","date_gmt":"2016-11-25T09:47:53","guid":{"rendered":"http:\/\/data.si\/hr\/?page_id=1931"},"modified":"2017-12-12T08:27:22","modified_gmt":"2017-12-12T07:27:22","slug":"pravno-obavestenje","status":"publish","type":"page","link":"https:\/\/data.si\/hr\/pravno-obavestenje\/","title":{"rendered":"Pravno obave\u0161tenje"},"content":{"rendered":"<p>Celokupan sadr\u017eaj objavljen na\u00a0 internetnim stranicama kompanije Data d.o.o. je za\u0161ti\u0107en autorskim radom Date d.o.o. i\/ ili njihovih ugovornih strana u skladu sa odredbama Zakona o autorskim i srodnim pravima ( ZASP Ur.l. RS, br. 16 \/07, 68\/08 i 110\/03). Zabranjena je reprodukcija, distribucija, modifikacija, javno prikazivanje i ostali oblici eksploatacije autorskog rada bez prethodne pismene saglasnosti kompanije Data d.o.o.<\/p>\n<p>Uz dozvolu kompanije Data d.o.o. mogu\u0107e je dokumente objavljene na internetnim stranicama Date d.o.o. \u010duvati, reklamirati, reprodukovati ili na drugi na\u010din distrribuisati samo u nekomercijalne svrhe i u skladu sa odredbama ZASP, zadr\u017eavajuc\u0301i sva navedena upozorenja o autorskim pravima i drugim pravima (kao izvor podataka mora biti vidljivo ozna\u010dena Data d.o.o., a podaci moraju ostati nepromenjeni).<\/p>\n<p>Data d.o.o. \u0107e odr\u017eavanjem i dizajnom internetnih stranica obezbediti ta\u010dnost, ispravnost i pravovremenost objavljenog sadr\u017eaja, ali ne garantuje i ne prihvata odgovornost za ta\u010dnost i celovitost kao i za \u0161tetu nastalu upotrebom ove internetne stranice ili njenog sadr\u017eaja.<\/p>\n<p>Svi korisnici upotrebljavaju objavljeni sadr\u017eaj na sopstvenu odgovornost. Data d.o.o. zadr\u017eava pravo da izmeni, doda ili ukloni internetnu stranicu (u celosti ili delimi\u010dno) bez prethodnog upozorenja.<\/p>\n<p>Data d.o.o. je posvec\u0301ena za\u0161titi poverljivosti li\u010dnih podataka korisnika prikupljenih na internetnoj stranici <a href=\"https:\/\/data.si\">www.data.si<\/a>, a u skladu sa odredbama Zakona o za\u0161titi li\u010dnih podataka (ZVOP-1-UPB1 Ur.l.RS, br. 94\/07).<\/p>\n","protected":false},"excerpt":{"rendered":"<p>Celokupan sadr\u017eaj objavljen na\u00a0 internetnim stranicama kompanije Data d.o.o. je za\u0161ti\u0107en autorskim radom Date d.o.o. i\/ ili njihovih ugovornih strana u skladu sa odredbama Zakona o autorskim i srodnim pravima ( ZASP Ur.l. RS, br. 16 \/07, 68\/08 i 110\/03). Zabranjena je reprodukcija, distribucija, modifikacija, javno prikazivanje i ostali oblici eksploatacije autorskog rada bez prethodne [&hellip;]<\/p>\n","protected":false},"author":1,"featured_media":0,"parent":0,"menu_order":0,"comment_status":"closed","ping_status":"closed","template":"","meta":{"footnotes":""},"yst_prominent_words":[],"class_list":["post-1931","page","type-page","status-publish","hentry"],"_links":{"self":[{"href":"https:\/\/data.si\/hr\/wp-json\/wp\/v2\/pages\/1931","targetHints":{"allow":["GET"]}}],"collection":[{"href":"https:\/\/data.si\/hr\/wp-json\/wp\/v2\/pages"}],"about":[{"href":"https:\/\/data.si\/hr\/wp-json\/wp\/v2\/types\/page"}],"author":[{"embeddable":true,"href":"https:\/\/data.si\/hr\/wp-json\/wp\/v2\/users\/1"}],"replies":[{"embeddable":true,"href":"https:\/\/data.si\/hr\/wp-json\/wp\/v2\/comments?post=1931"}],"version-history":[{"count":0,"href":"https:\/\/data.si\/hr\/wp-json\/wp\/v2\/pages\/1931\/revisions"}],"wp:attachment":[{"href":"https:\/\/data.si\/hr\/wp-json\/wp\/v2\/media?parent=1931"}],"wp:term":[{"taxonomy":"yst_prominent_words","embeddable":true,"href":"https:\/\/data.si\/hr\/wp-json\/wp\/v2\/yst_prominent_words?post=1931"}],"curies":[{"name":"wp","href":"https:\/\/api.w.org\/{rel}","templated":true}]}}