{"id":15,"date":"2016-03-07T13:00:14","date_gmt":"2016-03-07T12:00:14","guid":{"rendered":"http:\/\/data.si\/hr\/?page_id=15"},"modified":"2024-12-11T10:39:07","modified_gmt":"2024-12-11T09:39:07","slug":"poslovna-adresa","status":"publish","type":"page","link":"https:\/\/data.si\/hr\/poslovna-adresa\/","title":{"rendered":"Poslovna adresa u Sloveniji"},"content":{"rendered":"<div class=\"wpb-content-wrapper\"><p>[vc_row][vc_column width=&#8221;2\/3&#8243;][vc_column_text]<\/p>\n<h2>Virtualna kancelarija u Sloveniji<\/h2>\n<p><strong>Samo za vas &#8211; poslovna adresa va\u0161eg preduze\u0107a, kancelarijske i administrativne usluge<\/strong><\/p>\n<p>Uz glavnu saobra\u0107ajnicu, u glavnom gradu Slovenije, u Ljubljani <a title=\"Agencija Data na Google Maps\" href=\"https:\/\/www.google.si\/maps\/place\/Dunajska+cesta+136,+1000+Ljubljana\/@46.0791276,14.5106999,17z\/data=!3m1!4b1!4m5!3m4!1s0x476532e9c8cb6207:0x9d4b29aca4657802!8m2!3d46.0791276!4d14.5128886?hl=en\" target=\"_blank\" rel=\"noopener noreferrer\">na Dunajski cesti<\/a>, na jednoj izme\u0111u najpo\u017eeljnijih poslovnih lokacija, preduzetnicima nudimo poslovnu adresu i usluge virtuelne kancelarije.<\/p>\n<p>U na\u0161oj moderno opremljenoj poslovnoj zgradi sa parkingom mogu preduzetnici <strong><a href=\"https:\/\/data.si\/srb\/poslovna-adresa-u-sloveniji\/\">iznajmiti poslovnu adresu<\/a><\/strong> i s tim prate\u0107e usluge. Svaki dan vas obave\u0161tavamo o dospeloj po\u0161ti, prosle\u0111ujemo na va\u0161u e-mail adresu ili drugu izabranu adresu, primamo i prosle\u0111ujemo telefonske pozive i faks i obavljamo druge kancelarijske i administrativne usluge.<\/p>\n<p>Garantujemo vam ljubazno odgovaranje na telefonske pozive, brzo prosle\u0111ivanje po\u0161te i profesionalan pristup va\u0161im poslovnim partnerima.<\/p>\n<h3>Usluge kori\u0161\u0107enja virtualne kancelarije i\u00a0poslovna adresa<\/h3>\n<h4>Usluga 1: Poslovna adresa i prosle\u0111ivanje po\u0161te na e- mail (skeniranje)<\/h4>\n<p>Cijena : 65 EUR + PDV\/mese\u010dno i 15 EUR + PDV + 0,50 EUR po skeniranoj stranici\/mese\u010dno<\/p>\n<h4>Usluga 2: Poslovna adresa i prosle\u0111ivanje po\u0161te na adresu<\/h4>\n<p>Cijena: 65 EUR + PDV + 0,50 EUR po preposlanoj omotnici + tro\u0161kovi slanja po\u0161te prema cjeniku Po\u0161te Slovenije\/mjese\u010dno<\/p>\n<h4>Usluga 3: Primanje i prosle\u0111ivanje telefonskih poziva<\/h4>\n<p>Cijena po dogovoru.<\/p>\n<h4>Usluga 4: Poslovna adresa, te primanje i slanje faksa<\/h4>\n<p>Cijena: 65 EUR + PDV + 0,50 EUR po preposlanoj omotnici ili skeniranoj stranici (po \u017eelji) + tro\u0161kovi slanja po\u0161te prema cjeniku Po\u0161te Slovenije.<\/p>\n<p>Ako vas interesuje poslovna adresa i ostale <strong><a title=\"Usluge firme DATA d.o.o.\" href=\"https:\/\/data.si\/hr\/usluge\/\">na\u0161e usluge<\/a>\u00a0<\/strong>pi\u0161ite nam na mail <a href=\"mailto:data@data.si\">data@data.si<\/a> ili nas nazovite na tel. broj +386 (0)1 6006 274 ili Viber: +386 (0)1 6006 274 da bismo se dogovorili o na\u010dinu saradnje.[\/vc_column_text][vc_cta h2=&#8221;Koristite na\u0161u poslovnu adresu na uglednoj lokaciji u Ljubljani.&#8221; style=&#8221;3d&#8221; color=&#8221;orange&#8221; add_button=&#8221;bottom&#8221; btn_title=&#8221;Imate pitanje? Kontaktirajte nas!&#8221; btn_color=&#8221;primary&#8221; btn_i_icon_fontawesome=&#8221;fa fa-arrow-right&#8221; btn_skin=&#8221;primary&#8221; btn_link=&#8221;url:https%3A%2F%2Fdata.si%2Fhr%2Fkontakt%2F|||&#8221; btn_add_icon=&#8221;true&#8221; btn_custom_onclick=&#8221;true&#8221; el_class=&#8221;balkan-cta&#8221;]Klijentima knjigovodstvenog servisa nudimo poslovnu adresu. Ako \u017eelite ponudu pi\u0161ite nam na\u00a0<a href=\"mailto:data@data.si\">data@data.si<\/a> ili nas nazovite na +386 1 6006 274.[\/vc_cta][\/vc_column][vc_column width=&#8221;1\/3&#8243;][vc_column_text]<div class=\"frm_forms  with_frm_style frm_style_formidable-style-2\" id=\"frm_form_3_container\" data-token=\"11ffa7d7f80a022e6ec00cea19e161d0\">\n<form enctype=\"multipart\/form-data\" method=\"post\" class=\"frm-show-form  frm_pro_form \" id=\"form_kontakt\" data-token=\"11ffa7d7f80a022e6ec00cea19e161d0\">\n<div class=\"frm_form_fields \">\n<fieldset>\n<div class=\"frm_fields_container\">\n<input type=\"hidden\" name=\"frm_action\" value=\"create\" \/>\n<input type=\"hidden\" name=\"form_id\" value=\"3\" \/>\n<input type=\"hidden\" name=\"frm_hide_fields_3\" id=\"frm_hide_fields_3\" value=\"\" \/>\n<input type=\"hidden\" name=\"form_key\" value=\"kontakt\" \/>\n<input type=\"hidden\" name=\"item_meta[0]\" value=\"\" \/>\n<input type=\"hidden\" id=\"frm_submit_entry_3\" name=\"frm_submit_entry_3\" value=\"58c27bff26\" \/><input type=\"hidden\" name=\"_wp_http_referer\" value=\"\/hr\/wp-json\/wp\/v2\/pages\/15\" \/><div id=\"frm_field_77_container\" class=\"frm_form_field form-field  frm_required_field frm_top_container\">\r\n    <label for=\"field_kmmo3\" id=\"field_kmmo3_label\" class=\"frm_primary_label\">Ime i prezime:\r\n        <span class=\"frm_required\" aria-hidden=\"true\">*<\/span>\r\n    <\/label>\r\n    <input  type=\"text\" id=\"field_kmmo3\" name=\"item_meta[77]\" value=\"\"  data-reqmsg=\"Ovo polje ne smije biti prazno.\" aria-required=\"true\" data-invmsg=\"Text is invalid\" aria-invalid=\"false\"   \/>\r\n    \r\n    \r\n<\/div>\n<div id=\"frm_field_78_container\" class=\"frm_form_field form-field  frm_required_field frm_top_container\">\r\n    <label for=\"field_qhfth\" id=\"field_qhfth_label\" class=\"frm_primary_label\">Email\r\n        <span class=\"frm_required\" aria-hidden=\"true\">*<\/span>\r\n    <\/label>\r\n    <input type=\"email\" id=\"field_qhfth\" name=\"item_meta[78]\" value=\"\"  data-reqmsg=\"Ovo polje ne smije biti prazno.\" aria-required=\"true\" data-invmsg=\"Unesite valjanu adresu e-po\u0161te.\" aria-invalid=\"false\"  \/>\r\n    \r\n    \r\n<\/div>\n<div id=\"frm_field_84_container\" class=\"frm_form_field form-field  frm_top_container\">\r\n    <label for=\"field_d18kv\" id=\"field_d18kv_label\" class=\"frm_primary_label\">Telefon\r\n        <span class=\"frm_required\" aria-hidden=\"true\"><\/span>\r\n    <\/label>\r\n    <input  type=\"text\" id=\"field_d18kv\" name=\"item_meta[84]\" value=\"\"  data-invmsg=\"Text is invalid\" aria-invalid=\"false\"   \/>\r\n    \r\n    \r\n<\/div>\n<div id=\"frm_field_80_container\" class=\"frm_form_field form-field  frm_required_field frm_top_container frm_full\">\r\n    <label for=\"field_fci8f\" id=\"field_fci8f_label\" class=\"frm_primary_label\">Va\u0161a poruka\r\n        <span class=\"frm_required\" aria-hidden=\"true\">*<\/span>\r\n    <\/label>\r\n    <textarea name=\"item_meta[80]\" id=\"field_fci8f\" rows=\"5\"  data-reqmsg=\"Ovo polje ne mo\u017ee biti prazno.\" aria-required=\"true\" data-invmsg=\"Tekst je neva\u017ee\u0107i.\" aria-invalid=\"false\"  ><\/textarea>\r\n    \r\n    \r\n<\/div>\n<div id=\"frm_field_81_container\" class=\"frm_form_field form-field  frm_required_field frm_top_container vertical_radio\">\r\n    <div  id=\"field_pubtb_label\" class=\"frm_primary_label\">Potvrdite:\r\n        <span class=\"frm_required\" aria-hidden=\"true\">*<\/span>\r\n    <\/div>\r\n    <div class=\"frm_opt_container\" aria-labelledby=\"field_pubtb_label\" role=\"group\">\t\t<div class=\"frm_checkbox\" id=\"frm_checkbox_81-0\">\t\t\t<label  for=\"field_pubtb-0\">\n\t\t\t<input type=\"checkbox\" name=\"item_meta[81][]\" id=\"field_pubtb-0\" value=\"Sa klikom na dugme &#039;Po\u0161aljite poruku&#039; se sla\u017eem, da DATA d.o.o. poslate li\u010dne podatke sakuplja i obra\u0111uje za namere izvo\u0111enja naru\u010denih usluga.\"  data-reqmsg=\"Potvrdite: cannot be blank.\" data-invmsg=\"Potvrdite: is invalid\" aria-invalid=\"false\"   aria-required=\"true\"  \/> Sa klikom na dugme 'Po\u0161aljite poruku' se sla\u017eem, da DATA d.o.o. poslate li\u010dne podatke sakuplja i obra\u0111uje za namere izvo\u0111enja naru\u010denih usluga.<\/label><\/div>\n<\/div>\r\n    \r\n    \r\n<\/div>\n<div id=\"frm_field_83_container\" class=\"frm_form_field form-field  frm_top_container vertical_radio\">\r\n    <div  id=\"field_3dynv_label\" class=\"frm_primary_label\">E-novosti\r\n        <span class=\"frm_required\" aria-hidden=\"true\"><\/span>\r\n    <\/div>\r\n    <div class=\"frm_opt_container\" aria-labelledby=\"field_3dynv_label\" role=\"group\">\t\t<div class=\"frm_checkbox\" id=\"frm_checkbox_83-0\">\t\t\t<label  for=\"field_3dynv-0\">\n\t\t\t<input type=\"checkbox\" name=\"item_meta[83][]\" id=\"field_3dynv-0\" value=\"Sa klikom na dugme &#039;Po\u0161aljite poruku&#039; se sla\u017eem, da DATA d.o.o. poslate li\u010dne podatke sakuplja i obra\u0111uje za namere slanja e-novosti.\"  data-invmsg=\"E-novosti is invalid\" aria-invalid=\"false\"   \/> Sa klikom na dugme 'Po\u0161aljite poruku' se sla\u017eem, da DATA d.o.o. poslate li\u010dne podatke sakuplja i obra\u0111uje za namere slanja e-novosti.<\/label><\/div>\n<\/div>\r\n    \r\n    \r\n<\/div>\n<input type=\"hidden\" name=\"item_meta[82]\" id=\"field_damsk\" value=\"15Poslovna adresa u Sloveniji\"  data-frmval=\"15Poslovna adresa u Sloveniji\"   \/>\n<div id=\"frm_field_106_container\" class=\"frm_form_field form-field \">\r\n\t<div class=\"frm_submit\">\r\n\r\n<button class=\"frm_button_submit frm_final_submit\" type=\"submit\"   formnovalidate=\"formnovalidate\">Po\u0161alji poruku<\/button>\r\n\r\n\r\n<\/div>\r\n<\/div>\n\t<input type=\"hidden\" name=\"item_key\" value=\"\" \/>\n\t\t\t<div id=\"frm_field_302_container\">\n\t\t\t<label for=\"field_4bhv1\" >\n\t\t\t\tIf you are human, leave this field blank.\t\t\t<\/label>\n\t\t\t<input  id=\"field_4bhv1\" type=\"text\" class=\"frm_form_field form-field frm_verify\" name=\"item_meta[302]\" value=\"\"  \/>\n\t\t<\/div>\n\t\t<input name=\"frm_state\" type=\"hidden\" value=\"9Sv5Evlzc5T908IhcfV9rd4SxkHkg1U5Q1c6hOvAq1WDpLgrq9+Tve6eT9PvRmSe\" \/><\/div>\n<\/fieldset>\n<\/div>\n\n<p style=\"display: none !important;\" class=\"akismet-fields-container\" data-prefix=\"ak_\"><label>&#916;<textarea name=\"ak_hp_textarea\" cols=\"45\" rows=\"8\" maxlength=\"100\"><\/textarea><\/label><input type=\"hidden\" id=\"ak_js_1\" name=\"ak_js\" value=\"90\"\/><script>document.getElementById( \"ak_js_1\" ).setAttribute( \"value\", ( new Date() ).getTime() );<\/script><\/p><\/form>\n<\/div>\n[\/vc_column_text][\/vc_column][\/vc_row]<\/p>\n<\/div>","protected":false},"excerpt":{"rendered":"<p>[vc_row][vc_column width=&#8221;2\/3&#8243;][vc_column_text] Virtualna kancelarija u Sloveniji Samo za vas &#8211; poslovna adresa va\u0161eg preduze\u0107a, kancelarijske i administrativne usluge Uz glavnu saobra\u0107ajnicu, u glavnom gradu Slovenije, u Ljubljani na Dunajski cesti, na jednoj izme\u0111u najpo\u017eeljnijih poslovnih lokacija, preduzetnicima nudimo poslovnu adresu i usluge virtuelne kancelarije. U na\u0161oj moderno opremljenoj poslovnoj zgradi sa parkingom mogu preduzetnici iznajmiti [&hellip;]<\/p>\n","protected":false},"author":1,"featured_media":0,"parent":0,"menu_order":0,"comment_status":"closed","ping_status":"closed","template":"","meta":{"footnotes":""},"yst_prominent_words":[],"class_list":["post-15","page","type-page","status-publish","hentry"],"_links":{"self":[{"href":"https:\/\/data.si\/hr\/wp-json\/wp\/v2\/pages\/15","targetHints":{"allow":["GET"]}}],"collection":[{"href":"https:\/\/data.si\/hr\/wp-json\/wp\/v2\/pages"}],"about":[{"href":"https:\/\/data.si\/hr\/wp-json\/wp\/v2\/types\/page"}],"author":[{"embeddable":true,"href":"https:\/\/data.si\/hr\/wp-json\/wp\/v2\/users\/1"}],"replies":[{"embeddable":true,"href":"https:\/\/data.si\/hr\/wp-json\/wp\/v2\/comments?post=15"}],"version-history":[{"count":42,"href":"https:\/\/data.si\/hr\/wp-json\/wp\/v2\/pages\/15\/revisions"}],"predecessor-version":[{"id":21350,"href":"https:\/\/data.si\/hr\/wp-json\/wp\/v2\/pages\/15\/revisions\/21350"}],"wp:attachment":[{"href":"https:\/\/data.si\/hr\/wp-json\/wp\/v2\/media?parent=15"}],"wp:term":[{"taxonomy":"yst_prominent_words","embeddable":true,"href":"https:\/\/data.si\/hr\/wp-json\/wp\/v2\/yst_prominent_words?post=15"}],"curies":[{"name":"wp","href":"https:\/\/api.w.org\/{rel}","templated":true}]}}