{"id":13,"date":"2016-03-07T12:59:07","date_gmt":"2016-03-07T11:59:07","guid":{"rendered":"http:\/\/data.si\/hr\/?page_id=13"},"modified":"2021-10-18T11:25:59","modified_gmt":"2021-10-18T09:25:59","slug":"zaposljavanje-samozaposljavanje-rad-stranih-drzavljana-u-sloveniji","status":"publish","type":"page","link":"https:\/\/data.si\/hr\/zaposljavanje-samozaposljavanje-rad-stranih-drzavljana-u-sloveniji\/","title":{"rendered":"Zapo\u0161ljavanje, samozapo\u0161ljavanje i rad stranih dr\u017eavljana u Sloveniji"},"content":{"rendered":"<div class=\"wpb-content-wrapper\"><p>[vc_row][vc_column][vc_column_text]<\/p>\n<h2>Rad i poslovanje u Sloveniji<\/h2>\n<p>[\/vc_column_text][\/vc_column][\/vc_row][vc_row][vc_column width=&#8221;2\/3&#8243;][vc_column_text]Mnogi <a href=\"https:\/\/data.si\/hr\/kratak-vodic-za-otvaranje-firme-u-sloveniji\/\">strani preduzetnici<\/a> odlu\u010de ishoditi dozvolu za boravak i rad s namjerom nesmetanog poslovanja, rada i zapo\u0161ljavanja u Sloveniji i izvo\u0111enja radova i usluga na teritoriju Republike Slovenije.<\/p>\n<p><a href=\"https:\/\/data.si\/hr\/kompletna-podrska-u-otvaranju-firme\/\">Strana preduze\u0107a<\/a>\u00a0u procesu \u0161irenja i uspostavljanja poslovanja na teritoriju Republike Slovenije obi\u010dno otvore ogranak mati\u010dnog preduze\u0107a, to je <a href=\"https:\/\/data.si\/hr\/otvaranje-filijale-u-sloveniji\/\">podru\u017enicu<\/a> ili <a href=\"https:\/\/data.si\/hr\/kompletna-podrska-u-otvaranju-firme\/drustvo-sa-ogranicenom-odgovornoscu\/\">dru\u0161tvo s ograni\u010denom odgovorno\u0161\u0107u<\/a> i zatra\u017ee dozvolu za boravak\u00a0 na osnovi prekograni\u010dnog\u00a0 izvo\u0111enje radova i usluga a mnogi strani preduzetnici odlu\u010de se zaposliti u slovenskom preduze\u0107u i u te svrhe i u skladu s ispunjenim uslovima za rad i zapo\u0161ljavanje stranaca u Sloveniji zatra\u017ee dozvolu za boravak i rad stranog zastupnika.<\/p>\n<p>Ukoliko strani zastupnici nemaju namjere zaposliti se u slovenskom preduze\u0107u i obavljati rad du\u017ee od 90 dana u kalendarskoj godini \u00a0imaju u skladu s Zakonom o radu i zapo\u0161ljavanju stranaca u Sloveniji mogu\u0107nost prijave kratkotrajnog rada stranog zastupnika.[\/vc_column_text][\/vc_column][vc_column width=&#8221;1\/3&#8243;]<div class=\"porto-testimonial wpb_content_element   wpb_custom_4760b66c0cbf51ec9a7673f3785bca75\"><div class=\"testimonial testimonial-style-3\"><blockquote><p>\n<p style=\"line-height: 1.8;\">Besplatno se posavetujte sa nama.<br \/>\n<!-- <i class=\"fa fa-skype\"><\/i> Skype: <a href=\"skype:svetlana.lukic20?call\">svetlana.lukic20<\/a> --><br \/>\n<i class=\"fa fa-phone\"><\/i> Telefon: <a style=\"color: #ffffff;\" href=\"tel:+38616001542\">+386 1 6001 542<\/a><br \/>\n<i class=\"fa fa-phone\"><\/i> Viber: <a style=\"color: #ffffff;\" href=\"viber:\/\/contact?number=38630640995\">+386 30 640 995<\/a><br \/>\n<i class=\"fa fa-envelope\"><\/i> <a style=\"color: #ffffff;\" href=\"mailto:data@data.si\">data@data.si<\/a><\/p>\n<p><\/p><\/blockquote><div class=\"testimonial-arrow-down\"><\/div><div class=\"testimonial-author\"><div class=\"testimonial-author-thumbnail\"><img loading=\"lazy\" decoding=\"async\" class=\"img-responsive img-circle\" src=\"https:\/\/data.si\/hr\/wp-content\/uploads\/2016\/04\/03.jpg\" alt=\"Danijela Mitrovi\u0107\" width=\"65\" height=\"65\"><\/div><p><strong>Danijela Mitrovi\u0107<\/strong><span>savetnik stranim klijentima - Data<\/span><\/p><\/div><\/div><\/div>[\/vc_column][\/vc_row][vc_row css=&#8221;.vc_custom_1460714647857{margin-bottom: 20px !important;border-bottom-width: 20px !important;}&#8221;][vc_column][vc_column_text]<\/p>\n<section class=\"call-to-action mb-xl\" style=\"background-color: #f87217; padding-top: 10px; padding-bottom: 10px; text-align: center;\">\n<div class=\"call-to-action-content\" style=\"padding: 20px; color: white;\">\n<h3 style=\"color: white;\"><strong>Zanima vas na\u0161a ponuda?<\/strong><\/h3>\n<h4 style=\"color: white;\">Naru\u010dite ponudu za savetovanje za 80 EUR \/ sat. Pi\u0161ite nam na <a style=\"color: white;\" href=\"mailto:data@data.si\">data@data.si<\/a> ili nas nazovite na <a style=\"color: white;\" href=\"tel:0038616001542\">+386 1 600 15 42<\/a>.<\/h4>\n<\/div>\n<div class=\"call-to-action-btn\" style=\"text-align: center; padding-bottom: 20px;\"><a class=\"btn btn-lg btn-default\" style=\"background-color: #005480; color: white;\" href=\"https:\/\/data.si\/hr\/kontakt\/\">Po\u0161aljite nam poruku<\/a><\/div>\n<\/section>\n<p>[\/vc_column_text][\/vc_column][\/vc_row][vc_row][vc_column width=&#8221;1\/3&#8243;][vc_single_image image=&#8221;560&#8243; img_size=&#8221;medium&#8221; add_caption=&#8221;yes&#8221; style=&#8221;vc_box_shadow&#8221; css_animation=&#8221;left-to-right&#8221;][\/vc_column][vc_column width=&#8221;2\/3&#8243;][vc_column_text]Preduze\u0107ima koja \u017eele zapo\u0161ljavati strance na odre\u0111eno radno mjesto s kontrolom tr\u017ei\u0161ta rada savjetujemo u uslovima zapo\u0161ljavanja, za njih objavimo slobodno radno mjesto, obavimo razgovore s potencialnim kandidatima, spremamo svu potrebnu dokumentaciju i vodimo proces.<\/p>\n<p>U Dati zaposleni dugogodi\u0161nji stru\u010dnjaci \u2013 pravni savjetnici s podru\u010dja privrednog, radnog i migracijskog prava \u2013 nudimo vam brze i korisne odgovore na pitanja i savete i <strong>za vas spremimo svu potrebnu dokumentaciju u procesu dobijanja dozvola za boravak i rad i vodimo postupak<\/strong>. Savjetujemo vam o uslovima za obavljanje usluga i radova na teritoriju Republike Slovenije i Europske unije i uslovima zapo\u0161ljavanja. Tako\u0111e vam predla\u017eemo da posetite na\u0161\u00a0<a href=\"https:\/\/www.facebook.com\/Data-doo-Osnivanje-firme-706699876048920\/\" target=\"_blank\" rel=\"noopener noreferrer\">Facebook<\/a>.[\/vc_column_text][\/vc_column][\/vc_row]<\/p>\n<\/div>","protected":false},"excerpt":{"rendered":"<p>[vc_row][vc_column][vc_column_text] Rad i poslovanje u Sloveniji [\/vc_column_text][\/vc_column][\/vc_row][vc_row][vc_column width=&#8221;2\/3&#8243;][vc_column_text]Mnogi strani preduzetnici odlu\u010de ishoditi dozvolu za boravak i rad s namjerom nesmetanog poslovanja, rada i zapo\u0161ljavanja u Sloveniji i izvo\u0111enja radova i usluga na teritoriju Republike Slovenije. Strana preduze\u0107a\u00a0u procesu \u0161irenja i uspostavljanja poslovanja na teritoriju Republike Slovenije obi\u010dno otvore ogranak mati\u010dnog preduze\u0107a, to je podru\u017enicu ili [&hellip;]<\/p>\n","protected":false},"author":1,"featured_media":0,"parent":0,"menu_order":0,"comment_status":"closed","ping_status":"closed","template":"","meta":{"footnotes":""},"yst_prominent_words":[],"class_list":["post-13","page","type-page","status-publish","hentry"],"_links":{"self":[{"href":"https:\/\/data.si\/hr\/wp-json\/wp\/v2\/pages\/13","targetHints":{"allow":["GET"]}}],"collection":[{"href":"https:\/\/data.si\/hr\/wp-json\/wp\/v2\/pages"}],"about":[{"href":"https:\/\/data.si\/hr\/wp-json\/wp\/v2\/types\/page"}],"author":[{"embeddable":true,"href":"https:\/\/data.si\/hr\/wp-json\/wp\/v2\/users\/1"}],"replies":[{"embeddable":true,"href":"https:\/\/data.si\/hr\/wp-json\/wp\/v2\/comments?post=13"}],"version-history":[{"count":17,"href":"https:\/\/data.si\/hr\/wp-json\/wp\/v2\/pages\/13\/revisions"}],"predecessor-version":[{"id":15148,"href":"https:\/\/data.si\/hr\/wp-json\/wp\/v2\/pages\/13\/revisions\/15148"}],"wp:attachment":[{"href":"https:\/\/data.si\/hr\/wp-json\/wp\/v2\/media?parent=13"}],"wp:term":[{"taxonomy":"yst_prominent_words","embeddable":true,"href":"https:\/\/data.si\/hr\/wp-json\/wp\/v2\/yst_prominent_words?post=13"}],"curies":[{"name":"wp","href":"https:\/\/api.w.org\/{rel}","templated":true}]}}