{"id":11866,"date":"2020-04-20T13:56:26","date_gmt":"2020-04-20T11:56:26","guid":{"rendered":"https:\/\/data.si\/hr\/?page_id=11866"},"modified":"2025-05-27T19:39:18","modified_gmt":"2025-05-27T17:39:18","slug":"prijava-na-webinar-sirenje-poslovanja-na-teritorij-slovenije","status":"publish","type":"page","link":"https:\/\/data.si\/hr\/prijava-na-webinar-sirenje-poslovanja-na-teritorij-slovenije\/","title":{"rendered":"Prijava na webinar: \u0160irenje poslovanja na teritoriju Slovenije"},"content":{"rendered":"<div class=\"frm_forms  with_frm_style frm_style_formidable-style\" id=\"frm_form_4_container\" data-token=\"3b3642fed08a00bc91bc8f24af8b7301\">\n<form enctype=\"multipart\/form-data\" method=\"post\" class=\"frm-show-form  frm_pro_form \" id=\"form_prijava-na-webinar-sirenje-poslovanja-na-teritoriji-slovenije\" data-token=\"3b3642fed08a00bc91bc8f24af8b7301\">\n<div class=\"frm_form_fields \">\n<fieldset>\n<legend class=\"frm_screen_reader\">Prijava na webinar - \u0161irenje poslovanja na teritoriji Slovenije<\/legend>\r\n\r\n<div class=\"frm_description\"><div class=\"form-badge\"><i class=\"fa fa-edit fa-2x\"><\/i><\/div>\n<p style=\"text-align: center;color: #ffffff;font-weight: 600;font-size: 25px\">Prijava na webinar - \u0161irenje poslovanja na teritoriji Slovenije<\/p>\n<p style=\"text-align: center;color: #ffffff;font-weight: 600;font-size: 25px\">\n<\/div>\r\n\r\n<style>\r\n.frm_forms.frm_style_formidable-style.with_frm_style {\r\n\r\nbackground-color: #005480;\r\n  margin-bottom: 16px;\r\n  margin-top: 16px;\r\n  max-width: 100%;\r\n  padding: 20px;\r\n\r\n}\r\n.with_frm_style .frm_top_container .frm_primary_label, .with_frm_style .frm_hidden_container .frm_primary_label, .with_frm_style .frm_pos_top {\r\n\r\n  color: white;\r\n}\r\n\r\nlabel {\r\n  color: white !important;\r\n}\r\n\r\n.frm_style_formidable-style.with_frm_style p.description, .frm_style_formidable-style.with_frm_style div.description, .frm_style_formidable-style.with_frm_style div.frm_description, .frm_style_formidable-style.with_frm_style .frm-show-form > div.frm_description, .frm_style_formidable-style.with_frm_style .frm_error, .frm_style_formidable-style.with_frm_style .frm_pro_max_limit_desc {\r\n  padding: 0;\r\n  font-size: 12px;\r\n  color: #fff;\r\n  font-weight: normal;\r\n  text-align: center;\r\n  font-style: normal;\r\n  max-width: 100%;\r\n}\r\n\r\n.form-badge {\r\n  width: 50px;\r\n  height: 50px;\r\n  background-color: #F87217;\r\n  -webkit-border-radius: 25px;\r\n  -moz-border-radius: 25px;\r\n  border-radius: 25px;\r\n  -moz-box-shadow: 1px 1px 5px #6a6a6a;\r\n  -webkit-box-shadow: 1px 1px 5px #6a6a6a;\r\n  box-shadow: 1px 1px 5px #6a6a6a;\r\n  text-align: center;\r\n  position: absolute;\r\n  left: 50%;\r\n  margin-top: -60px;\r\n  padding: 11px 0px 0px 3px;\r\n}\r\n\r\n\r\n.frm_button_submit.frm_final_submit {\r\n  background-color: #F87217 !important;\r\n  display: block;\r\n  width: 100% !important;\r\n  font-size: 16px !important;\r\n  box-shadow: none !important;\r\n  border: none !important;\r\n  color: white !important;\r\n}\r\n\r\n\r\n\r\n<\/style><div class=\"frm_fields_container\">\n<input type=\"hidden\" name=\"frm_action\" value=\"create\" \/>\n<input type=\"hidden\" name=\"form_id\" value=\"4\" \/>\n<input type=\"hidden\" name=\"frm_hide_fields_4\" id=\"frm_hide_fields_4\" value=\"\" \/>\n<input type=\"hidden\" name=\"form_key\" value=\"prijava-na-webinar-sirenje-poslovanja-na-teritoriji-slovenije\" \/>\n<input type=\"hidden\" name=\"item_meta[0]\" value=\"\" \/>\n<input type=\"hidden\" id=\"frm_submit_entry_4\" name=\"frm_submit_entry_4\" value=\"09816069f2\" \/><input type=\"hidden\" name=\"_wp_http_referer\" value=\"\/hr\/wp-json\/wp\/v2\/pages\/11866\" \/><div id=\"frm_field_85_container\" class=\"frm_form_field form-field  frm_required_field frm_top_container frm12 frm_first\">\r\n    <label for=\"field_qh4icy2\" class=\"frm_primary_label\">Ime i prezime:\r\n        <span class=\"frm_required\">*<\/span>\r\n    <\/label>\r\n    <input  type=\"text\" id=\"field_qh4icy2\" name=\"item_meta[85]\" value=\"\"  data-reqmsg=\"Ime i prezime: cannot be blank.\" aria-required=\"true\" data-invmsg=\"Name is invalid\" aria-invalid=\"false\"   \/>\r\n    \r\n    \r\n<\/div>\n<div id=\"frm_field_87_container\" class=\"frm_form_field form-field  frm_required_field frm_top_container frm_full\">\r\n    <label for=\"field_29yf4d2\" class=\"frm_primary_label\">Email:\r\n        <span class=\"frm_required\">*<\/span>\r\n    <\/label>\r\n    <input type=\"email\" id=\"field_29yf4d2\" name=\"item_meta[87]\" value=\"\"  data-reqmsg=\"Email: cannot be blank.\" aria-required=\"true\" data-invmsg=\"Please enter a valid email address\" aria-invalid=\"false\"  \/>\r\n    \r\n    \r\n<\/div>\n<div id=\"frm_field_88_container\" class=\"frm_form_field form-field  frm_top_container frm_full\">\r\n    <label for=\"field_e6lis62\" class=\"frm_primary_label\">Broj telefona:\r\n        <span class=\"frm_required\"><\/span>\r\n    <\/label>\r\n    <input  type=\"text\" id=\"field_e6lis62\" name=\"item_meta[88]\" value=\"\"  data-invmsg=\"Subject is invalid\" aria-invalid=\"false\"   \/>\r\n    \r\n    \r\n<\/div>\n<div id=\"frm_field_97_container\" class=\"frm_form_field form-field  frm_top_container vertical_radio\">\r\n    <div  id=\"field_tekyj_label\" class=\"frm_primary_label\"> Izaberite jedan datum:\r\n        <span class=\"frm_required\" aria-hidden=\"true\"><\/span>\r\n    <\/div>\r\n    <div class=\"frm_opt_container\" aria-labelledby=\"field_tekyj_label\" role=\"radiogroup\">\t\t<div class=\"frm_radio\" id=\"frm_radio_97-0\">\t\t\t<label  for=\"field_tekyj-0\">\n\t\t\t\t\t<input type=\"radio\" name=\"item_meta[97]\" id=\"field_tekyj-0\" value=\"30.4.2026 10:00 AM\"\n\t\t   data-invmsg=\" Izaberite jedan datum: is invalid\" aria-invalid=\"false\"  \/> 30.4.2026 10:00 AM<\/label><\/div>\n<\/div>\r\n    \r\n    \r\n<\/div>\n<div id=\"frm_field_98_container\" class=\"frm_form_field form-field  frm_required_field frm_top_container vertical_radio\">\r\n    <div  id=\"field_r8exd_label\" class=\"frm_primary_label\">Potvrdite\r\n        <span class=\"frm_required\" aria-hidden=\"true\">*<\/span>\r\n    <\/div>\r\n    <div class=\"frm_opt_container\" aria-labelledby=\"field_r8exd_label\" role=\"group\">\t\t<div class=\"frm_checkbox\" id=\"frm_checkbox_98-0\">\t\t\t<label  for=\"field_r8exd-0\">\n\t\t\t<input type=\"checkbox\" name=\"item_meta[98][]\" id=\"field_r8exd-0\" value=\"Sa klikom na dugme &#039;Po\u0161aljite poruku&#039; se sla\u017eete, da DATA d.o.o. va\u0161e li\u010dne podatke sakuplja i obra\u0111uje za namere izvo\u0111enja naru\u010denih usluga.\"  data-reqmsg=\"Ovo polje ne mo\u017ee biti prazno.\" data-invmsg=\"Potvrdite is invalid\" aria-invalid=\"false\"   aria-required=\"true\"  \/> Sa klikom na dugme 'Po\u0161aljite poruku' se sla\u017eete, da DATA d.o.o. va\u0161e li\u010dne podatke sakuplja i obra\u0111uje za namere izvo\u0111enja naru\u010denih usluga.<\/label><\/div>\n<\/div>\r\n    \r\n    \r\n<\/div>\n<div id=\"frm_field_99_container\" class=\"frm_form_field form-field  frm_top_container vertical_radio\">\r\n    <div  id=\"field_l85nh_label\" class=\"frm_primary_label\">E-novosti\r\n        <span class=\"frm_required\" aria-hidden=\"true\"><\/span>\r\n    <\/div>\r\n    <div class=\"frm_opt_container\" aria-labelledby=\"field_l85nh_label\" role=\"group\">\t\t<div class=\"frm_checkbox\" id=\"frm_checkbox_99-0\">\t\t\t<label  for=\"field_l85nh-0\">\n\t\t\t<input type=\"checkbox\" name=\"item_meta[99][]\" id=\"field_l85nh-0\" value=\"Sa klikom na dugme &#039;Po\u0161aljite poruku&#039; se sla\u017eete, da DATA d.o.o. va\u0161e li\u010dne podatke sakuplja i obra\u0111uje za namere slanja e-novosti.\"  data-invmsg=\"E-novosti is invalid\" aria-invalid=\"false\"   \/> Sa klikom na dugme 'Po\u0161aljite poruku' se sla\u017eete, da DATA d.o.o. va\u0161e li\u010dne podatke sakuplja i obra\u0111uje za namere slanja e-novosti.<\/label><\/div>\n<\/div>\r\n    \r\n    \r\n<\/div>\n<div id=\"frm_field_116_container\" class=\"frm_form_field form-field \">\n\t<div class=\"frm_submit\">\r\n\r\n<button class=\"frm_button_submit frm_final_submit\" type=\"submit\"  formnovalidate=\"formnovalidate\">Po\u0161aljite poruku<\/button>\r\n\r\n<\/div>\n<\/div>\n\t<input type=\"hidden\" name=\"item_key\" value=\"\" \/>\n\t\t\t<div id=\"frm_field_302_container\">\n\t\t\t<label for=\"field_kvrvd\" >\n\t\t\t\tIf you are human, leave this field blank.\t\t\t<\/label>\n\t\t\t<input  id=\"field_kvrvd\" type=\"text\" class=\"frm_form_field form-field frm_verify\" name=\"item_meta[302]\" value=\"\"  \/>\n\t\t<\/div>\n\t\t<input name=\"frm_state\" type=\"hidden\" value=\"HAiW8xUaff++uaQ11ZtEqOOdX8aLOC+aS2rRmlwjwoGrzeToWHDYpcZfMa5FT9DH\" \/><\/div>\n<\/fieldset>\n<\/div>\n\n<p style=\"display: none !important;\" class=\"akismet-fields-container\" data-prefix=\"ak_\"><label>&#916;<textarea name=\"ak_hp_textarea\" cols=\"45\" rows=\"8\" maxlength=\"100\"><\/textarea><\/label><input type=\"hidden\" id=\"ak_js_1\" name=\"ak_js\" value=\"65\"\/><script>document.getElementById( \"ak_js_1\" ).setAttribute( \"value\", ( new Date() ).getTime() );<\/script><\/p><\/form>\n<\/div>\n\n","protected":false},"excerpt":{"rendered":"Prijava na webinar - \u0161irenje poslovanja na teritoriji Slovenije Prijava na webinar - \u0161irenje poslovanja na teritoriji Slovenije Ime i prezime: * Email: * Broj telefona: Izaberite jedan datum: 30.4.2026 10:00 AM Potvrdite * Sa klikom na dugme 'Po\u0161aljite poruku' se sla\u017eete, da DATA d.o.o. va\u0161e li\u010dne podatke sakuplja i obra\u0111uje za namere izvo\u0111enja naru\u010denih [...]","protected":false},"author":13,"featured_media":0,"parent":0,"menu_order":0,"comment_status":"closed","ping_status":"closed","template":"","meta":{"footnotes":""},"yst_prominent_words":[],"class_list":["post-11866","page","type-page","status-publish","hentry"],"_links":{"self":[{"href":"https:\/\/data.si\/hr\/wp-json\/wp\/v2\/pages\/11866","targetHints":{"allow":["GET"]}}],"collection":[{"href":"https:\/\/data.si\/hr\/wp-json\/wp\/v2\/pages"}],"about":[{"href":"https:\/\/data.si\/hr\/wp-json\/wp\/v2\/types\/page"}],"author":[{"embeddable":true,"href":"https:\/\/data.si\/hr\/wp-json\/wp\/v2\/users\/13"}],"replies":[{"embeddable":true,"href":"https:\/\/data.si\/hr\/wp-json\/wp\/v2\/comments?post=11866"}],"version-history":[{"count":173,"href":"https:\/\/data.si\/hr\/wp-json\/wp\/v2\/pages\/11866\/revisions"}],"predecessor-version":[{"id":22141,"href":"https:\/\/data.si\/hr\/wp-json\/wp\/v2\/pages\/11866\/revisions\/22141"}],"wp:attachment":[{"href":"https:\/\/data.si\/hr\/wp-json\/wp\/v2\/media?parent=11866"}],"wp:term":[{"taxonomy":"yst_prominent_words","embeddable":true,"href":"https:\/\/data.si\/hr\/wp-json\/wp\/v2\/yst_prominent_words?post=11866"}],"curies":[{"name":"wp","href":"https:\/\/api.w.org\/{rel}","templated":true}]}}