{"id":1065,"date":"2016-04-15T13:12:59","date_gmt":"2016-04-15T11:12:59","guid":{"rendered":"http:\/\/data.si\/hr\/?page_id=1065"},"modified":"2024-12-11T10:22:25","modified_gmt":"2024-12-11T09:22:25","slug":"usluge","status":"publish","type":"page","link":"https:\/\/data.si\/hr\/usluge\/","title":{"rendered":"Usluge"},"content":{"rendered":"<div class=\"wpb-content-wrapper\"><p>[vc_row][vc_column width=&#8221;2\/3&#8243;][vc_column_text]<\/p>\n<h2>Pod jednim krovom sve usluge za preduzetnike u Sloveniji<\/h2>\n<p>U preduze\u0107u Data jedno smo sa preduzetnicima. Zato smo pod jednim krovom, na jednom mestu sakupili sve usluge potrebne preduze\u0107ima i njihovim vlasnicima za uspe\u0161no poslovanje. Pratili smo filozofiju Sve na jednom mestu i stvorili\u00a0 sveobuhvatnu podr\u0161ku, usluge\u00a0i potpuno okru\u017eenje za preduzetnike. Uz va\u0161e preduze\u0107e \u010dvrsto \u0107emo stati u dobrim i lo\u0161im vremenima, od po\u010detka do prvog uspeha. Obavezali smo se da pomognemo preduzetni\u0161tvu, preduzetnicima, preduze\u0107ima i zato svaki dan nastojimo prona\u0107i pozitivna re\u0161enja.<\/p>\n<p>Kompletna podr\u0161ka i sve usluge\u00a0na jednom mestu od bitnog je zna\u010daja za preduzetnike, koji odlu\u010de svoje poslovanje \u0161iriti u okru\u017eenje u kojem nisu upoznati sa zakonima, jezikom, poslovnom praksom i obi\u010dajima. Uz to da vam poma\u017eemo registrovati preduze\u0107e, spremiti svu dokumentaciju za nesmetano poslovanje preduze\u0107a i boravak zastupnika u Sloveniji, stojimo uz vas u adaptaciji na poslovanje i \u017eivot u Sloveniji.<\/p>\n<p>Na jednom mestu smo okupili sve usluge: \u00a0ra\u010dunovodstvo, pravnu slu\u017ebu, odeljenje za razvoj i tendere i centar za obrazovanje i obuku preduzetnika.<\/p>\n<p>Za vas pratimo zakonske promene u Sloveniji i promene standarda i o njima vas na vreme obave\u0161tavamo. Sa vama i za vas rastemo ve\u0107 25 godina i nastojimo da smo va\u0161a podr\u0161ka, da vam ponudimo sve usluge na jednom mestu\u00a0i da se uvek mo\u017eete osloniti na nas. Kada vam zatreba jedna ku\u0107a za sva re\u0161enja i usluge\u00a0u procesu poslovne migracije, do\u0111ite u preduze\u0107e Data.<\/p>\n<h2><a title=\"Ra\u010dunovodstvo i poresko savetovanje u Sloveniji\" href=\"https:\/\/data.si\/hr\/knjigovodstvene-usluge\/\">Ra\u010dunovodstvo i poresko savetovanje<\/a><\/h2>\n<p>Na\u0161i stru\u010dnjaci za ra\u010dunovodstvo \u0107e vam stru\u010dno pomo\u0107i u vo\u0111enju finansija, a vi se mo\u017eete potpuno posvetiti svom poslu i\u00a0uspostavljanju poslovne mre\u017ee.<\/p>\n<h2><a title=\"Pravno savetovanje u Sloveniji\" href=\"https:\/\/data.si\/hr\/pravno-savjetovanje\/\">Pravno savetovanje s podru\u010dja privrednog, radnog i migracijskog prava i druge pravne usluge<\/a><\/h2>\n<p>U Dati zaposleni dugogodi\u0161nji stru\u010dnjaci \u2013 pravni savjetnici s podru\u010dja privrednog, radnog i\u00a0migracijskog prava, vam pru\u017eaju savete, brze i\u00a0korisne odgovore na pitanja i pravne usluge. Za vas formiraju ugovore o radu, ugovore o me\u0111usobnoj saradnji, ostale vrste ugovora i\u00a0pru\u017eaju druge pravne usluge.<\/p>\n<h2><a title=\"Priprema dokumentacije u procesu zapo\u0161ljavanja u Slovenji\" href=\"https:\/\/data.si\/hr\/savetovanje-priprema-dokumentacije-rad-izvodenje-usluga\/\">Savetovanje i priprema dokumentacije u procesu zapo\u0161ljavanja i izvo\u0111enje radova i usluga u Sloveniji (radne i boravi\u0161ne dozvole)<\/a><\/h2>\n<p>Za vas vodimo postupak i <strong>spremamo svu potrebnu dokumentaciju u procesu dobijanja dozvola za boravak I rad u Sloveniji<\/strong>. Savetujemo vas o uslovima zapo\u0161ljavanja i uslovima za obavljanje usluga I radova na teritoriji Republike Slovenije I Evropske unije.<\/p>\n<h2>Za budu\u0107e preduzetnike koji otvaraju u Sloveniji preduze\u0107a za me\u0111unarodni transport<\/h2>\n<p>Savetujemo vas o uslovima za obavljanje transportne delatnosti, pripremamo vam svu dokumentaciju I vodimo postupak dobijanja licence za me\u0111unarodni transport I za vas podnosimo zahtev za izdavanje tahograf kartica, kartica preduze\u0107a I voza\u010da i pripremamo svu ostalu dokumentaciju.[\/vc_column_text][\/vc_column][vc_column width=&#8221;1\/3&#8243;]<div class=\"porto-testimonial wpb_content_element   wpb_custom_4760b66c0cbf51ec9a7673f3785bca75\"><div class=\"testimonial testimonial-style-3\"><blockquote><p>\n<p style=\"line-height: 1.8;\">Besplatno se posavetujte sa nama.<br \/>\n<!-- <i class=\"fa fa-skype\"><\/i> Skype: <a href=\"skype:svetlana.lukic20?call\">svetlana.lukic20<\/a> --><br \/>\n<i class=\"fa fa-phone\"><\/i> Telefon: <a style=\"color: #ffffff;\" href=\"tel:+38616006274\">+386 1 6006 274<\/a><br \/>\n<i class=\"fa fa-phone\"><\/i> Viber: <a style=\"color: #ffffff;\" href=\"viber:\/\/contact?number=38664173023\">+386 64 173 023<\/a><br \/>\n<i class=\"fa fa-envelope\"><\/i> <a style=\"color: #ffffff;\" href=\"mailto:data@data.si\">data@data.si<\/a><\/p>\n<p><\/p><\/blockquote><div class=\"testimonial-arrow-down\"><\/div><div class=\"testimonial-author\"><p><strong><\/strong><span><\/span><\/p><\/div><\/div><\/div>[vc_column_text]<div class=\"frm_forms  with_frm_style frm_style_formidable-style-2\" id=\"frm_form_3_container\" data-token=\"e192080e89ede0184513cac95d9b1107\">\n<form enctype=\"multipart\/form-data\" method=\"post\" class=\"frm-show-form  frm_pro_form \" id=\"form_kontakt\" data-token=\"e192080e89ede0184513cac95d9b1107\">\n<div class=\"frm_form_fields \">\n<fieldset>\n<div class=\"frm_fields_container\">\n<input type=\"hidden\" name=\"frm_action\" value=\"create\" \/>\n<input type=\"hidden\" name=\"form_id\" value=\"3\" \/>\n<input type=\"hidden\" name=\"frm_hide_fields_3\" id=\"frm_hide_fields_3\" value=\"\" \/>\n<input type=\"hidden\" name=\"form_key\" value=\"kontakt\" \/>\n<input type=\"hidden\" name=\"item_meta[0]\" value=\"\" \/>\n<input type=\"hidden\" id=\"frm_submit_entry_3\" name=\"frm_submit_entry_3\" value=\"253b2e2183\" \/><input type=\"hidden\" name=\"_wp_http_referer\" value=\"\/hr\/wp-json\/wp\/v2\/pages\/1065\" \/><div id=\"frm_field_77_container\" class=\"frm_form_field form-field  frm_required_field frm_top_container\">\r\n    <label for=\"field_kmmo3\" id=\"field_kmmo3_label\" class=\"frm_primary_label\">Ime i prezime:\r\n        <span class=\"frm_required\" aria-hidden=\"true\">*<\/span>\r\n    <\/label>\r\n    <input  type=\"text\" id=\"field_kmmo3\" name=\"item_meta[77]\" value=\"\"  data-reqmsg=\"Ovo polje ne smije biti prazno.\" aria-required=\"true\" data-invmsg=\"Text is invalid\" aria-invalid=\"false\"   \/>\r\n    \r\n    \r\n<\/div>\n<div id=\"frm_field_78_container\" class=\"frm_form_field form-field  frm_required_field frm_top_container\">\r\n    <label for=\"field_qhfth\" id=\"field_qhfth_label\" class=\"frm_primary_label\">Email\r\n        <span class=\"frm_required\" aria-hidden=\"true\">*<\/span>\r\n    <\/label>\r\n    <input type=\"email\" id=\"field_qhfth\" name=\"item_meta[78]\" value=\"\"  data-reqmsg=\"Ovo polje ne smije biti prazno.\" aria-required=\"true\" data-invmsg=\"Unesite valjanu adresu e-po\u0161te.\" aria-invalid=\"false\"  \/>\r\n    \r\n    \r\n<\/div>\n<div id=\"frm_field_84_container\" class=\"frm_form_field form-field  frm_top_container\">\r\n    <label for=\"field_d18kv\" id=\"field_d18kv_label\" class=\"frm_primary_label\">Telefon\r\n        <span class=\"frm_required\" aria-hidden=\"true\"><\/span>\r\n    <\/label>\r\n    <input  type=\"text\" id=\"field_d18kv\" name=\"item_meta[84]\" value=\"\"  data-invmsg=\"Text is invalid\" aria-invalid=\"false\"   \/>\r\n    \r\n    \r\n<\/div>\n<div id=\"frm_field_80_container\" class=\"frm_form_field form-field  frm_required_field frm_top_container frm_full\">\r\n    <label for=\"field_fci8f\" id=\"field_fci8f_label\" class=\"frm_primary_label\">Va\u0161a poruka\r\n        <span class=\"frm_required\" aria-hidden=\"true\">*<\/span>\r\n    <\/label>\r\n    <textarea name=\"item_meta[80]\" id=\"field_fci8f\" rows=\"5\"  data-reqmsg=\"Ovo polje ne mo\u017ee biti prazno.\" aria-required=\"true\" data-invmsg=\"Tekst je neva\u017ee\u0107i.\" aria-invalid=\"false\"  ><\/textarea>\r\n    \r\n    \r\n<\/div>\n<div id=\"frm_field_81_container\" class=\"frm_form_field form-field  frm_required_field frm_top_container vertical_radio\">\r\n    <div  id=\"field_pubtb_label\" class=\"frm_primary_label\">Potvrdite:\r\n        <span class=\"frm_required\" aria-hidden=\"true\">*<\/span>\r\n    <\/div>\r\n    <div class=\"frm_opt_container\" aria-labelledby=\"field_pubtb_label\" role=\"group\">\t\t<div class=\"frm_checkbox\" id=\"frm_checkbox_81-0\">\t\t\t<label  for=\"field_pubtb-0\">\n\t\t\t<input type=\"checkbox\" name=\"item_meta[81][]\" id=\"field_pubtb-0\" value=\"Sa klikom na dugme &#039;Po\u0161aljite poruku&#039; se sla\u017eem, da DATA d.o.o. poslate li\u010dne podatke sakuplja i obra\u0111uje za namere izvo\u0111enja naru\u010denih usluga.\"  data-reqmsg=\"Potvrdite: cannot be blank.\" data-invmsg=\"Potvrdite: is invalid\" aria-invalid=\"false\"   aria-required=\"true\"  \/> Sa klikom na dugme 'Po\u0161aljite poruku' se sla\u017eem, da DATA d.o.o. poslate li\u010dne podatke sakuplja i obra\u0111uje za namere izvo\u0111enja naru\u010denih usluga.<\/label><\/div>\n<\/div>\r\n    \r\n    \r\n<\/div>\n<div id=\"frm_field_83_container\" class=\"frm_form_field form-field  frm_top_container vertical_radio\">\r\n    <div  id=\"field_3dynv_label\" class=\"frm_primary_label\">E-novosti\r\n        <span class=\"frm_required\" aria-hidden=\"true\"><\/span>\r\n    <\/div>\r\n    <div class=\"frm_opt_container\" aria-labelledby=\"field_3dynv_label\" role=\"group\">\t\t<div class=\"frm_checkbox\" id=\"frm_checkbox_83-0\">\t\t\t<label  for=\"field_3dynv-0\">\n\t\t\t<input type=\"checkbox\" name=\"item_meta[83][]\" id=\"field_3dynv-0\" value=\"Sa klikom na dugme &#039;Po\u0161aljite poruku&#039; se sla\u017eem, da DATA d.o.o. poslate li\u010dne podatke sakuplja i obra\u0111uje za namere slanja e-novosti.\"  data-invmsg=\"E-novosti is invalid\" aria-invalid=\"false\"   \/> Sa klikom na dugme 'Po\u0161aljite poruku' se sla\u017eem, da DATA d.o.o. poslate li\u010dne podatke sakuplja i obra\u0111uje za namere slanja e-novosti.<\/label><\/div>\n<\/div>\r\n    \r\n    \r\n<\/div>\n<input type=\"hidden\" name=\"item_meta[82]\" id=\"field_damsk\" value=\"1065Usluge\"  data-frmval=\"1065Usluge\"   \/>\n<div id=\"frm_field_106_container\" class=\"frm_form_field form-field \">\r\n\t<div class=\"frm_submit\">\r\n\r\n<button class=\"frm_button_submit frm_final_submit\" type=\"submit\"   formnovalidate=\"formnovalidate\">Po\u0161alji poruku<\/button>\r\n\r\n\r\n<\/div>\r\n<\/div>\n\t<input type=\"hidden\" name=\"item_key\" value=\"\" \/>\n\t\t\t<div id=\"frm_field_302_container\">\n\t\t\t<label for=\"field_p7zwa\" >\n\t\t\t\tIf you are human, leave this field blank.\t\t\t<\/label>\n\t\t\t<input  id=\"field_p7zwa\" type=\"text\" class=\"frm_form_field form-field frm_verify\" name=\"item_meta[302]\" value=\"\"  \/>\n\t\t<\/div>\n\t\t<input name=\"frm_state\" type=\"hidden\" value=\"9Sv5Evlzc5T908IhcfV9rVpy2M68dx7n2wUQgxT6a8cnE3RtyDi+ZSIibD7yYb\/a\" \/><\/div>\n<\/fieldset>\n<\/div>\n\n<p style=\"display: none !important;\" class=\"akismet-fields-container\" data-prefix=\"ak_\"><label>&#916;<textarea name=\"ak_hp_textarea\" cols=\"45\" rows=\"8\" maxlength=\"100\"><\/textarea><\/label><input type=\"hidden\" id=\"ak_js_1\" name=\"ak_js\" value=\"69\"\/><script>document.getElementById( \"ak_js_1\" ).setAttribute( \"value\", ( new Date() ).getTime() );<\/script><\/p><\/form>\n<\/div>\n[\/vc_column_text][\/vc_column][\/vc_row][vc_row][vc_column][vc_cta h2=&#8221;Na\u0161e usluge&#8221; style=&#8221;3d&#8221; color=&#8221;orange&#8221; add_button=&#8221;bottom&#8221; btn_title=&#8221;Imate pitanje? Kontaktirajte nas!&#8221; btn_color=&#8221;primary&#8221; btn_i_icon_fontawesome=&#8221;fa fa-arrow-right&#8221; btn_skin=&#8221;primary&#8221; btn_link=&#8221;url:https%3A%2F%2Fdata.si%2Fhr%2Fkontakt%2F|||&#8221; btn_add_icon=&#8221;true&#8221; el_class=&#8221;balkan-cta&#8221; css=&#8221;.vc_custom_1604481436693{margin-bottom: 20px !important;}&#8221; btn_custom_onclick=&#8221;true&#8221;]Zaka\u017eite termin za savjetovanje na e-mail <a href=\"mailto:data@data.si\">data@data.si<\/a> ili na telefonski broj 00 386 (0)1 6006 274. Savjetujemo vam osobno, na e-mailu ili po telefonu. Klijentima knjigovodstvenog servisa nudimo 30 % popusta na sva na\u0161a savjetovanja.[\/vc_cta][\/vc_column][\/vc_row]<\/p>\n<\/div>","protected":false},"excerpt":{"rendered":"<p>[vc_row][vc_column width=&#8221;2\/3&#8243;][vc_column_text] Pod jednim krovom sve usluge za preduzetnike u Sloveniji U preduze\u0107u Data jedno smo sa preduzetnicima. Zato smo pod jednim krovom, na jednom mestu sakupili sve usluge potrebne preduze\u0107ima i njihovim vlasnicima za uspe\u0161no poslovanje. Pratili smo filozofiju Sve na jednom mestu i stvorili\u00a0 sveobuhvatnu podr\u0161ku, usluge\u00a0i potpuno okru\u017eenje za preduzetnike. Uz va\u0161e [&hellip;]<\/p>\n","protected":false},"author":1,"featured_media":0,"parent":0,"menu_order":0,"comment_status":"closed","ping_status":"closed","template":"","meta":{"footnotes":""},"yst_prominent_words":[],"class_list":["post-1065","page","type-page","status-publish","hentry"],"_links":{"self":[{"href":"https:\/\/data.si\/hr\/wp-json\/wp\/v2\/pages\/1065","targetHints":{"allow":["GET"]}}],"collection":[{"href":"https:\/\/data.si\/hr\/wp-json\/wp\/v2\/pages"}],"about":[{"href":"https:\/\/data.si\/hr\/wp-json\/wp\/v2\/types\/page"}],"author":[{"embeddable":true,"href":"https:\/\/data.si\/hr\/wp-json\/wp\/v2\/users\/1"}],"replies":[{"embeddable":true,"href":"https:\/\/data.si\/hr\/wp-json\/wp\/v2\/comments?post=1065"}],"version-history":[{"count":51,"href":"https:\/\/data.si\/hr\/wp-json\/wp\/v2\/pages\/1065\/revisions"}],"predecessor-version":[{"id":21344,"href":"https:\/\/data.si\/hr\/wp-json\/wp\/v2\/pages\/1065\/revisions\/21344"}],"wp:attachment":[{"href":"https:\/\/data.si\/hr\/wp-json\/wp\/v2\/media?parent=1065"}],"wp:term":[{"taxonomy":"yst_prominent_words","embeddable":true,"href":"https:\/\/data.si\/hr\/wp-json\/wp\/v2\/yst_prominent_words?post=1065"}],"curies":[{"name":"wp","href":"https:\/\/api.w.org\/{rel}","templated":true}]}}